{"id":21302,"date":"2023-07-28T13:48:37","date_gmt":"2023-07-28T13:48:37","guid":{"rendered":"https:\/\/www.customywear.com\/?post_type=product&#038;p=21302"},"modified":"2026-05-07T15:29:49","modified_gmt":"2026-05-07T15:29:49","slug":"kralice-kraliyet-muhafizlari-gomlegi","status":"publish","type":"product","link":"https:\/\/www.customywear.com\/tr\/queens-royal-guard-shirt\/","title":{"rendered":"Krali\u00e7elerle Dik Durun: \u00d6zel Kraliyet Muhaf\u0131z K\u0131z G\u00f6mle\u011fi \u2013 Ki\u015fiselle\u015ftirilmi\u015f Gen\u00e7lik Ti\u015f\u00f6rt\u00fc"},"content":{"rendered":"<p>K\u00fc\u00e7\u00fck \u00e7ocu\u011funuzu yarat\u0131c\u0131 Gen\u00e7lik K\u0131sa Kollu ve Uzun Kollu Ti\u015f\u00f6rt tasar\u0131m\u0131m\u0131zla g\u00fc\u00e7lendirin. \u00c7ocu\u011funuzun foto\u011fraf\u0131n\u0131 kullanarak, Adobe Illustrator&#039;da b\u00fcy\u00fcleyici bir vekt\u00f6r sanat\u0131 ustal\u0131kla haz\u0131rlay\u0131p, onu gururlu ve g\u00f6rkemli bir Kraliyet Muhaf\u0131z\u0131na d\u00f6n\u00fc\u015ft\u00fcrece\u011fiz. Bu ki\u015fiselle\u015ftirilmi\u015f \u00f6zel ti\u015f\u00f6rt, gen\u00e7ler i\u00e7in m\u00fckemmel bir hediye olup, gard\u0131roplar\u0131na bir mizah ve heyecan dokunu\u015fu katar. DTG bask\u0131m\u0131z, ti\u015f\u00f6rt\u00fc hem yeti\u015fkinler hem de \u00e7ocuklar i\u00e7in uygun hale getirerek y\u00fcksek kaliteli vekt\u00f6r sanat\u0131 sa\u011flar. Gen\u00e7ler, y\u00fcr\u00fcmeye ba\u015flayan \u00e7ocuklar ve yeti\u015fkinler i\u00e7in \u00e7e\u015fitli boyutlarda mevcut olan bu unisex ti\u015f\u00f6rt, insan ve evcil hayvan y\u00fczlerini dahil ederek daha da ki\u015fiselle\u015ftirilebilir ve ger\u00e7ekten benzersiz bir par\u00e7a yarat\u0131labilir. Yarat\u0131c\u0131l\u0131\u011f\u0131 kucaklayan ve gurur ve ne\u015fe duygusunu besleyen Krali\u00e7e Kraliyet Muhaf\u0131z\u0131 K\u0131z Ti\u015f\u00f6rt\u00fcm\u00fczle dik durun ve kraliyet saflar\u0131na kat\u0131l\u0131n. Ayr\u0131nt\u0131lara titizlikle dikkat ederek, ne\u015fe ve de\u011ferli an\u0131lar uyand\u0131ran bir \u00fcr\u00fcn sunmaya kararl\u0131y\u0131z. Herhangi bir sorunuz varsa veya yard\u0131ma ihtiyac\u0131n\u0131z varsa, bizimle ileti\u015fime ge\u00e7mekten \u00e7ekinmeyin. K\u00fc\u00e7\u00fck k\u0131z\u0131n\u0131z\u0131n kendini ger\u00e7ek bir kraliyet \u00fcyesi gibi hissetmesini sa\u011flayacak ki\u015fiselle\u015ftirilmi\u015f bir ti\u015f\u00f6rt yaratmak i\u00e7in buraday\u0131z!<\/p>","protected":false},"excerpt":{"rendered":"<p>\u00d6zel bir Kraliyet Muhaf\u0131z k\u0131z g\u00f6mle\u011fi i\u00e7inde krali\u00e7elerle dik durun. Ki\u015fiselle\u015ftirilmi\u015f gen\u00e7lik ti\u015f\u00f6rtleri, herhangi bir foto\u011fraf\u0131 cesur, t\u00fcr\u00fcn\u00fcn tek \u00f6rne\u011fi bir ti\u015f\u00f6rte d\u00f6n\u00fc\u015ft\u00fcr\u00fcr.<\/p>","protected":false},"featured_media":143053,"comment_status":"open","ping_status":"closed","template":"","meta":{"_acf_changed":false},"product_brand":[],"product_cat":[6193,2999,6412,6428],"product_tag":[6433,6439,64,65,3051,70,156],"class_list":{"0":"post-21302","1":"product","2":"type-product","3":"status-publish","4":"has-post-thumbnail","6":"product_cat-girls-t-shirts","7":"product_cat-custom-gifts-royal-guard","8":"product_cat-photo-to-tees","9":"product_cat-translate-products","10":"product_tag-ai-artwork","11":"product_tag-ai-kids-artwork","12":"product_tag-country_shirts","13":"product_tag-kid","14":"product_tag-london_shirt","15":"product_tag-travel_gift","16":"product_tag-youth-girl","18":"first","19":"instock","20":"taxable","21":"shipping-taxable","22":"purchasable","23":"product-type-simple"},"acf":[],"wcpa_form_fields":null,"_links":{"self":[{"href":"https:\/\/www.customywear.com\/tr\/wp-json\/wp\/v2\/product\/21302","targetHints":{"allow":["GET"]}}],"collection":[{"href":"https:\/\/www.customywear.com\/tr\/wp-json\/wp\/v2\/product"}],"about":[{"href":"https:\/\/www.customywear.com\/tr\/wp-json\/wp\/v2\/types\/product"}],"replies":[{"embeddable":true,"href":"https:\/\/www.customywear.com\/tr\/wp-json\/wp\/v2\/comments?post=21302"}],"wp:featuredmedia":[{"embeddable":true,"href":"https:\/\/www.customywear.com\/tr\/wp-json\/wp\/v2\/media\/143053"}],"wp:attachment":[{"href":"https:\/\/www.customywear.com\/tr\/wp-json\/wp\/v2\/media?parent=21302"}],"wp:term":[{"taxonomy":"product_brand","embeddable":true,"href":"https:\/\/www.customywear.com\/tr\/wp-json\/wp\/v2\/product_brand?post=21302"},{"taxonomy":"product_cat","embeddable":true,"href":"https:\/\/www.customywear.com\/tr\/wp-json\/wp\/v2\/product_cat?post=21302"},{"taxonomy":"product_tag","embeddable":true,"href":"https:\/\/www.customywear.com\/tr\/wp-json\/wp\/v2\/product_tag?post=21302"}],"curies":[{"name":"wp","href":"https:\/\/api.w.org\/{rel}","templated":true}]}}