{"id":21307,"date":"2023-07-28T13:48:40","date_gmt":"2023-07-28T13:48:40","guid":{"rendered":"https:\/\/www.customywear.com\/?post_type=product&#038;p=21307"},"modified":"2026-05-07T15:29:49","modified_gmt":"2026-05-07T15:29:49","slug":"kraliyet-guard-erkek-tisort-londra","status":"publish","type":"product","link":"https:\/\/www.customywear.com\/tr\/royal-guard-boys-shirt-london-tee\/","title":{"rendered":"King&#039;s Little Guardian: \u00d6zel Royal Guard Erkek G\u00f6mle\u011fi \u2013 Ki\u015fiselle\u015ftirilmi\u015f Londra Ti\u015f\u00f6rt\u00fc"},"content":{"rendered":"<p>K\u00fc\u00e7\u00fck \u00e7ocu\u011funuzun sihirli bir dokunu\u015fla Kraliyet Muhaf\u0131z\u0131na d\u00f6n\u00fc\u015ft\u00fc\u011f\u00fc yarat\u0131c\u0131 gen\u00e7lik k\u0131sa kollu ve uzun kollu ti\u015f\u00f6rt tasar\u0131m\u0131m\u0131z\u0131 tan\u0131t\u0131yoruz. Yetenekli sanat\u00e7\u0131lar\u0131m\u0131z \u00e7ocu\u011funuzun foto\u011fraf\u0131n\u0131 kullanarak, onlar\u0131 Kral&#039;\u0131n \u0130mparatorluk Muhaf\u0131zlar\u0131n\u0131n gururlu ve cesur bir \u00fcyesine d\u00f6n\u00fc\u015ft\u00fcren b\u00fcy\u00fcleyici bir vekt\u00f6r sanat\u0131 yaratacaklar. Bu \u00f6zel erkek ti\u015f\u00f6rt\u00fc, ikonik Kraliyet Muhaf\u0131zlar\u0131 ve g\u00f6rkemli Londra \u015fehri taraf\u0131ndan b\u00fcy\u00fclenen gen\u00e7ler i\u00e7in keyifli ve esprili bir hediye g\u00f6revi g\u00f6r\u00fcyor. DTG bask\u0131m\u0131z, ti\u015f\u00f6rtlerin y\u00fcksek kalitede, unisex ve hem yeti\u015fkinler, hem gen\u00e7ler, \u00e7ocuklar ve y\u00fcr\u00fcmeye ba\u015flayan \u00e7ocuklar i\u00e7in uygun olmas\u0131n\u0131 sa\u011flayarak her ya\u015f i\u00e7in m\u00fckemmel bir uyum sa\u011fl\u0131yor. \u00c7ocu\u011funuzun benzersizli\u011fine g\u00f6re uyarlanm\u0131\u015f ve benzersiz olan zarif tasar\u0131mlar \u00e7izmek i\u00e7in Adobe Illustrator ve Adobe Photoshop gibi end\u00fcstri standard\u0131 yaz\u0131l\u0131mlar\u0131 kullan\u0131yoruz. Londra temal\u0131 bu ti\u015f\u00f6rt ayr\u0131ca insan ve evcil hayvan y\u00fczleriyle ki\u015fiselle\u015ftirilebilir ve bu da onu k\u00fc\u00e7\u00fck Koruyucunuz ve t\u00fcyl\u00fc arkada\u015flar\u0131 i\u00e7in de\u011ferli bir hat\u0131ra haline getirir. Londra&#039;n\u0131n zamans\u0131z geleneklerine bir \u00f6vg\u00fc ve hayat\u0131n\u0131zdaki gen\u00e7 macerac\u0131lar i\u00e7in unutulmaz bir hediye olan Royal Guard Boys G\u00f6mle\u011fimizin b\u00fcy\u00fcs\u00fcn\u00fc kucaklay\u0131n. Herhangi bir sorunuz varsa veya daha fazla yard\u0131ma ihtiyac\u0131n\u0131z varsa, beklentilerinizi a\u015facak ki\u015fiselle\u015ftirilmi\u015f bir deneyim i\u00e7in bizimle ileti\u015fime ge\u00e7mekten \u00e7ekinmeyin.<\/p>","protected":false},"excerpt":{"rendered":"<p>\u00d6zel bir Kraliyet Muhaf\u0131z erkek g\u00f6mle\u011fiyle gururla bek\u00e7i. Ki\u015fiselle\u015ftirilmi\u015f Londra ti\u015f\u00f6rtleri, herhangi bir foto\u011fraf\u0131 cesur, benzersiz bir ti\u015f\u00f6rte d\u00f6n\u00fc\u015ft\u00fcr\u00fcr.<\/p>","protected":false},"featured_media":143046,"comment_status":"open","ping_status":"closed","template":"","meta":{"_acf_changed":false},"product_brand":[],"product_cat":[6189,2999,6412,6428],"product_tag":[6433,6439,64,65,3051,70,73],"class_list":{"0":"post-21307","1":"product","2":"type-product","3":"status-publish","4":"has-post-thumbnail","6":"product_cat-boys-t-shirts","7":"product_cat-custom-gifts-royal-guard","8":"product_cat-photo-to-tees","9":"product_cat-translate-products","10":"product_tag-ai-artwork","11":"product_tag-ai-kids-artwork","12":"product_tag-country_shirts","13":"product_tag-kid","14":"product_tag-london_shirt","15":"product_tag-travel_gift","16":"product_tag-youth-boy","18":"first","19":"instock","20":"taxable","21":"shipping-taxable","22":"purchasable","23":"product-type-simple"},"acf":[],"wcpa_form_fields":null,"_links":{"self":[{"href":"https:\/\/www.customywear.com\/tr\/wp-json\/wp\/v2\/product\/21307","targetHints":{"allow":["GET"]}}],"collection":[{"href":"https:\/\/www.customywear.com\/tr\/wp-json\/wp\/v2\/product"}],"about":[{"href":"https:\/\/www.customywear.com\/tr\/wp-json\/wp\/v2\/types\/product"}],"replies":[{"embeddable":true,"href":"https:\/\/www.customywear.com\/tr\/wp-json\/wp\/v2\/comments?post=21307"}],"wp:featuredmedia":[{"embeddable":true,"href":"https:\/\/www.customywear.com\/tr\/wp-json\/wp\/v2\/media\/143046"}],"wp:attachment":[{"href":"https:\/\/www.customywear.com\/tr\/wp-json\/wp\/v2\/media?parent=21307"}],"wp:term":[{"taxonomy":"product_brand","embeddable":true,"href":"https:\/\/www.customywear.com\/tr\/wp-json\/wp\/v2\/product_brand?post=21307"},{"taxonomy":"product_cat","embeddable":true,"href":"https:\/\/www.customywear.com\/tr\/wp-json\/wp\/v2\/product_cat?post=21307"},{"taxonomy":"product_tag","embeddable":true,"href":"https:\/\/www.customywear.com\/tr\/wp-json\/wp\/v2\/product_tag?post=21307"}],"curies":[{"name":"wp","href":"https:\/\/api.w.org\/{rel}","templated":true}]}}