{"id":21312,"date":"2023-07-28T13:48:42","date_gmt":"2023-07-28T13:48:42","guid":{"rendered":"https:\/\/www.customywear.com\/?post_type=product&#038;p=21312"},"modified":"2026-05-07T15:29:49","modified_gmt":"2026-05-07T15:29:49","slug":"kosucu-cocuk-tisortu","status":"publish","type":"product","link":"https:\/\/www.customywear.com\/tr\/runner-boy-shirt\/","title":{"rendered":"Gen\u00e7 \u015eampiyonunuzun Tutkusunu Ko\u015fucu \u00c7ocuk Ti\u015f\u00f6rt\u00fcm\u00fczle Besleyin"},"content":{"rendered":"<p>Gen\u00e7 \u015fampiyonunuzdaki atletizm k\u0131v\u0131lc\u0131m\u0131n\u0131 \u00f6zel Runner Boy Ti\u015f\u00f6rt\u00fcm\u00fczle ate\u015fleyin! Yarat\u0131c\u0131l\u0131k ve \u00f6zenle haz\u0131rlanan gen\u00e7 k\u0131sa kollu ve uzun kollu ti\u015f\u00f6rtlerimiz, \u00e7ocu\u011funuzun foto\u011fraf\u0131n\u0131 a\u00e7\u0131k havada ko\u015farken enerjik bir \u00e7izime d\u00f6n\u00fc\u015ft\u00fcren ki\u015fiselle\u015ftirilmi\u015f vekt\u00f6r sanat\u0131na sahiptir. Bu benzersiz \u00f6zel ti\u015f\u00f6rt, aktif gen\u00e7ler i\u00e7in m\u00fckemmel bir ilham verici hediye g\u00f6revi g\u00f6rerek, fitness tutkular\u0131n\u0131 besler ve aktif bir ya\u015fam tarz\u0131n\u0131 benimsemelerini te\u015fvik eder. DTG bask\u0131s\u0131 ve y\u00fcksek kaliteli vekt\u00f6r sanat\u0131yla, runner boy ti\u015f\u00f6rt\u00fcm\u00fcz canl\u0131 renkler ve ince detaylar sunarak \u00e7ocu\u011funuzun ko\u015fu maceralar\u0131n\u0131 kuma\u015f \u00fczerinde canland\u0131r\u0131r. Gen\u00e7lere, \u00e7ocuklara ve y\u00fcr\u00fcmeye ba\u015flayan \u00e7ocuklara uyacak \u015fekilde \u00e7e\u015fitli boyutlarda mevcut olan unisex ti\u015f\u00f6rtlerimiz farkl\u0131 ya\u015flardaki gen\u00e7 sporculara hitap eder. Ko\u015fu, yar\u0131\u015fma veya sadece a\u00e7\u0131k havada ko\u015fman\u0131n heyecan\u0131n\u0131 seviyor olsunlar, \u00f6zel runner boy ti\u015f\u00f6rt\u00fcm\u00fcz \u00f6zg\u00fcvenlerini art\u0131rman\u0131n ve aktif u\u011fra\u015flar\u0131n\u0131 kutlaman\u0131n harika bir yoludur. Gen\u00e7 ko\u015fucunuzun, aktif kalma ve a\u00e7\u0131k havan\u0131n tad\u0131n\u0131 \u00e7\u0131karma konusundaki co\u015fkusunu yans\u0131tan, sadece onlar i\u00e7in ki\u015fiselle\u015ftirilmi\u015f bir ti\u015f\u00f6rt giyerek gururla \u0131\u015f\u0131ldamas\u0131n\u0131 g\u00f6rmenin mutlulu\u011funu ya\u015fay\u0131n.<\/p>","protected":false},"excerpt":{"rendered":"<p>Gen\u00e7 \u015fampiyonunuzun tutkusunu bir ko\u015fucu erkek g\u00f6mle\u011fi ile besleyin. Ki\u015fiselle\u015ftirilmi\u015f ko\u015fu ti\u015f\u00f6rtleri, herhangi bir foto\u011fraf\u0131 sportif, t\u00fcr\u00fcn\u00fcn tek \u00f6rne\u011fi bir ti\u015f\u00f6rte d\u00f6n\u00fc\u015ft\u00fcr\u00fcr.<\/p>","protected":false},"featured_media":143074,"comment_status":"open","ping_status":"closed","template":"","meta":{"_acf_changed":false},"product_brand":[],"product_cat":[6189,3004,6412,6428],"product_tag":[6433,6439,3005,546,65,298,105,1827,73],"class_list":{"0":"post-21312","1":"product","2":"type-product","3":"status-publish","4":"has-post-thumbnail","6":"product_cat-boys-t-shirts","7":"product_cat-custom-gifts-running-and-jogging","8":"product_cat-photo-to-tees","9":"product_cat-translate-products","10":"product_tag-ai-artwork","11":"product_tag-ai-kids-artwork","12":"product_tag-custom-arts-running-jogging","13":"product_tag-gym","14":"product_tag-kid","15":"product_tag-outdoor_shirt","16":"product_tag-summer_shirt","17":"product_tag-workout_shirt","18":"product_tag-youth-boy","20":"first","21":"instock","22":"taxable","23":"shipping-taxable","24":"purchasable","25":"product-type-simple"},"acf":[],"wcpa_form_fields":null,"_links":{"self":[{"href":"https:\/\/www.customywear.com\/tr\/wp-json\/wp\/v2\/product\/21312","targetHints":{"allow":["GET"]}}],"collection":[{"href":"https:\/\/www.customywear.com\/tr\/wp-json\/wp\/v2\/product"}],"about":[{"href":"https:\/\/www.customywear.com\/tr\/wp-json\/wp\/v2\/types\/product"}],"replies":[{"embeddable":true,"href":"https:\/\/www.customywear.com\/tr\/wp-json\/wp\/v2\/comments?post=21312"}],"wp:featuredmedia":[{"embeddable":true,"href":"https:\/\/www.customywear.com\/tr\/wp-json\/wp\/v2\/media\/143074"}],"wp:attachment":[{"href":"https:\/\/www.customywear.com\/tr\/wp-json\/wp\/v2\/media?parent=21312"}],"wp:term":[{"taxonomy":"product_brand","embeddable":true,"href":"https:\/\/www.customywear.com\/tr\/wp-json\/wp\/v2\/product_brand?post=21312"},{"taxonomy":"product_cat","embeddable":true,"href":"https:\/\/www.customywear.com\/tr\/wp-json\/wp\/v2\/product_cat?post=21312"},{"taxonomy":"product_tag","embeddable":true,"href":"https:\/\/www.customywear.com\/tr\/wp-json\/wp\/v2\/product_tag?post=21312"}],"curies":[{"name":"wp","href":"https:\/\/api.w.org\/{rel}","templated":true}]}}