{"id":21319,"date":"2023-07-28T13:48:48","date_gmt":"2023-07-28T13:48:48","guid":{"rendered":"https:\/\/www.customywear.com\/?post_type=product&#038;p=21319"},"modified":"2026-05-07T15:29:49","modified_gmt":"2026-05-07T15:29:49","slug":"ozel-iskoc-erkek-gomlegi","status":"publish","type":"product","link":"https:\/\/www.customywear.com\/tr\/custom-scottish-boy-shirt\/","title":{"rendered":"\u00d6zel \u0130sko\u00e7 Erkek G\u00f6mle\u011fimizle \u0130sko\u00e7 Miras\u0131n\u0131 Kucaklay\u0131n"},"content":{"rendered":"<p>\u00c7ocu\u011funuzu \u00d6zel \u0130sko\u00e7 Erkek G\u00f6mle\u011fimizle \u0130sko\u00e7ya&#039;n\u0131n b\u00fcy\u00fcleyici d\u00fcnyas\u0131na dald\u0131r\u0131n! DTG bask\u0131 ve y\u00fcksek kaliteli vekt\u00f6r sanat\u0131 kullanarak, \u00e7ocu\u011funuzun foto\u011fraf\u0131n\u0131 b\u00fcy\u00fcleyici bir ill\u00fcstrasyona d\u00f6n\u00fc\u015ft\u00fcrece\u011fiz ve sanki \u0130sko\u00e7 geleneksel bir elbise giyiyormu\u015f gibi g\u00f6r\u00fcnmesini sa\u011flayaca\u011f\u0131z. Bu yarat\u0131c\u0131 ve ki\u015fiselle\u015ftirilmi\u015f Gen\u00e7lik K\u0131sa Kollu ve Uzun Kollu Ti\u015f\u00f6rt, farkl\u0131 k\u00fclt\u00fcrlere derin bir takdir duyan ve \u0130sko\u00e7ya&#039;n\u0131n cazibesine kap\u0131lan gen\u00e7 seyahat tutkunlar\u0131 i\u00e7in en iyi hediyedir. \u00c7ocu\u011funuzun \u0130sko\u00e7 miras\u0131na olan sevgisini veya bu Avrupa \u00fclkesinin zengin gelenek ve g\u00f6reneklerine olan hayranl\u0131\u011f\u0131n\u0131 kutlay\u0131n. Unisex ti\u015f\u00f6rt\u00fcm\u00fcz hem erkek hem de k\u0131z \u00e7ocuklar\u0131 i\u00e7in mevcuttur ve k\u00fc\u00e7\u00fck \u00e7ocu\u011funuzun benzersiz tarz\u0131n\u0131 ve ilgi alanlar\u0131n\u0131 gururla sergilemesini sa\u011flar. \u0130ster \u0130sko\u00e7 k\u00f6kleri olsun ister sadece \u0130sko\u00e7ya&#039;n\u0131n k\u00fclt\u00fcrel zenginli\u011fine hayran olsunlar, \u0130sko\u00e7 Erkek G\u00f6mle\u011fimiz gard\u0131robuna de\u011ferli bir katk\u0131 ve bireyselli\u011finin somut bir temsili olacakt\u0131r. Bu ola\u011fan\u00fcst\u00fc \u00f6zel ti\u015f\u00f6rtle \u0130sko\u00e7ya&#039;n\u0131n b\u00fcy\u00fcs\u00fcn\u00fc kucaklay\u0131n ve \u00e7ocu\u011funuzun hayal g\u00fcc\u00fcn\u00fcn \u00f6zg\u00fcrce dola\u015fmas\u0131na izin verin!<\/p>","protected":false},"excerpt":{"rendered":"<p>Miras\u0131 \u00f6zel bir \u0130sko\u00e7 erkek g\u00f6mle\u011fi ile kutlay\u0131n. Ki\u015fiselle\u015ftirilmi\u015f ti\u015f\u00f6rtler, herhangi bir foto\u011fraf\u0131 benzersiz, gelenekten ilham alan bir ti\u015f\u00f6rte d\u00f6n\u00fc\u015ft\u00fcr\u00fcr.<\/p>","protected":false},"featured_media":143102,"comment_status":"open","ping_status":"closed","template":"","meta":{"_acf_changed":false},"product_brand":[],"product_cat":[6189,3018,6412,6428],"product_tag":[6433,6439,64,65,67,3021,73],"class_list":{"0":"post-21319","1":"product","2":"type-product","3":"status-publish","4":"has-post-thumbnail","6":"product_cat-boys-t-shirts","7":"product_cat-custom-gifts-scottish-culture","8":"product_cat-photo-to-tees","9":"product_cat-translate-products","10":"product_tag-ai-artwork","11":"product_tag-ai-kids-artwork","12":"product_tag-country_shirts","13":"product_tag-kid","14":"product_tag-kids_birthday_shirt","15":"product_tag-scottish-art","16":"product_tag-youth-boy","18":"first","19":"instock","20":"taxable","21":"shipping-taxable","22":"purchasable","23":"product-type-simple"},"acf":[],"wcpa_form_fields":null,"_links":{"self":[{"href":"https:\/\/www.customywear.com\/tr\/wp-json\/wp\/v2\/product\/21319","targetHints":{"allow":["GET"]}}],"collection":[{"href":"https:\/\/www.customywear.com\/tr\/wp-json\/wp\/v2\/product"}],"about":[{"href":"https:\/\/www.customywear.com\/tr\/wp-json\/wp\/v2\/types\/product"}],"replies":[{"embeddable":true,"href":"https:\/\/www.customywear.com\/tr\/wp-json\/wp\/v2\/comments?post=21319"}],"wp:featuredmedia":[{"embeddable":true,"href":"https:\/\/www.customywear.com\/tr\/wp-json\/wp\/v2\/media\/143102"}],"wp:attachment":[{"href":"https:\/\/www.customywear.com\/tr\/wp-json\/wp\/v2\/media?parent=21319"}],"wp:term":[{"taxonomy":"product_brand","embeddable":true,"href":"https:\/\/www.customywear.com\/tr\/wp-json\/wp\/v2\/product_brand?post=21319"},{"taxonomy":"product_cat","embeddable":true,"href":"https:\/\/www.customywear.com\/tr\/wp-json\/wp\/v2\/product_cat?post=21319"},{"taxonomy":"product_tag","embeddable":true,"href":"https:\/\/www.customywear.com\/tr\/wp-json\/wp\/v2\/product_tag?post=21319"}],"curies":[{"name":"wp","href":"https:\/\/api.w.org\/{rel}","templated":true}]}}