{"id":21361,"date":"2023-07-28T13:49:31","date_gmt":"2023-07-28T13:49:31","guid":{"rendered":"https:\/\/www.customywear.com\/?post_type=product&#038;p=21361"},"modified":"2026-05-07T15:29:48","modified_gmt":"2026-05-07T15:29:48","slug":"ozel-sorf-yapan-kiz-cocuk-tisort","status":"publish","type":"product","link":"https:\/\/www.customywear.com\/tr\/custom-surfing-girl-youth-tee\/","title":{"rendered":"\u00d6zel S\u00f6rf K\u0131z Gen\u00e7lik Tee"},"content":{"rendered":"<p>Gen\u00e7 s\u00f6rf\u00e7\u00fcn\u00fcz\u00fcn macerac\u0131 ruhunu \u00d6zel S\u00f6rf K\u0131z Gen\u00e7lik Ti\u015f\u00f6rt\u00fcm\u00fczle serbest b\u0131rak\u0131n. \u00d6zenle haz\u0131rlanm\u0131\u015f, gen\u00e7 k\u0131sa kollu ve uzun kollu ti\u015f\u00f6rt\u00fcm\u00fcz birinci s\u0131n\u0131f DTG bask\u0131 ve y\u00fcksek kaliteli vekt\u00f6r sanat\u0131na sahiptir. \u00c7ocu\u011funuzun foto\u011fraf\u0131n\u0131 kullanarak, okyanusta b\u00fcy\u00fck bir dalga \u00fczerinde korkusuzca s\u00f6rf yaparken tasvir eden b\u00fcy\u00fcleyici bir portre sanat\u0131 yarataca\u011f\u0131z. Bu ki\u015fiselle\u015ftirilmi\u015f ti\u015f\u00f6rt, gen\u00e7leri s\u00f6rf ve denize olan sevgilerini kucaklamaya te\u015fvik eden ve motive eden m\u00fckemmel bir yaz hediyesi g\u00f6revi g\u00f6r\u00fcr. \u00d6zel S\u00f6rf K\u0131z Gen\u00e7lik Ti\u015f\u00f6rt\u00fcm\u00fcz, dalgalara binmeye tutkulu olan hem k\u0131z hem de erkek \u00e7ocuklar i\u00e7in ideal olacak \u015fekilde unisex olarak tasarlanm\u0131\u015ft\u0131r. K\u00fc\u00e7\u00fck s\u00f6rf\u00e7\u00fcn\u00fcz deneyimli bir profesyonel olsun ya da yeni ba\u015fl\u0131yor olsun, bu \u00f6zel ti\u015f\u00f6rt s\u00f6rf\u00fcn sevincini ve yaz maceralar\u0131n\u0131n heyecan\u0131n\u0131 yakalayan de\u011ferli bir hat\u0131ra olacakt\u0131r. Gen\u00e7 su tutkununuzu bu benzersiz ve unutulmaz ti\u015f\u00f6rtle \u015fa\u015f\u0131rt\u0131n, okyanusa olan sevgilerini ve m\u00fckemmel dalgay\u0131 yakalaman\u0131n heyecan verici deneyimini kutlay\u0131n.<\/p>","protected":false},"excerpt":{"rendered":"<p>\u00d6zel bir s\u00f6rf k\u0131z gen\u00e7lik ti\u015f\u00f6rt\u00fc ile s\u00f6rf\u00fc yakalay\u0131n. Ki\u015fiselle\u015ftirilmi\u015f ti\u015f\u00f6rtler, herhangi bir foto\u011fraf\u0131 e\u011flenceli, t\u00fcr\u00fcn\u00fcn tek \u00f6rne\u011fi bir ti\u015f\u00f6rte d\u00f6n\u00fc\u015ft\u00fcr\u00fcr.<\/p>","protected":false},"featured_media":143165,"comment_status":"open","ping_status":"closed","template":"","meta":{"_acf_changed":false},"product_brand":[],"product_cat":[6193,1189,6412,6428],"product_tag":[6433,6439,67,326,105,355,1191],"class_list":{"0":"post-21361","1":"product","2":"type-product","3":"status-publish","4":"has-post-thumbnail","6":"product_cat-girls-t-shirts","7":"product_cat-custom-gifts-surfing","8":"product_cat-photo-to-tees","9":"product_cat-translate-products","10":"product_tag-ai-artwork","11":"product_tag-ai-kids-artwork","12":"product_tag-kids_birthday_shirt","13":"product_tag-sports","14":"product_tag-summer_shirt","15":"product_tag-surf_shirt","16":"product_tag-surfing_shirt","18":"first","19":"instock","20":"taxable","21":"shipping-taxable","22":"purchasable","23":"product-type-simple"},"acf":[],"wcpa_form_fields":null,"_links":{"self":[{"href":"https:\/\/www.customywear.com\/tr\/wp-json\/wp\/v2\/product\/21361","targetHints":{"allow":["GET"]}}],"collection":[{"href":"https:\/\/www.customywear.com\/tr\/wp-json\/wp\/v2\/product"}],"about":[{"href":"https:\/\/www.customywear.com\/tr\/wp-json\/wp\/v2\/types\/product"}],"replies":[{"embeddable":true,"href":"https:\/\/www.customywear.com\/tr\/wp-json\/wp\/v2\/comments?post=21361"}],"wp:featuredmedia":[{"embeddable":true,"href":"https:\/\/www.customywear.com\/tr\/wp-json\/wp\/v2\/media\/143165"}],"wp:attachment":[{"href":"https:\/\/www.customywear.com\/tr\/wp-json\/wp\/v2\/media?parent=21361"}],"wp:term":[{"taxonomy":"product_brand","embeddable":true,"href":"https:\/\/www.customywear.com\/tr\/wp-json\/wp\/v2\/product_brand?post=21361"},{"taxonomy":"product_cat","embeddable":true,"href":"https:\/\/www.customywear.com\/tr\/wp-json\/wp\/v2\/product_cat?post=21361"},{"taxonomy":"product_tag","embeddable":true,"href":"https:\/\/www.customywear.com\/tr\/wp-json\/wp\/v2\/product_tag?post=21361"}],"curies":[{"name":"wp","href":"https:\/\/api.w.org\/{rel}","templated":true}]}}