{"id":21414,"date":"2023-07-28T13:49:59","date_gmt":"2023-07-28T13:49:59","guid":{"rendered":"https:\/\/www.customywear.com\/?post_type=product&#038;p=21414"},"modified":"2026-05-05T20:23:29","modified_gmt":"2026-05-05T20:23:29","slug":"ozel-kadinlar-bbq-tisort","status":"publish","type":"product","link":"https:\/\/www.customywear.com\/tr\/personalized-womens-bbq-shirt\/","title":{"rendered":"Personalized Women&#8217;s BBQ Shirt &#8211; Custom BBQ Lover Tees for mom, wife, girlfriend"},"content":{"rendered":"<p>Izgaray\u0131 ate\u015fleyin ve yeti\u015fkinler, gen\u00e7ler, \u00e7ocuklar ve y\u00fcr\u00fcmeye ba\u015flayan \u00e7ocuklar dahil her ya\u015ftan barbek\u00fc tutkunlar\u0131 i\u00e7in tasarlanm\u0131\u015f \u00f6zel bir ti\u015f\u00f6rt olan Ki\u015fiselle\u015ftirilmi\u015f Kad\u0131n Barbek\u00fc G\u00f6mle\u011fimizle lezzetin tad\u0131n\u0131 \u00e7\u0131kar\u0131n! Foto\u011fraf\u0131n\u0131z\u0131 kullanarak, sizi bir barbek\u00fc seans\u0131na dalm\u0131\u015f gibi nihai \u0131zgara ustas\u0131 gibi g\u00f6sterecek b\u00fcy\u00fcleyici bir vekt\u00f6r portre sanat\u0131 ustal\u0131kla haz\u0131rlayaca\u011f\u0131z. Bu \u00f6zel unisex Yeti\u015fkin K\u0131sa Kollu ve Uzun Kollu ti\u015f\u00f6rt, birinci s\u0131n\u0131f \u00e7izimimizi sergiliyor ve onu barbek\u00fc sanat\u0131ndan ho\u015flanan herkes i\u00e7in m\u00fckemmel bir hediye haline getiriyor. DTG bask\u0131 teknolojisi kullan\u0131larak hassas bir \u015fekilde haz\u0131rlanan ti\u015f\u00f6rt\u00fcm\u00fcz, herkes i\u00e7in rahat bir uyum sa\u011flayarak \u00fcst\u00fcn kalite ve canl\u0131 renkler sa\u011flar. Ayr\u0131ca, bu ti\u015f\u00f6rtler herhangi bir insan ve evcil hayvan y\u00fcz\u00fcyle daha da ki\u015fiselle\u015ftirilebilir ve ger\u00e7ekten benzersiz bir barbek\u00fc tutkunlar\u0131 hat\u0131ras\u0131 yarat\u0131labilir. Barbek\u00fcn\u00fcn lezzetlerini kucaklay\u0131n ve her \u0131zgara seans\u0131n\u0131 \u00f6zel Kad\u0131n Barbek\u00fc G\u00f6mle\u011finizle unutulmaz k\u0131l\u0131n! Yeti\u015fkinler, gen\u00e7ler, \u00e7ocuklar ve y\u00fcr\u00fcmeye ba\u015flayan \u00e7ocuklar dahil her ya\u015ftan barbek\u00fc tutkunlar\u0131 i\u00e7in tasarlanm\u0131\u015f \u00f6zel bir ti\u015f\u00f6rt olan Ki\u015fiselle\u015ftirilmi\u015f Kad\u0131n Barbek\u00fc G\u00f6mle\u011fimizle barbek\u00fcye olan tutkunuzu ate\u015fleyin! Foto\u011fraf\u0131n\u0131z\u0131 kullanarak, sizi bir barbek\u00fc seans\u0131na dalm\u0131\u015f, en \u00fcst d\u00fczey \u0131zgara ustas\u0131 gibi g\u00f6sterecek b\u00fcy\u00fcleyici bir vekt\u00f6r portre sanat\u0131 ustal\u0131kla yarataca\u011f\u0131z. Bu \u00f6zel unisex Yeti\u015fkin K\u0131sa Kollu ve Uzun Kollu ti\u015f\u00f6rt, birinci s\u0131n\u0131f \u00e7izimimizi sergiliyor ve onu barbek\u00fc sanat\u0131ndan ho\u015flanan herkes i\u00e7in m\u00fckemmel bir hediye haline getiriyor. DTG bask\u0131 teknolojisi kullan\u0131larak hassas bir \u015fekilde \u00fcretilen ti\u015f\u00f6rt\u00fcm\u00fcz, herkes i\u00e7in rahat bir uyum sa\u011flayarak \u00fcst\u00fcn kalite ve canl\u0131 renkler sa\u011flar. Ayr\u0131ca, bu ti\u015f\u00f6rtler herhangi bir insan ve evcil hayvan y\u00fcz\u00fcyle daha da ki\u015fiselle\u015ftirilebilir ve b\u00f6ylece ger\u00e7ekten benzersiz bir barbek\u00fc tutkununun hat\u0131ras\u0131 yarat\u0131labilir. Barbek\u00fcn\u00fcn lezzetlerini kucaklay\u0131n ve her \u0131zgara seans\u0131n\u0131 \u00f6zel Kad\u0131n Barbek\u00fc G\u00f6mle\u011finizle unutulmaz k\u0131l\u0131n!<\/p>","protected":false},"excerpt":{"rendered":"<p>Grill in style with a Personalized Women&#8217;s BBQ Shirt. Custom BBQ Lover Tees turn any photo into a playful, unique t-shirt.<\/p>","protected":false},"featured_media":142552,"comment_status":"open","ping_status":"closed","template":"","meta":{"_acf_changed":false},"product_brand":[],"product_cat":[6191,291,6412,307,6428,6356],"product_tag":[6433,293,561,298,112],"class_list":{"0":"post-21414","1":"product","2":"type-product","3":"status-publish","4":"has-post-thumbnail","6":"product_cat-t-shirts-women","7":"product_cat-custom-gifts-bbq","8":"product_cat-photo-to-tees","9":"product_cat-summer","10":"product_cat-translate-products","11":"product_cat-womens-summer-t-shirts","12":"product_tag-ai-artwork","13":"product_tag-bbq-tees","14":"product_tag-camping_shirt","15":"product_tag-outdoor_shirt","16":"product_tag-women","18":"first","19":"instock","20":"taxable","21":"shipping-taxable","22":"purchasable","23":"product-type-simple"},"acf":[],"wcpa_form_fields":null,"_links":{"self":[{"href":"https:\/\/www.customywear.com\/tr\/wp-json\/wp\/v2\/product\/21414","targetHints":{"allow":["GET"]}}],"collection":[{"href":"https:\/\/www.customywear.com\/tr\/wp-json\/wp\/v2\/product"}],"about":[{"href":"https:\/\/www.customywear.com\/tr\/wp-json\/wp\/v2\/types\/product"}],"replies":[{"embeddable":true,"href":"https:\/\/www.customywear.com\/tr\/wp-json\/wp\/v2\/comments?post=21414"}],"wp:featuredmedia":[{"embeddable":true,"href":"https:\/\/www.customywear.com\/tr\/wp-json\/wp\/v2\/media\/142552"}],"wp:attachment":[{"href":"https:\/\/www.customywear.com\/tr\/wp-json\/wp\/v2\/media?parent=21414"}],"wp:term":[{"taxonomy":"product_brand","embeddable":true,"href":"https:\/\/www.customywear.com\/tr\/wp-json\/wp\/v2\/product_brand?post=21414"},{"taxonomy":"product_cat","embeddable":true,"href":"https:\/\/www.customywear.com\/tr\/wp-json\/wp\/v2\/product_cat?post=21414"},{"taxonomy":"product_tag","embeddable":true,"href":"https:\/\/www.customywear.com\/tr\/wp-json\/wp\/v2\/product_tag?post=21414"}],"curies":[{"name":"wp","href":"https:\/\/api.w.org\/{rel}","templated":true}]}}