{"id":21415,"date":"2023-07-28T13:50:00","date_gmt":"2023-07-28T13:50:00","guid":{"rendered":"https:\/\/www.customywear.com\/?post_type=product&#038;p=21415"},"modified":"2026-05-05T20:23:29","modified_gmt":"2026-05-05T20:23:29","slug":"kisisellestirilmis-kadin-plaj-yoga-tisortu","status":"publish","type":"product","link":"https:\/\/www.customywear.com\/tr\/personalized-womens-beach-yoga-shirt\/","title":{"rendered":"Ki\u015fiselle\u015ftirilmi\u015f Kad\u0131n Plaj Yoga G\u00f6mle\u011fi | \u00d6zel Yoga Ti\u015f\u00f6rt\u00fc"},"content":{"rendered":"<p>Ki\u015fiselle\u015ftirilmi\u015f Kad\u0131n Plaj Yogas\u0131 G\u00f6mle\u011fimizle plajda yogan\u0131n dinginli\u011fini kucaklay\u0131n, yeti\u015fkinler, gen\u00e7ler, \u00e7ocuklar ve y\u00fcr\u00fcmeye ba\u015flayan \u00e7ocuklar dahil her ya\u015ftan kad\u0131n i\u00e7in tasarlanm\u0131\u015f \u00f6zel bir yoga ti\u015f\u00f6rt\u00fc! Foto\u011fraf\u0131n\u0131z\u0131 kullanarak, g\u00fczel bir plajda yoga yap\u0131yormu\u015f gibi g\u00f6r\u00fcnmenizi sa\u011flayacak keyifli bir ill\u00fcstrasyonu ustal\u0131kla yarataca\u011f\u0131z. Bu \u00f6zel ti\u015f\u00f6rt, hem yogaya hem de do\u011faya olan tutkunuzu kutlar, pozitiflik yayar ve en iyi ki\u015fiselle\u015ftirilmi\u015f ti\u015f\u00f6rt\u00fcn\u00fcz olur. DTG bask\u0131 teknolojisi kullan\u0131larak hassasiyetle \u00fcretilen unisex ti\u015f\u00f6rt\u00fcm\u00fcz, herkes i\u00e7in rahat bir uyum sa\u011flayarak ola\u011fan\u00fcst\u00fc kalite ve canl\u0131 renkler sunar. Dahas\u0131, bu ti\u015f\u00f6rtler herhangi bir insan ve evcil hayvan y\u00fcz\u00fcyle daha da ki\u015fiselle\u015ftirilebilir, bu da her tasar\u0131m\u0131 benzersiz ve de\u011ferli bir hat\u0131ra haline getirir. Yoga ve do\u011fan\u0131n uyumlu ba\u011flant\u0131s\u0131n\u0131 kucaklay\u0131n - \u015fimdi \u00f6zel Kad\u0131n Plaj Yogas\u0131 G\u00f6mle\u011finizi sipari\u015f edin ve i\u00e7 huzurunuzun ki\u015fiselle\u015ftirilmi\u015f bir dokunu\u015fla parlamas\u0131na izin verin!<\/p>\n<p>Yeti\u015fkinler, gen\u00e7ler, \u00e7ocuklar ve y\u00fcr\u00fcmeye ba\u015flayan \u00e7ocuklar dahil her ya\u015ftan kad\u0131n i\u00e7in tasarlanm\u0131\u015f \u00f6zel bir yoga ti\u015f\u00f6rt\u00fc olan Ki\u015fiselle\u015ftirilmi\u015f Kad\u0131n Plaj Yogas\u0131 G\u00f6mle\u011fimiz sayesinde plajda huzurlu yoga prati\u011fiyle rahatlay\u0131n! Foto\u011fraf\u0131n\u0131z\u0131 kullanarak, g\u00fczel bir plajda yoga yap\u0131yormu\u015f gibi g\u00f6r\u00fcnmenizi sa\u011flayacak keyifli bir ill\u00fcstrasyonu ustal\u0131kla yarataca\u011f\u0131z. Bu \u00f6zel ti\u015f\u00f6rt, hem yogaya hem de do\u011faya olan tutkunuzu kutlar, pozitiflik yayar ve en iyi ki\u015fiselle\u015ftirilmi\u015f ti\u015f\u00f6rt\u00fcn\u00fcz haline gelir. DTG bask\u0131 teknolojisi kullan\u0131larak hassasiyetle \u00fcretilen unisex ti\u015f\u00f6rt\u00fcm\u00fcz, herkes i\u00e7in rahat bir uyum sa\u011flayarak ola\u011fan\u00fcst\u00fc kalite ve canl\u0131 renkler sunar. Dahas\u0131, bu ti\u015f\u00f6rtler herhangi bir insan ve evcil hayvan y\u00fcz\u00fcyle daha da ki\u015fiselle\u015ftirilebilir ve her tasar\u0131m benzersiz ve de\u011ferli bir hat\u0131ra haline gelir. Yoga ve do\u011fan\u0131n uyumlu ba\u011flant\u0131s\u0131n\u0131 kucaklay\u0131n - \u015fimdi \u00f6zel Kad\u0131n Plaj Yogas\u0131 G\u00f6mle\u011finizi sipari\u015f edin ve i\u00e7 huzurunuzun ki\u015fiselle\u015ftirilmi\u015f bir dokunu\u015fla parlamas\u0131na izin verin!<\/p>","protected":false},"excerpt":{"rendered":"<p>Stretch in style with a Personalized Women&#8217;s Beach Yoga Shirt. Custom tees turn photos into serene, yoga-inspired designs.<\/p>","protected":false},"featured_media":143219,"comment_status":"open","ping_status":"closed","template":"","meta":{"_acf_changed":false},"product_brand":[],"product_cat":[6191,6412,6428,6362,6248],"product_tag":[6433,6217,576,326,112,594],"class_list":{"0":"post-21415","1":"product","2":"type-product","3":"status-publish","4":"has-post-thumbnail","6":"product_cat-t-shirts-women","7":"product_cat-photo-to-tees","8":"product_cat-translate-products","9":"product_cat-womens-yoga-t-shirts","10":"product_cat-yoga-gifts","11":"product_tag-ai-artwork","12":"product_tag-custom-t-shirt","13":"product_tag-cute-yoga-shirts","14":"product_tag-sports","15":"product_tag-women","16":"product_tag-yoga_tee_shirt","18":"first","19":"instock","20":"taxable","21":"shipping-taxable","22":"purchasable","23":"product-type-simple"},"acf":[],"wcpa_form_fields":null,"_links":{"self":[{"href":"https:\/\/www.customywear.com\/tr\/wp-json\/wp\/v2\/product\/21415","targetHints":{"allow":["GET"]}}],"collection":[{"href":"https:\/\/www.customywear.com\/tr\/wp-json\/wp\/v2\/product"}],"about":[{"href":"https:\/\/www.customywear.com\/tr\/wp-json\/wp\/v2\/types\/product"}],"replies":[{"embeddable":true,"href":"https:\/\/www.customywear.com\/tr\/wp-json\/wp\/v2\/comments?post=21415"}],"wp:featuredmedia":[{"embeddable":true,"href":"https:\/\/www.customywear.com\/tr\/wp-json\/wp\/v2\/media\/143219"}],"wp:attachment":[{"href":"https:\/\/www.customywear.com\/tr\/wp-json\/wp\/v2\/media?parent=21415"}],"wp:term":[{"taxonomy":"product_brand","embeddable":true,"href":"https:\/\/www.customywear.com\/tr\/wp-json\/wp\/v2\/product_brand?post=21415"},{"taxonomy":"product_cat","embeddable":true,"href":"https:\/\/www.customywear.com\/tr\/wp-json\/wp\/v2\/product_cat?post=21415"},{"taxonomy":"product_tag","embeddable":true,"href":"https:\/\/www.customywear.com\/tr\/wp-json\/wp\/v2\/product_tag?post=21415"}],"curies":[{"name":"wp","href":"https:\/\/api.w.org\/{rel}","templated":true}]}}