{"id":21423,"date":"2023-07-28T13:50:22","date_gmt":"2023-07-28T13:50:22","guid":{"rendered":"https:\/\/www.customywear.com\/?post_type=product&#038;p=21423"},"modified":"2026-05-05T20:24:07","modified_gmt":"2026-05-05T20:24:07","slug":"guresci-erkek-gures-tisort","status":"publish","type":"product","link":"https:\/\/www.customywear.com\/tr\/wrestler-man-wrestling-shirt\/","title":{"rendered":"G\u00fcre\u015f\u00e7i adam g\u00fcre\u015f ti\u015f\u00f6rt\u00fc"},"content":{"rendered":"<p>\u00d6zel g\u00fcre\u015f ti\u015f\u00f6rt\u00fcm\u00fczle durdurulamaz bir g\u00fcre\u015f g\u00fcc\u00fcne d\u00f6n\u00fc\u015f\u00fcn. Yetenekli sanat\u00e7\u0131 ekibimiz foto\u011fraf\u0131n\u0131z\u0131 \u00e7ekecek ve ger\u00e7ek bir \u015fampiyon gibi g\u00f6r\u00fcnmenizi sa\u011flayacak \u015fekilde ger\u00e7ek\u00fcst\u00fc bir g\u00fcre\u015f\u00e7i fizi\u011fi yaratacak. Detaylara ve hassasiyete dikkat ederek, her tasar\u0131mda g\u00fcc\u00fcn ve kuvvetin \u00f6z\u00fcn\u00fc yakal\u0131yoruz.<\/p>\n<p>Y\u00fcksek kaliteli malzemelerden \u00fcretilen ti\u015f\u00f6rtlerimiz rahat ve dayan\u0131kl\u0131d\u0131r, etkinliklerde veya g\u00fcnl\u00fck giyimde g\u00fcre\u015fteki ikinci benli\u011finizi sergilemek i\u00e7in m\u00fckemmeldir. \u0130\u00e7inizdeki sava\u015f\u00e7\u0131y\u0131 kucaklay\u0131n ve herkesi sizin m\u00fcthi\u015f varl\u0131\u011f\u0131n\u0131za hayran b\u0131rakacak \u00f6zel g\u00fcre\u015f ti\u015f\u00f6rt\u00fcm\u00fczle bir a\u00e7\u0131klama yap\u0131n.<\/p>","protected":false},"excerpt":{"rendered":"<p>Bir g\u00fcre\u015f\u00e7i erkek g\u00fcre\u015f g\u00f6mle\u011fi ile \u015f\u0131k bir g\u00fcre\u015f. \u00d6zel ti\u015f\u00f6rtler, foto\u011fraflar\u0131 cesur, atletik tasar\u0131mlara d\u00f6n\u00fc\u015ft\u00fcr\u00fcr.<\/p>","protected":false},"featured_media":143261,"comment_status":"open","ping_status":"closed","template":"","meta":{"_acf_changed":false},"product_brand":[],"product_cat":[6195,526,186,6339,6412,6428],"product_tag":[6433,6217,6165,546,6216],"class_list":{"0":"post-21423","1":"product","2":"type-product","3":"status-publish","4":"has-post-thumbnail","6":"product_cat-t-shirts-men","7":"product_cat-gym-shirts","8":"product_cat-men","9":"product_cat-mens-sports-t-shirts","10":"product_cat-photo-to-tees","11":"product_cat-translate-products","12":"product_tag-ai-artwork","13":"product_tag-custom-t-shirt","14":"product_tag-custom-gym-tees","15":"product_tag-gym","16":"product_tag-mens-custom-t-shirts","18":"first","19":"instock","20":"taxable","21":"shipping-taxable","22":"purchasable","23":"product-type-simple"},"acf":[],"wcpa_form_fields":null,"_links":{"self":[{"href":"https:\/\/www.customywear.com\/tr\/wp-json\/wp\/v2\/product\/21423","targetHints":{"allow":["GET"]}}],"collection":[{"href":"https:\/\/www.customywear.com\/tr\/wp-json\/wp\/v2\/product"}],"about":[{"href":"https:\/\/www.customywear.com\/tr\/wp-json\/wp\/v2\/types\/product"}],"replies":[{"embeddable":true,"href":"https:\/\/www.customywear.com\/tr\/wp-json\/wp\/v2\/comments?post=21423"}],"wp:featuredmedia":[{"embeddable":true,"href":"https:\/\/www.customywear.com\/tr\/wp-json\/wp\/v2\/media\/143261"}],"wp:attachment":[{"href":"https:\/\/www.customywear.com\/tr\/wp-json\/wp\/v2\/media?parent=21423"}],"wp:term":[{"taxonomy":"product_brand","embeddable":true,"href":"https:\/\/www.customywear.com\/tr\/wp-json\/wp\/v2\/product_brand?post=21423"},{"taxonomy":"product_cat","embeddable":true,"href":"https:\/\/www.customywear.com\/tr\/wp-json\/wp\/v2\/product_cat?post=21423"},{"taxonomy":"product_tag","embeddable":true,"href":"https:\/\/www.customywear.com\/tr\/wp-json\/wp\/v2\/product_tag?post=21423"}],"curies":[{"name":"wp","href":"https:\/\/api.w.org\/{rel}","templated":true}]}}