{"id":23281,"date":"2023-09-06T15:06:50","date_gmt":"2023-09-06T15:06:50","guid":{"rendered":"https:\/\/www.customywear.com\/?post_type=product&#038;p=23281"},"modified":"2026-05-13T19:50:31","modified_gmt":"2026-05-13T19:50:31","slug":"ozel-halloween-cift-tisort","status":"publish","type":"product","link":"https:\/\/www.customywear.com\/tr\/personalized-halloween-couples-tee\/","title":{"rendered":"Ki\u015fiselle\u015ftirilmi\u015f Cad\u0131lar Bayram\u0131 \u00e7ift ti\u015f\u00f6rt\u00fc: Ki\u015fiselle\u015ftirilmi\u015f ti\u015f\u00f6rtlerle arkada\u015flar\u0131n\u0131z\u0131 korkutun"},"content":{"rendered":"<h2>Ki\u015fiselle\u015ftirilmi\u015f \u00e7iftlere \u00f6zel Cad\u0131lar Bayram\u0131 ti\u015f\u00f6rt\u00fcm\u00fczle Cad\u0131lar Bayram\u0131n\u0131z\u0131 ne\u015felendirmeye haz\u0131r olun!<\/h2>\n<p>Her y\u0131l ayn\u0131 genel Cad\u0131lar Bayram\u0131 kost\u00fcmlerini giymekten s\u0131k\u0131ld\u0131n\u0131z m\u0131? Kalabal\u0131\u011f\u0131n aras\u0131ndan s\u0131yr\u0131l\u0131p arkada\u015flar\u0131n\u0131za ger\u00e7ek bir korku ya\u015fatmak m\u0131 istiyorsunuz? Ba\u015fka yere bakmay\u0131n! \u00d6zel tasar\u0131ml\u0131 ti\u015f\u00f6rtlerimiz, Cad\u0131lar Bayram\u0131 ruhunu benzersiz ve ki\u015fiselle\u015ftirilmi\u015f bir \u015fekilde kucaklamak isteyen herkes i\u00e7in m\u00fckemmel bir \u00e7\u00f6z\u00fcmd\u00fcr. Ti\u015f\u00f6rtlerimizle, kendinizi en sevdi\u011finiz korku filmindeki bir karaktere d\u00f6n\u00fc\u015ft\u00fcrebilir veya sadece \u00fcrk\u00fct\u00fcc\u00fc bir balkaba\u011f\u0131 tasar\u0131m\u0131na sahip olabilirsiniz. En iyi yan\u0131? Foto\u011fraflar\u0131n\u0131z\u0131 \u00e7izece\u011fiz ve Cad\u0131lar Bayram\u0131 korkutucu k\u0131yafetleri giymi\u015f gibi g\u00f6r\u00fcnmenizi sa\u011flayaca\u011f\u0131z. Arkada\u015flar\u0131n\u0131z\u0131n sizi kana susam\u0131\u015f bir vampire veya k\u00f6t\u00fc bir cad\u0131ya d\u00f6n\u00fc\u015fm\u00fc\u015f halde g\u00f6rd\u00fcklerinde y\u00fczlerindeki ifadeyi hayal edin!<\/p>\n<h3>Y\u00fcksek Kaliteli Tasar\u0131m ve Bask\u0131<\/h3>\n<p>St\u00fcdyomuzda, foto\u011fraflar\u0131n\u0131zdan \u00e7arp\u0131c\u0131 vekt\u00f6r sanat\u0131 olu\u015fturmak i\u00e7in Adobe Illustrator ve Adobe Photoshop kullan\u0131yoruz. Deneyimli tasar\u0131mc\u0131lar\u0131m\u0131z her ayr\u0131nt\u0131ya dikkat ederek ki\u015fiselle\u015ftirilmi\u015f Cad\u0131lar Bayram\u0131 ti\u015f\u00f6rt\u00fcn\u00fcz\u00fcn ger\u00e7ek bir sanat eseri olmas\u0131n\u0131 sa\u011flar. Daha sonra tasar\u0131m\u0131n\u0131z\u0131 y\u00fcksek kaliteli bir ti\u015f\u00f6rt \u00fczerinde hayata ge\u00e7irmek i\u00e7in son teknoloji DTG bask\u0131 teknolojisini kullan\u0131r\u0131z. Ti\u015f\u00f6rtlerimiz yaln\u0131zca g\u00f6rsel olarak etkileyici olmakla kalmaz, ayn\u0131 zamanda giyilmesi de inan\u0131lmaz derecede rahatt\u0131r. Birinci s\u0131n\u0131f malzemelerden \u00fcretilen ti\u015f\u00f6rtlerimiz yumu\u015fak, nefes alabilir ve uzun \u00f6m\u00fcrl\u00fcd\u00fcr. \u0130ster bir Cad\u0131lar Bayram\u0131 partisine kat\u0131l\u0131n, ister \u015feker toplamaya gidin veya sadece evde dinlenin, ti\u015f\u00f6rtlerimiz t\u00fcm gece \u015f\u0131k ve \u00fcrk\u00fct\u00fcc\u00fc g\u00f6r\u00fcnmenizi sa\u011flayacakt\u0131r.<\/p>\n<h3>T\u00fcm Aile \u0130\u00e7in Mevcuttur<\/h3>\n<p>Ki\u015fiselle\u015ftirilmi\u015f Cad\u0131lar Bayram\u0131 ti\u015f\u00f6rtlerimiz sadece yeti\u015fkinler i\u00e7in de\u011fildir. Gen\u00e7ler, \u00e7ocuklar ve y\u00fcr\u00fcmeye ba\u015flayan \u00e7ocuklar i\u00e7in de bedenler sunuyoruz, b\u00f6ylece t\u00fcm aile e\u011flenceye kat\u0131labilir. K\u00fc\u00e7\u00fcklerinizin mini canavarlar veya minik balkabaklar\u0131 olarak giyinmi\u015f halini hayal edin! Ti\u015f\u00f6rtlerimizle Cad\u0131lar Bayram\u0131 herkesin keyif alabilece\u011fi bir aile etkinli\u011fine d\u00f6n\u00fc\u015f\u00fcyor.<\/p>\n<h3>Ki\u015fiselle\u015ftirme i\u00e7in Sonsuz Se\u00e7enekler<\/h3>\n<p>Ti\u015f\u00f6rtlerimizin en heyecan verici \u00f6zelliklerinden biri, kendi foto\u011fraflar\u0131n\u0131z\u0131 kullanarak ki\u015fiselle\u015ftirme olana\u011f\u0131d\u0131r. Y\u00fcz\u00fcn\u00fcz\u00fc sadece \u00fcrk\u00fct\u00fcc\u00fc bir karaktere d\u00f6n\u00fc\u015ft\u00fcrmekle kalmaz, ayn\u0131 zamanda sevgili evcil hayvan\u0131n\u0131z\u0131 da ekleyebilirsiniz. K\u00f6pe\u011finizin veya kedinizin bir vampir pelerini veya cad\u0131 \u015fapkas\u0131 giymesinin ne kadar e\u011flenceli oldu\u011funu hayal edin! Ancak ki\u015fiselle\u015ftirme burada bitmiyor. Korku filmi temalar\u0131, balkaba\u011f\u0131 motifleri ve hatta t\u00fcm Peanuts hayranlar\u0131 i\u00e7in bir Charlie Brown Cad\u0131lar Bayram\u0131 ti\u015f\u00f6rt\u00fc dahil olmak \u00fczere aralar\u0131ndan se\u00e7im yapabilece\u011finiz \u00e7ok \u00e7e\u015fitli tasar\u0131mlar sunuyoruz. Tarz\u0131n\u0131z veya tercihiniz ne olursa olsun, zevkinize uygun bir tasar\u0131m\u0131m\u0131z var.<\/p>\n<h3>Ki\u015fiselle\u015ftirilmi\u015f Cad\u0131lar Bayram\u0131 Ti\u015f\u00f6rt\u00fcn\u00fcz\u00fc Bug\u00fcn Al\u0131n!<\/h3>\n<p>Bu y\u0131l s\u0131radan Cad\u0131lar Bayram\u0131 kost\u00fcmleriyle yetinmeyin. Ki\u015fiselle\u015ftirilmi\u015f Cad\u0131lar Bayram\u0131 ti\u015f\u00f6rt\u00fcm\u00fczle kalabal\u0131\u011f\u0131n aras\u0131ndan s\u0131yr\u0131l\u0131n ve arkada\u015flar\u0131n\u0131z\u0131 korkutun. Y\u00fcksek kaliteli tasar\u0131m, rahat uyum ve ki\u015fiselle\u015ftirme i\u00e7in sonsuz se\u00e7eneklerle ti\u015f\u00f6rtlerimiz, bu Cad\u0131lar Bayram\u0131&#039;nda fark yaratmak isteyen herkes i\u00e7in m\u00fckemmel bir se\u00e7imdir. Ki\u015fiselle\u015ftirilmi\u015f Cad\u0131lar Bayram\u0131 ti\u015f\u00f6rt\u00fcn\u00fcz\u00fc bug\u00fcn sipari\u015f edin ve korkutmaya, etkilemeye ve \u00fcrk\u00fct\u00fcc\u00fc bir zaman ge\u00e7irmeye haz\u0131r olun! <\/p>","protected":false},"excerpt":{"rendered":"<p>Ki\u015fiselle\u015ftirilmi\u015f bir Cad\u0131lar Bayram\u0131 \u00e7ift ti\u015f\u00f6rt\u00fc ile birlikte \u00fcrk\u00fct\u00fcc\u00fc olun. \u00d6zel tees, foto\u011fraflar\u0131 e\u015fle\u015fen korkun\u00e7 tasar\u0131mlara d\u00f6n\u00fc\u015ft\u00fcr\u00fcr.<\/p>","protected":false},"featured_media":97492,"comment_status":"open","ping_status":"closed","template":"","meta":{"_acf_changed":false},"product_brand":[],"product_cat":[6197,2229,186,6412,6428,6441],"product_tag":[1322,1325,2233,2239,2243,2245],"class_list":{"0":"post-23281","1":"product","2":"type-product","3":"status-publish","4":"has-post-thumbnail","6":"product_cat-t-shirts-couple","7":"product_cat-custom-gifts-halloween","8":"product_cat-men","9":"product_cat-photo-to-tees","10":"product_cat-translate-products","11":"product_cat-v2-couple","12":"product_tag-custom-bride-gift","13":"product_tag-custom-shirt-maker","14":"product_tag-halloween-shirt","15":"product_tag-pumpkin-shirt","16":"product_tag-skeleton-t-shirt","17":"product_tag-spirit-halloween-shirts","18":"wcpa_has_options","20":"first","21":"instock","22":"taxable","23":"shipping-taxable","24":"purchasable","25":"product-type-simple"},"acf":[],"wcpa_form_fields":{"wcpaData":{"product":{"product_price":24.99,"price_html":"<span class=\"wmc-wc-price\" ><span class=\"woocommerce-Price-amount amount\"><bdi><span class=\"woocommerce-Price-currencySymbol\">&euro;<\/span>24,99<\/bdi><\/span><span data-wmc_price_cache=\"{&quot;USD&quot;:&quot;&lt;span class=\\&quot;woocommerce-Price-amount amount\\&quot;&gt;&lt;bdi&gt;&lt;span class=\\&quot;woocommerce-Price-currencySymbol\\&quot;&gt;&amp;#36;&lt;\\\/span&gt;28,99&lt;\\\/bdi&gt;&lt;\\\/span&gt;&quot;,&quot;EUR&quot;:&quot;&lt;span class=\\&quot;woocommerce-Price-amount amount\\&quot;&gt;&lt;bdi&gt;&lt;span class=\\&quot;woocommerce-Price-currencySymbol\\&quot;&gt;&amp;euro;&lt;\\\/span&gt;24,99&lt;\\\/bdi&gt;&lt;\\\/span&gt;&quot;,&quot;CAD&quot;:&quot;&lt;span class=\\&quot;woocommerce-Price-amount amount\\&quot;&gt;&lt;bdi&gt;&lt;span class=\\&quot;woocommerce-Price-currencySymbol\\&quot;&gt;CAD$ &lt;\\\/span&gt;39,98&lt;\\\/bdi&gt;&lt;\\\/span&gt;&quot;,&quot;GBP&quot;:&quot;&lt;span class=\\&quot;woocommerce-Price-amount amount\\&quot;&gt;&lt;bdi&gt;&lt;span class=\\&quot;woocommerce-Price-currencySymbol\\&quot;&gt;&amp;pound;&lt;\\\/span&gt;21,74&lt;\\\/bdi&gt;&lt;\\\/span&gt;&quot;,&quot;PLN&quot;:&quot;&lt;span class=\\&quot;woocommerce-Price-amount amount\\&quot;&gt;&lt;bdi&gt;&lt;span class=\\&quot;woocommerce-Price-currencySymbol\\&quot;&gt;z\\u0142 &lt;\\\/span&gt;106,21&lt;\\\/bdi&gt;&lt;\\\/span&gt;&quot;,&quot;SEK&quot;:&quot;&lt;span class=\\&quot;woocommerce-Price-amount amount\\&quot;&gt;&lt;bdi&gt;&lt;span class=\\&quot;woocommerce-Price-currencySymbol\\&quot;&gt;kr &lt;\\\/span&gt;274,14&lt;\\\/bdi&gt;&lt;\\\/span&gt;&quot;,&quot;AUD&quot;:&quot;&lt;span class=\\&quot;woocommerce-Price-amount amount\\&quot;&gt;&lt;bdi&gt;&lt;span class=\\&quot;woocommerce-Price-currencySymbol\\&quot;&gt;AUD$ &lt;\\\/span&gt;40,48&lt;\\\/bdi&gt;&lt;\\\/span&gt;&quot;,&quot;JPY&quot;:&quot;&lt;span class=\\&quot;woocommerce-Price-amount amount\\&quot;&gt;&lt;bdi&gt;&lt;span class=\\&quot;woocommerce-Price-currencySymbol\\&quot;&gt;&amp;yen;&lt;\\\/span&gt;4.608,16&lt;\\\/bdi&gt;&lt;\\\/span&gt;&quot;,&quot;CZK&quot;:&quot;&lt;span class=\\&quot;woocommerce-Price-amount amount\\&quot;&gt;&lt;bdi&gt;&lt;span class=\\&quot;woocommerce-Price-currencySymbol\\&quot;&gt;K\\u010d &lt;\\\/span&gt;608,01&lt;\\\/bdi&gt;&lt;\\\/span&gt;&quot;,&quot;NZD&quot;:&quot;&lt;span class=\\&quot;woocommerce-Price-amount amount\\&quot;&gt;&lt;bdi&gt;&lt;span class=\\&quot;woocommerce-Price-currencySymbol\\&quot;&gt;NZD$ &lt;\\\/span&gt;49,73&lt;\\\/bdi&gt;&lt;\\\/span&gt;&quot;,&quot;CHF&quot;:&quot;&lt;span class=\\&quot;woocommerce-Price-amount amount\\&quot;&gt;&lt;bdi&gt;&lt;span class=\\&quot;woocommerce-Price-currencySymbol\\&quot;&gt;CHF &lt;\\\/span&gt;22,74&lt;\\\/bdi&gt;&lt;\\\/span&gt;&quot;}\" style=\"display: none;\" class=\"wmc-price-cache-list\"><\/span><\/span>","original_product_price":24.99,"price_including_tax":24.99,"price_excluding_tax":20.825,"product_id":{"parent":23281,"variation":false},"is_variable":false,"stock_status":"instock","stock_quantity":null,"parent_sku":"cw1122333","product_attributes":{"pa_color":{"is_variation":false,"values":["black","white","navy","red"]},"pa_style":{"is_variation":false,"values":["couple-t-shirt"]},"pa_customization":{"is_variation":false,"values":["add-your-photo","add-your-text-or-name","add-your-logo"]},"pa_material":{"is_variation":false,"values":["100-cotton"]},"pa_key-details":{"is_variation":false,"values":["unisex","regular-fit","premium-quality","digital-art"]},"pa_brand":{"is_variation":false,"values":["customywear"]},"pa_age-group":{"is_variation":false,"values":["adult"]},"pa_size":{"is_variation":false,"values":["xs","s","m","l","xl","2xl","3xl"]},"pa_print-type":{"is_variation":false,"values":["dtg-print-direct-to-garment"]},"pa_gender":{"is_variation":false,"values":["unisex"]}},"custom_fields":[],"is_taxable":true,"product_name":"Personalized Halloween couple T-Shirt: Scare Your Friends with Customized tees"},"fields":{"sec_668d392cdb359a":{"extra":{"key":"sec_668d392cdb359a","section_id":"sec_668d392cdb359a","name":"T-shirt size and color","status":1,"cl_rule":"show","enableCl":false,"relations":[],"toggle":true,"title_tag":"h4","show_title":false,"showPrice":"default","form_id":137337,"form_rules":{"exclude_from_discount":false,"fee_label":"Fee","disp_hide_options_price":false,"disp_show_section_price":false,"disp_show_field_price":true,"layout_option":"standard","pric_use_as_fee":false,"process_fee_as":"woo_fee"},"layout_option":"standard"},"fields":[[{"active":true,"col":6,"relations":false,"cl_rule":"show","enableCl":false,"price":"","enablePrice":false,"className":"","label_position":"default","desc_position":"default","type":"color-group","required":false,"elementId":"color_group_6231271873","label":"Color","name":"color_group_6231271873","disp_type":"circle","values":[{"label":"Black","value":"Black","selected":false,"color":"#000000","tempId":"aco_909","gt_translate_keys":["label"]},{"label":"White","value":"White","selected":false,"color":"#ffffff","tempId":"aco_910","gt_translate_keys":["label"]},{"label":"Navy","value":"Navy","selected":false,"color":"#213a92","tempId":"aco_911","gt_translate_keys":["label"]},{"label":"Red","value":"Red","selected":false,"color":"#d0021b","tempId":"aco_1102","gt_translate_keys":["label"]}],"layOut":"inline","error":false,"tooltip":"Pick your preferred T-shirt color","selection_type":"tick-border","show_selected_option":true,"adjust_width":true,"show_label_inside":false,"cart_display_type":"text","gt_translate_keys":["label","tooltip"],"price_dependency":false,"cl_dependency":false,"value":""}],[{"active":true,"col":6,"relations":false,"cl_rule":"show","enableCl":false,"price":"","enablePrice":false,"className":"","label_position":"default","desc_position":"default","type":"radio-group","required":false,"elementId":"radio-group_068d392cdb35d9","label":"Size ","name":"radio-group_068d392cdb35d9","values":[{"label":"XS","value":"XS","selected":false,"tempId":"aco_128","gt_translate_keys":["label"]},{"label":"S","value":"S","selected":false,"tempId":"aco_129","gt_translate_keys":["label"]},{"label":"M","value":"M","selected":false,"tempId":"aco_130","gt_translate_keys":["label"]},{"label":"L","value":"L","selected":false,"tempId":"aco_212","gt_translate_keys":["label"]},{"label":"XL","value":"XL","selected":false,"tempId":"aco_222","gt_translate_keys":["label"]},{"label":"2XL","value":"2XL","selected":false,"tempId":"aco_286","gt_translate_keys":["label"]},{"label":"3XL","value":"3XL","selected":false,"tempId":"aco_350","gt_translate_keys":["label"]}],"layOut":"inline","error":false,"checkUi":"button","tooltip":"Choose your T-shirt size \u2013 suitable for both men and women.","show_selected_option":true,"gt_translate_keys":["label","tooltip"],"price_dependency":false,"cl_dependency":false,"value":""}],[{"active":true,"col":6,"relations":[{"operator":false,"rules":[{"operator":"AND","rules":{"cl_field":"select_1672e1bffc57b9","cl_relation":"is_empty","cl_val":true}}]}],"cl_rule":"hide","enableCl":false,"price":"","enablePrice":false,"className":"","label_position":"default","desc_position":"default","type":"file","required":false,"elementId":"file_968d392cdb35ef","name":"file_968d392cdb35ef","label":"Upload your photo(s)","upload_type":"droppable","uploadSize":"50","file_types":["images","docs","design"],"exts_supported":["jpg","jpeg","png","gif","webp","pdf","PSD"],"error":false,"hideImageIn_email":true,"multiple_upload":true,"max_file_count":"25","tooltip":"Upload a couple's photo or separate photos; we will combine both individuals together.","cartLabel":"Photo(s)","allowedFileTypes":".jpg,.jpeg,.png,.gif,.webp,.pdf,.PSD,image\/*,.doc,.docx,.xml,.dot,.docm,.dotm,.dotx,.htm,.html,.odt,.rtf,.txt,.wps,.xps,application\/msword,application\/vnd,.psd,.eps,.ai,.indd,.raw","gt_translate_keys":["label","tooltip"],"price_dependency":false,"cl_dependency":false,"value":""}],[{"active":true,"col":6,"relations":false,"cl_rule":"show","enableCl":false,"price":"","enablePrice":false,"className":"","label_position":"default","desc_position":"default","type":"checkbox","required":false,"elementId":"checkbox_468d392cdb360a","label":"View more options","name":"checkbox_468d392cdb360a","value":"","check_value":"Yes","checkUi":"","error":false,"hideFieldIn_cart":true,"hideFieldIn_order":true,"gt_translate_keys":["label","value","check_value"],"price_dependency":false,"cl_dependency":["text_868d392cdb366a","radio-group_268d392cdb3682","radio-group_368d392cdb3697"]}],[{"active":true,"col":6,"relations":[{"operator":false,"rules":[{"operator":"AND","rules":{"cl_field":"checkbox_468d392cdb360a","cl_relation":"is","cl_val":true}}]}],"cl_rule":"show","enableCl":true,"price":"","enablePrice":false,"className":"","label_position":"default","desc_position":"default","type":"text","subtype":"text","required":false,"elementId":"text_868d392cdb366a","label":"Add text to your T-shirt design (optional)","name":"text_868d392cdb366a","value":"","error":false,"tooltip":"Your text will be added to the top or bottom of the T-shirt design.","placeholder":"eg: Emma & John: Best Couple Ever","cartLabel":"Text","gt_translate_keys":["label","placeholder","value","tooltip"],"price_dependency":false,"cl_dependency":false}],[{"active":true,"col":6,"relations":[{"operator":false,"rules":[{"operator":"AND","rules":{"cl_field":"checkbox_468d392cdb360a","cl_relation":"is","cl_val":true}}]}],"cl_rule":"show","enableCl":true,"price":"","enablePrice":false,"className":"","label_position":"default","desc_position":"default","type":"radio-group","required":true,"elementId":"radio-group_268d392cdb3682","label":"Select t-shirt print location","name":"radio-group_268d392cdb3682","values":[{"label":"Front Side","value":"Front Side","selected":true,"tempId":"aco_5504","gt_translate_keys":["label"]},{"label":"Back Side","value":"Back Side","selected":false,"tempId":"aco_5505","gt_translate_keys":["label"]}],"layOut":"inline","error":false,"checkUi":"","cartLabel":"Print location","gt_translate_keys":["label"],"price_dependency":false,"cl_dependency":false,"value":""}],[{"active":true,"col":6,"relations":[{"operator":false,"rules":[{"operator":"AND","rules":{"cl_field":"checkbox_468d392cdb360a","cl_relation":"is","cl_val":true}}]}],"cl_rule":"show","enableCl":true,"price":"","enablePrice":false,"className":"","label_position":"default","desc_position":"default","type":"radio-group","required":false,"elementId":"radio-group_368d392cdb3697","label":"Would you like to review the design before printing?","name":"radio-group_368d392cdb3697","values":[{"label":"No","value":"No","selected":true,"tempId":"aco_6274","gt_translate_keys":["label"]},{"label":"Yes","value":"Yes","selected":false,"tempId":"aco_6275","price":"","gt_translate_keys":["label"]}],"layOut":"inline","error":false,"checkUi":"","priceOptions":"different_for_all","pricingType":"fixed","use_as_fee":false,"fee_label":"Preview Image","tooltip":"If yes, we\u2019ll email you a preview of the design before printing. This may add 1-2 days to delivery time.*","cartLabel":"Preview Image","hideFieldIn_cart":true,"hideFieldIn_order":false,"gt_translate_keys":["label","tooltip"],"price_dependency":false,"cl_dependency":["content_068d392cdb36ab"],"value":""}],[{"active":true,"col":6,"relations":[{"operator":false,"rules":[{"operator":"AND","rules":{"cl_field":"radio-group_368d392cdb3697","cl_relation":"is","cl_val":"Yes"}}]}],"cl_rule":"show","enableCl":true,"price":"","enablePrice":false,"className":"","label_position":"default","desc_position":"default","type":"content","required":false,"elementId":"content_068d392cdb36ab","label":"","name":"content_068d392cdb36ab","contentType":"plain","value":"Please check your inbox, including Spam or other folders, within 1-2 business days for the preview image","error":false,"subtype":"p","hideFieldIn_cart":true,"hideFieldIn_order":true,"gt_translate_keys":["label","value"],"price_dependency":false,"cl_dependency":false}]]}},"config":{"price_override":"","enable_recaptcha":false,"bind_quantity":false,"quantity_bind_formula":false,"disp_summ_show_option_price":false,"disp_summ_show_product_price":false,"disp_summ_show_total_price":false,"disp_summ_show_fee":false,"disp_summ_show_discount":false,"summary_title":"","options_total_label":"Options Price","total_label":"Total","options_product_label":"Product Price","fee_label":"Fee","discount_label":"Discount","has_price":true,"has_quantity_formula":false},"mc_unit":1,"tax_rate":1,"tax_rate_real":0,"discount":{"percentage":0,"fixed":0},"design":{"conf":{"LabelPosition":"above","DescPosition":"above","UploadField":"default","QuantityFieldStyle":"default"},"css":{"LeftLabelWidth":"120px"}},"formulas":[],"clones":false,"cartKey":false}},"_links":{"self":[{"href":"https:\/\/www.customywear.com\/tr\/wp-json\/wp\/v2\/product\/23281","targetHints":{"allow":["GET"]}}],"collection":[{"href":"https:\/\/www.customywear.com\/tr\/wp-json\/wp\/v2\/product"}],"about":[{"href":"https:\/\/www.customywear.com\/tr\/wp-json\/wp\/v2\/types\/product"}],"replies":[{"embeddable":true,"href":"https:\/\/www.customywear.com\/tr\/wp-json\/wp\/v2\/comments?post=23281"}],"wp:featuredmedia":[{"embeddable":true,"href":"https:\/\/www.customywear.com\/tr\/wp-json\/wp\/v2\/media\/97492"}],"wp:attachment":[{"href":"https:\/\/www.customywear.com\/tr\/wp-json\/wp\/v2\/media?parent=23281"}],"wp:term":[{"taxonomy":"product_brand","embeddable":true,"href":"https:\/\/www.customywear.com\/tr\/wp-json\/wp\/v2\/product_brand?post=23281"},{"taxonomy":"product_cat","embeddable":true,"href":"https:\/\/www.customywear.com\/tr\/wp-json\/wp\/v2\/product_cat?post=23281"},{"taxonomy":"product_tag","embeddable":true,"href":"https:\/\/www.customywear.com\/tr\/wp-json\/wp\/v2\/product_tag?post=23281"}],"curies":[{"name":"wp","href":"https:\/\/api.w.org\/{rel}","templated":true}]}}