{"id":28190,"date":"2024-01-06T13:54:12","date_gmt":"2024-01-06T13:54:12","guid":{"rendered":"https:\/\/www.customywear.com\/?post_type=product&#038;p=28190"},"modified":"2026-05-05T20:00:25","modified_gmt":"2026-05-05T20:00:25","slug":"ciftler-sevgililer-gunu-cicek-tshirt","status":"publish","type":"product","link":"https:\/\/www.customywear.com\/tr\/couples-valentines-flowers-t-shirt\/","title":{"rendered":"\u00c7iftler \u0130\u00e7in Sevgililer G\u00fcn\u00fc \u00c7i\u00e7ekleri \u00d6zel Foto\u011frafl\u0131 Ti\u015f\u00f6rt \u2013 Ki\u015fiselle\u015ftirilmi\u015f Kalp Sembol\u00fc"},"content":{"rendered":"<p><span data-sheets-root=\"1\" data-sheets-value=\"{&quot;1&quot;:2,&quot;2&quot;:&quot;Embark on a journey through love's most cherished memories with our exceptional Valentines Flowers Custom Photo T-Shirt, thoughtfully designed for couples who believe in celebrating their unique connection. This extraordinary piece of wearable art is not just a shirt; it's a canvas for your most treasured moments. Our skilled designers harness their expertise to transform your beloved photos into a masterpiece. With options including unisex adult short sleeve and long sleeve t-shirts, youth and toddler variants, as well as customizable mugs and posters, our collection ensures there's a perfect fit for both partners.rnrnOur design team meticulously removes backgrounds, ensuring precision in color and brightness adjustments while applying subtle Photoshop effects to amplify the beauty of your photos. Each personalized item is a testament to the shared journey of love, ready to be flaunted or displayed as a symbol of your beautiful bond. Gift yourselves a unique experience as a couple with our Valentines Flowers Tee, a tangible representation of the depth of your relationship.&quot;}\" data-sheets-userformat=\"{&quot;2&quot;:4224,&quot;10&quot;:1,&quot;15&quot;:&quot;Arial&quot;}\">E\u015fsiz ba\u011flar\u0131n\u0131 kutlamaya inanan \u00e7iftler i\u00e7in \u00f6zenle tasarlanm\u0131\u015f, ola\u011fan\u00fcst\u00fc Sevgililer G\u00fcn\u00fc \u00c7i\u00e7ekleri \u00d6zel Foto\u011fraf Ti\u015f\u00f6rt\u00fcm\u00fczle a\u015fk\u0131n en de\u011ferli an\u0131lar\u0131nda bir yolculu\u011fa \u00e7\u0131k\u0131n. Bu ola\u011fan\u00fcst\u00fc giyilebilir sanat eseri sadece bir ti\u015f\u00f6rt de\u011fil; en de\u011ferli anlar\u0131n\u0131z i\u00e7in bir tuval. Yetenekli tasar\u0131mc\u0131lar\u0131m\u0131z, sevgili foto\u011fraflar\u0131n\u0131z\u0131 bir \u015fahesere d\u00f6n\u00fc\u015ft\u00fcrmek i\u00e7in uzmanl\u0131klar\u0131n\u0131 kullan\u0131r. Unisex yeti\u015fkin k\u0131sa kollu ve uzun kollu ti\u015f\u00f6rtler, gen\u00e7 ve y\u00fcr\u00fcmeye ba\u015flayan \u00e7ocuk \u00e7e\u015fitleri ve ayr\u0131ca \u00f6zelle\u015ftirilebilir kupalar ve posterler gibi se\u00e7eneklerle koleksiyonumuz, her iki partner i\u00e7in de m\u00fckemmel bir uyum oldu\u011fundan emin olur.<\/span> Tasar\u0131m ekibimiz, foto\u011fraflar\u0131n\u0131z\u0131n g\u00fczelli\u011fini art\u0131rmak i\u00e7in ince Photoshop efektleri uygularken renk ve parlakl\u0131k ayarlamalar\u0131nda hassasiyet sa\u011flayarak arka planlar\u0131 titizlikle kald\u0131r\u0131r. Her ki\u015fiselle\u015ftirilmi\u015f \u00fcr\u00fcn, g\u00fczel ba\u011f\u0131n\u0131z\u0131n bir sembol\u00fc olarak sergilenmeye veya sergilenmeye haz\u0131r, payla\u015f\u0131lan a\u015fk yolculu\u011funun bir kan\u0131t\u0131d\u0131r. \u0130li\u015fkinizin derinli\u011finin somut bir temsili olan Sevgililer G\u00fcn\u00fc \u00c7i\u00e7ekleri Ti\u015f\u00f6rt\u00fcm\u00fczle kendinize bir \u00e7ift olarak benzersiz bir deneyim hediye edin. <\/p>","protected":false},"excerpt":{"rendered":"<p>\u00c7iftin Sevgililer G\u00fcn\u00fc \u00c7i\u00e7ekleri \u00d6zel Foto\u011fraf Ti\u015f\u00f6rt\u00fc ile kalpleri e\u015fle\u015ftirin. Ki\u015fiselle\u015ftirilmi\u015f tees, foto\u011fraflar\u0131 payla\u015f\u0131lan, a\u015fk temal\u0131 tasar\u0131mlara d\u00f6n\u00fc\u015ft\u00fcr\u00fcr.<\/p>","protected":false},"featured_media":96924,"comment_status":"open","ping_status":"closed","template":"","meta":{"_acf_changed":false},"product_brand":[],"product_cat":[6197,6372,6117,6412,6428,251],"product_tag":[6116,6218,237],"class_list":{"0":"post-28190","1":"product","2":"type-product","3":"status-publish","4":"has-post-thumbnail","6":"product_cat-t-shirts-couple","7":"product_cat-couples-valentines-day-t-shirts","8":"product_cat-custom-gifts-flower-heart","9":"product_cat-photo-to-tees","10":"product_cat-translate-products","11":"product_cat-valentines-day","12":"product_tag-color-splash-flower-heart","13":"product_tag-making-your-own-t-shirts","14":"product_tag-personalized-t-shirts","15":"wcpa_has_options","17":"first","18":"instock","19":"taxable","20":"shipping-taxable","21":"purchasable","22":"product-type-simple"},"acf":[],"wcpa_form_fields":{"wcpaData":{"product":{"product_price":24.99,"price_html":"<span class=\"wmc-wc-price\" ><span class=\"woocommerce-Price-amount amount\"><bdi><span class=\"woocommerce-Price-currencySymbol\">&euro;<\/span>24,99<\/bdi><\/span><span data-wmc_price_cache=\"{&quot;USD&quot;:&quot;&lt;span class=\\&quot;woocommerce-Price-amount amount\\&quot;&gt;&lt;bdi&gt;&lt;span class=\\&quot;woocommerce-Price-currencySymbol\\&quot;&gt;&amp;#36;&lt;\\\/span&gt;29,49&lt;\\\/bdi&gt;&lt;\\\/span&gt;&quot;,&quot;EUR&quot;:&quot;&lt;span class=\\&quot;woocommerce-Price-amount amount\\&quot;&gt;&lt;bdi&gt;&lt;span class=\\&quot;woocommerce-Price-currencySymbol\\&quot;&gt;&amp;euro;&lt;\\\/span&gt;24,99&lt;\\\/bdi&gt;&lt;\\\/span&gt;&quot;,&quot;CAD&quot;:&quot;&lt;span class=\\&quot;woocommerce-Price-amount amount\\&quot;&gt;&lt;bdi&gt;&lt;span class=\\&quot;woocommerce-Price-currencySymbol\\&quot;&gt;CAD$ &lt;\\\/span&gt;40,23&lt;\\\/bdi&gt;&lt;\\\/span&gt;&quot;,&quot;GBP&quot;:&quot;&lt;span class=\\&quot;woocommerce-Price-amount amount\\&quot;&gt;&lt;bdi&gt;&lt;span class=\\&quot;woocommerce-Price-currencySymbol\\&quot;&gt;&amp;pound;&lt;\\\/span&gt;21,49&lt;\\\/bdi&gt;&lt;\\\/span&gt;&quot;,&quot;PLN&quot;:&quot;&lt;span class=\\&quot;woocommerce-Price-amount amount\\&quot;&gt;&lt;bdi&gt;&lt;span class=\\&quot;woocommerce-Price-currencySymbol\\&quot;&gt;z\\u0142 &lt;\\\/span&gt;105,96&lt;\\\/bdi&gt;&lt;\\\/span&gt;&quot;,&quot;SEK&quot;:&quot;&lt;span class=\\&quot;woocommerce-Price-amount amount\\&quot;&gt;&lt;bdi&gt;&lt;span class=\\&quot;woocommerce-Price-currencySymbol\\&quot;&gt;kr &lt;\\\/span&gt;271,14&lt;\\\/bdi&gt;&lt;\\\/span&gt;&quot;,&quot;AUD&quot;:&quot;&lt;span class=\\&quot;woocommerce-Price-amount amount\\&quot;&gt;&lt;bdi&gt;&lt;span class=\\&quot;woocommerce-Price-currencySymbol\\&quot;&gt;AUD$ &lt;\\\/span&gt;40,48&lt;\\\/bdi&gt;&lt;\\\/span&gt;&quot;,&quot;JPY&quot;:&quot;&lt;span class=\\&quot;woocommerce-Price-amount amount\\&quot;&gt;&lt;bdi&gt;&lt;span class=\\&quot;woocommerce-Price-currencySymbol\\&quot;&gt;&amp;yen;&lt;\\\/span&gt;4.625,15&lt;\\\/bdi&gt;&lt;\\\/span&gt;&quot;,&quot;CZK&quot;:&quot;&lt;span class=\\&quot;woocommerce-Price-amount amount\\&quot;&gt;&lt;bdi&gt;&lt;span class=\\&quot;woocommerce-Price-currencySymbol\\&quot;&gt;K\\u010d &lt;\\\/span&gt;608,01&lt;\\\/bdi&gt;&lt;\\\/span&gt;&quot;,&quot;NZD&quot;:&quot;&lt;span class=\\&quot;woocommerce-Price-amount amount\\&quot;&gt;&lt;bdi&gt;&lt;span class=\\&quot;woocommerce-Price-currencySymbol\\&quot;&gt;NZD$ &lt;\\\/span&gt;49,23&lt;\\\/bdi&gt;&lt;\\\/span&gt;&quot;,&quot;CHF&quot;:&quot;&lt;span class=\\&quot;woocommerce-Price-amount amount\\&quot;&gt;&lt;bdi&gt;&lt;span class=\\&quot;woocommerce-Price-currencySymbol\\&quot;&gt;CHF &lt;\\\/span&gt;22,99&lt;\\\/bdi&gt;&lt;\\\/span&gt;&quot;}\" style=\"display: none;\" class=\"wmc-price-cache-list\"><\/span><\/span>","original_product_price":24.99,"price_including_tax":24.99,"price_excluding_tax":20.825,"product_id":{"parent":28190,"variation":false},"is_variable":false,"stock_status":"instock","stock_quantity":null,"parent_sku":"cwc 10014","product_attributes":{"pa_color":{"is_variation":false,"values":["black","white","navy","red"]},"pa_age-group":{"is_variation":false,"values":["adult"]},"pa_style":{"is_variation":false,"values":["couple-t-shirt"]},"pa_gender":{"is_variation":false,"values":["unisex"]},"pa_customization":{"is_variation":false,"values":["add-your-photo","add-your-text-or-name","add-your-logo"]},"pa_material":{"is_variation":false,"values":["100-cotton"]},"pa_key-details":{"is_variation":false,"values":["unisex","regular-fit","premium-quality","digital-art"]},"pa_brand":{"is_variation":false,"values":["customywear"]},"pa_size":{"is_variation":false,"values":["xs","s","m","l","xl","2xl","3xl"]},"pa_print-type":{"is_variation":false,"values":["dtg-print-direct-to-garment"]}},"custom_fields":[],"is_taxable":true,"product_name":"Couple's Valentines Flowers Custom Photo T-Shirt - Personalized Heart Symbol"},"fields":{"sec_668d392cdb359a":{"extra":{"key":"sec_668d392cdb359a","section_id":"sec_668d392cdb359a","name":"T-shirt size and color","status":1,"cl_rule":"show","enableCl":false,"relations":[],"toggle":true,"title_tag":"h4","show_title":false,"showPrice":"default","form_id":137337,"form_rules":{"exclude_from_discount":false,"fee_label":"Fee","disp_hide_options_price":false,"disp_show_section_price":false,"disp_show_field_price":true,"layout_option":"standard","pric_use_as_fee":false,"process_fee_as":"woo_fee"},"layout_option":"standard"},"fields":[[{"active":true,"col":6,"relations":false,"cl_rule":"show","enableCl":false,"price":"","enablePrice":false,"className":"","label_position":"default","desc_position":"default","type":"color-group","required":false,"elementId":"color_group_6231271873","label":"Color","name":"color_group_6231271873","disp_type":"circle","values":[{"label":"Black","value":"Black","selected":false,"color":"#000000","tempId":"aco_909","gt_translate_keys":["label"]},{"label":"White","value":"White","selected":false,"color":"#ffffff","tempId":"aco_910","gt_translate_keys":["label"]},{"label":"Navy","value":"Navy","selected":false,"color":"#213a92","tempId":"aco_911","gt_translate_keys":["label"]},{"label":"Red","value":"Red","selected":false,"color":"#d0021b","tempId":"aco_1102","gt_translate_keys":["label"]}],"layOut":"inline","error":false,"tooltip":"Pick your preferred T-shirt color","selection_type":"tick-border","show_selected_option":true,"adjust_width":true,"show_label_inside":false,"cart_display_type":"text","gt_translate_keys":["label","tooltip"],"price_dependency":false,"cl_dependency":false,"value":""}],[{"active":true,"col":6,"relations":false,"cl_rule":"show","enableCl":false,"price":"","enablePrice":false,"className":"","label_position":"default","desc_position":"default","type":"radio-group","required":false,"elementId":"radio-group_068d392cdb35d9","label":"Size ","name":"radio-group_068d392cdb35d9","values":[{"label":"XS","value":"XS","selected":false,"tempId":"aco_128","gt_translate_keys":["label"]},{"label":"S","value":"S","selected":false,"tempId":"aco_129","gt_translate_keys":["label"]},{"label":"M","value":"M","selected":false,"tempId":"aco_130","gt_translate_keys":["label"]},{"label":"L","value":"L","selected":false,"tempId":"aco_212","gt_translate_keys":["label"]},{"label":"XL","value":"XL","selected":false,"tempId":"aco_222","gt_translate_keys":["label"]},{"label":"2XL","value":"2XL","selected":false,"tempId":"aco_286","gt_translate_keys":["label"]},{"label":"3XL","value":"3XL","selected":false,"tempId":"aco_350","gt_translate_keys":["label"]}],"layOut":"inline","error":false,"checkUi":"button","tooltip":"Choose your T-shirt size \u2013 suitable for both men and women.","show_selected_option":true,"gt_translate_keys":["label","tooltip"],"price_dependency":false,"cl_dependency":false,"value":""}],[{"active":true,"col":6,"relations":[{"operator":false,"rules":[{"operator":"AND","rules":{"cl_field":"select_1672e1bffc57b9","cl_relation":"is_empty","cl_val":true}}]}],"cl_rule":"hide","enableCl":false,"price":"","enablePrice":false,"className":"","label_position":"default","desc_position":"default","type":"file","required":false,"elementId":"file_968d392cdb35ef","name":"file_968d392cdb35ef","label":"Upload your photo(s)","upload_type":"droppable","uploadSize":"50","file_types":["images","docs","design"],"exts_supported":["jpg","jpeg","png","gif","webp","pdf","PSD"],"error":false,"hideImageIn_email":true,"multiple_upload":true,"max_file_count":"25","tooltip":"Upload a couple's photo or separate photos; we will combine both individuals together.","cartLabel":"Photo(s)","allowedFileTypes":".jpg,.jpeg,.png,.gif,.webp,.pdf,.PSD,image\/*,.doc,.docx,.xml,.dot,.docm,.dotm,.dotx,.htm,.html,.odt,.rtf,.txt,.wps,.xps,application\/msword,application\/vnd,.psd,.eps,.ai,.indd,.raw","gt_translate_keys":["label","tooltip"],"price_dependency":false,"cl_dependency":false,"value":""}],[{"active":true,"col":6,"relations":false,"cl_rule":"show","enableCl":false,"price":"","enablePrice":false,"className":"","label_position":"default","desc_position":"default","type":"checkbox","required":false,"elementId":"checkbox_468d392cdb360a","label":"View more options","name":"checkbox_468d392cdb360a","value":"","check_value":"Yes","checkUi":"","error":false,"hideFieldIn_cart":true,"hideFieldIn_order":true,"gt_translate_keys":["label","value","check_value"],"price_dependency":false,"cl_dependency":["text_868d392cdb366a","radio-group_268d392cdb3682","radio-group_368d392cdb3697"]}],[{"active":true,"col":6,"relations":[{"operator":false,"rules":[{"operator":"AND","rules":{"cl_field":"checkbox_468d392cdb360a","cl_relation":"is","cl_val":true}}]}],"cl_rule":"show","enableCl":true,"price":"","enablePrice":false,"className":"","label_position":"default","desc_position":"default","type":"text","subtype":"text","required":false,"elementId":"text_868d392cdb366a","label":"Add text to your T-shirt design (optional)","name":"text_868d392cdb366a","value":"","error":false,"tooltip":"Your text will be added to the top or bottom of the T-shirt design.","placeholder":"eg: Emma & John: Best Couple Ever","cartLabel":"Text","gt_translate_keys":["label","placeholder","value","tooltip"],"price_dependency":false,"cl_dependency":false}],[{"active":true,"col":6,"relations":[{"operator":false,"rules":[{"operator":"AND","rules":{"cl_field":"checkbox_468d392cdb360a","cl_relation":"is","cl_val":true}}]}],"cl_rule":"show","enableCl":true,"price":"","enablePrice":false,"className":"","label_position":"default","desc_position":"default","type":"radio-group","required":true,"elementId":"radio-group_268d392cdb3682","label":"Select t-shirt print location","name":"radio-group_268d392cdb3682","values":[{"label":"Front Side","value":"Front Side","selected":true,"tempId":"aco_5504","gt_translate_keys":["label"]},{"label":"Back Side","value":"Back Side","selected":false,"tempId":"aco_5505","gt_translate_keys":["label"]}],"layOut":"inline","error":false,"checkUi":"","cartLabel":"Print location","gt_translate_keys":["label"],"price_dependency":false,"cl_dependency":false,"value":""}],[{"active":true,"col":6,"relations":[{"operator":false,"rules":[{"operator":"AND","rules":{"cl_field":"checkbox_468d392cdb360a","cl_relation":"is","cl_val":true}}]}],"cl_rule":"show","enableCl":true,"price":"","enablePrice":false,"className":"","label_position":"default","desc_position":"default","type":"radio-group","required":false,"elementId":"radio-group_368d392cdb3697","label":"Would you like to review the design before printing?","name":"radio-group_368d392cdb3697","values":[{"label":"No","value":"No","selected":true,"tempId":"aco_6274","gt_translate_keys":["label"]},{"label":"Yes","value":"Yes","selected":false,"tempId":"aco_6275","price":"","gt_translate_keys":["label"]}],"layOut":"inline","error":false,"checkUi":"","priceOptions":"different_for_all","pricingType":"fixed","use_as_fee":false,"fee_label":"Preview Image","tooltip":"If yes, we\u2019ll email you a preview of the design before printing. This may add 1-2 days to delivery time.*","cartLabel":"Preview Image","hideFieldIn_cart":true,"hideFieldIn_order":false,"gt_translate_keys":["label","tooltip"],"price_dependency":false,"cl_dependency":["content_068d392cdb36ab"],"value":""}],[{"active":true,"col":6,"relations":[{"operator":false,"rules":[{"operator":"AND","rules":{"cl_field":"radio-group_368d392cdb3697","cl_relation":"is","cl_val":"Yes"}}]}],"cl_rule":"show","enableCl":true,"price":"","enablePrice":false,"className":"","label_position":"default","desc_position":"default","type":"content","required":false,"elementId":"content_068d392cdb36ab","label":"","name":"content_068d392cdb36ab","contentType":"plain","value":"Please check your inbox, including Spam or other folders, within 1-2 business days for the preview image","error":false,"subtype":"p","hideFieldIn_cart":true,"hideFieldIn_order":true,"gt_translate_keys":["label","value"],"price_dependency":false,"cl_dependency":false}]]}},"config":{"price_override":"","enable_recaptcha":false,"bind_quantity":false,"quantity_bind_formula":false,"disp_summ_show_option_price":false,"disp_summ_show_product_price":false,"disp_summ_show_total_price":false,"disp_summ_show_fee":false,"disp_summ_show_discount":false,"summary_title":"","options_total_label":"Options Price","total_label":"Total","options_product_label":"Product Price","fee_label":"Fee","discount_label":"Discount","has_price":true,"has_quantity_formula":false},"mc_unit":1,"tax_rate":1,"tax_rate_real":0,"discount":{"percentage":0,"fixed":0},"design":{"conf":{"LabelPosition":"above","DescPosition":"above","UploadField":"default","QuantityFieldStyle":"default"},"css":{"LeftLabelWidth":"120px"}},"formulas":[],"clones":false,"cartKey":false}},"_links":{"self":[{"href":"https:\/\/www.customywear.com\/tr\/wp-json\/wp\/v2\/product\/28190","targetHints":{"allow":["GET"]}}],"collection":[{"href":"https:\/\/www.customywear.com\/tr\/wp-json\/wp\/v2\/product"}],"about":[{"href":"https:\/\/www.customywear.com\/tr\/wp-json\/wp\/v2\/types\/product"}],"replies":[{"embeddable":true,"href":"https:\/\/www.customywear.com\/tr\/wp-json\/wp\/v2\/comments?post=28190"}],"wp:featuredmedia":[{"embeddable":true,"href":"https:\/\/www.customywear.com\/tr\/wp-json\/wp\/v2\/media\/96924"}],"wp:attachment":[{"href":"https:\/\/www.customywear.com\/tr\/wp-json\/wp\/v2\/media?parent=28190"}],"wp:term":[{"taxonomy":"product_brand","embeddable":true,"href":"https:\/\/www.customywear.com\/tr\/wp-json\/wp\/v2\/product_brand?post=28190"},{"taxonomy":"product_cat","embeddable":true,"href":"https:\/\/www.customywear.com\/tr\/wp-json\/wp\/v2\/product_cat?post=28190"},{"taxonomy":"product_tag","embeddable":true,"href":"https:\/\/www.customywear.com\/tr\/wp-json\/wp\/v2\/product_tag?post=28190"}],"curies":[{"name":"wp","href":"https:\/\/api.w.org\/{rel}","templated":true}]}}