{"id":31490,"date":"2024-04-09T23:46:20","date_gmt":"2024-04-09T23:46:20","guid":{"rendered":"https:\/\/www.customywear.com\/?post_type=product&#038;p=31490"},"modified":"2026-05-13T19:50:29","modified_gmt":"2026-05-13T19:50:29","slug":"ciftler-golf-tshirt","status":"publish","type":"product","link":"https:\/\/www.customywear.com\/tr\/couples-golf-shirt\/","title":{"rendered":"\u00c7iftler \u0130\u00e7in Golf Ti\u015f\u00f6rt\u00fc \u2013 \u015e\u0131k Golf \u0130kilileri \u0130\u00e7in Ki\u015fiselle\u015ftirilmi\u015f Ti\u015f\u00f6rtler"},"content":{"rendered":"<p><span data-sheets-root=\"1\" data-sheets-value=\"{&quot;1&quot;:2,&quot;2&quot;:&quot;Couples Golf Shirt - Hit the fairways in style with our custom couples golf shirts! Whether you're teeing off with your significant other or hitting the links with a friend, these shirts are perfect for both men and women, boys and girls, even toddlers! Each shirt features unique artwork hand-drawn from your photos, ensuring you and your partner stand out on the course with personalized designs that reflect your shared love of golf.&quot;}\" data-sheets-userformat=\"{&quot;2&quot;:4993,&quot;3&quot;:{&quot;1&quot;:0},&quot;10&quot;:1,&quot;11&quot;:3,&quot;12&quot;:0,&quot;15&quot;:&quot;Arial&quot;}\">\u00c7iftler \u0130\u00e7in Golf G\u00f6mle\u011fi \u2013 \u00d6zel \u00e7iftler i\u00e7in golf g\u00f6mleklerimizle fairway&#039;lere \u015f\u0131k bir \u015fekilde vurun! \u0130ster sevgilinizle vuru\u015f yap\u0131n ister bir arkada\u015f\u0131n\u0131zla golf oynay\u0131n, bu g\u00f6mlekler hem erkekler hem de kad\u0131nlar, erkek ve k\u0131z \u00e7ocuklar\u0131, hatta y\u00fcr\u00fcmeye ba\u015flayan \u00e7ocuklar i\u00e7in m\u00fckemmeldir! Her g\u00f6mlek, foto\u011fraflar\u0131n\u0131zdan elle \u00e7izilmi\u015f benzersiz bir sanat eserine sahiptir ve sizin ve e\u015finizin golf sevginizi yans\u0131tan ki\u015fiselle\u015ftirilmi\u015f tasar\u0131mlarla sahada \u00f6ne \u00e7\u0131kman\u0131z\u0131 sa\u011flar.<\/span><\/p>","protected":false},"excerpt":{"rendered":"<p>\u00c7ift golf g\u00f6mlekleri ile birlikte ti\u015f\u00f6rt yap\u0131n. \u015e\u0131k golf ikilileri i\u00e7in ki\u015fiselle\u015ftirilmi\u015f ti\u015f\u00f6rtler, herhangi bir foto\u011fraf\u0131 e\u015fle\u015fen, benzersiz ti\u015f\u00f6rtlere d\u00f6n\u00fc\u015ft\u00fcr\u00fcr.<\/p>","protected":false},"featured_media":143873,"comment_status":"open","ping_status":"closed","template":"","meta":{"_acf_changed":false},"product_brand":[],"product_cat":[6197,6365,6369,933,6412,6428],"product_tag":[6440,6218,237],"class_list":{"0":"post-31490","1":"product","2":"type-product","3":"status-publish","4":"has-post-thumbnail","6":"product_cat-t-shirts-couple","7":"product_cat-couples-sports-t-shirts","8":"product_cat-couples-summer-t-shirts","9":"product_cat-custom-gifts-golf-players","10":"product_cat-photo-to-tees","11":"product_cat-translate-products","12":"product_tag-ai-artwork-couple","13":"product_tag-making-your-own-t-shirts","14":"product_tag-personalized-t-shirts","16":"first","17":"instock","18":"taxable","19":"shipping-taxable","20":"purchasable","21":"product-type-simple"},"acf":[],"wcpa_form_fields":null,"_links":{"self":[{"href":"https:\/\/www.customywear.com\/tr\/wp-json\/wp\/v2\/product\/31490","targetHints":{"allow":["GET"]}}],"collection":[{"href":"https:\/\/www.customywear.com\/tr\/wp-json\/wp\/v2\/product"}],"about":[{"href":"https:\/\/www.customywear.com\/tr\/wp-json\/wp\/v2\/types\/product"}],"replies":[{"embeddable":true,"href":"https:\/\/www.customywear.com\/tr\/wp-json\/wp\/v2\/comments?post=31490"}],"wp:featuredmedia":[{"embeddable":true,"href":"https:\/\/www.customywear.com\/tr\/wp-json\/wp\/v2\/media\/143873"}],"wp:attachment":[{"href":"https:\/\/www.customywear.com\/tr\/wp-json\/wp\/v2\/media?parent=31490"}],"wp:term":[{"taxonomy":"product_brand","embeddable":true,"href":"https:\/\/www.customywear.com\/tr\/wp-json\/wp\/v2\/product_brand?post=31490"},{"taxonomy":"product_cat","embeddable":true,"href":"https:\/\/www.customywear.com\/tr\/wp-json\/wp\/v2\/product_cat?post=31490"},{"taxonomy":"product_tag","embeddable":true,"href":"https:\/\/www.customywear.com\/tr\/wp-json\/wp\/v2\/product_tag?post=31490"}],"curies":[{"name":"wp","href":"https:\/\/api.w.org\/{rel}","templated":true}]}}