{"id":31498,"date":"2024-04-10T00:05:50","date_gmt":"2024-04-10T00:05:50","guid":{"rendered":"https:\/\/www.customywear.com\/?post_type=product&#038;p=31498"},"modified":"2026-05-07T15:29:47","modified_gmt":"2026-05-07T15:29:47","slug":"golf-tisort-cocuklar","status":"publish","type":"product","link":"https:\/\/www.customywear.com\/tr\/golf-shirt-for-kids\/","title":{"rendered":"\u00c7ocuklar \u0130\u00e7in Golf Ti\u015f\u00f6rt\u00fc \u2013 Gen\u00e7 Golf\u00e7\u00fcler \u0130\u00e7in Ki\u015fiselle\u015ftirilmi\u015f Ti\u015f\u00f6rtler"},"content":{"rendered":"<p><span data-sheets-root=\"1\" data-sheets-value=\"{&quot;1&quot;:2,&quot;2&quot;:&quot;Golf Shirt for Kids - Get your young ones ready for a day on the links with our custom golf shirts for kids! Available for boys, girls, and toddlers, these shirts are designed to provide comfort and style while they learn the game. Each shirt features unique artwork hand-drawn from customer photos, ensuring your child stands out on the course with personalized designs that reflect their love for golf.&quot;}\" data-sheets-userformat=\"{&quot;2&quot;:897,&quot;3&quot;:{&quot;1&quot;:0},&quot;10&quot;:1,&quot;11&quot;:3,&quot;12&quot;:0}\">\u00c7ocuklar \u0130\u00e7in Golf Ti\u015f\u00f6rt\u00fc \u2013 \u00c7ocuklar\u0131n\u0131za \u00f6zel golf ti\u015f\u00f6rtlerimizle golf sahalar\u0131nda ge\u00e7irecekleri bir g\u00fcne haz\u0131r olun! Erkek, k\u0131z ve y\u00fcr\u00fcmeye ba\u015flayan \u00e7ocuklar i\u00e7in mevcut olan bu ti\u015f\u00f6rtler, oyunu \u00f6\u011frenirken konfor ve stil sa\u011flamak i\u00e7in tasarlanm\u0131\u015ft\u0131r. Her ti\u015f\u00f6rt, m\u00fc\u015fteri foto\u011fraflar\u0131ndan elle \u00e7izilmi\u015f benzersiz sanat eserlerine sahiptir ve \u00e7ocu\u011funuzun golf sevgisini yans\u0131tan ki\u015fiselle\u015ftirilmi\u015f tasar\u0131mlarla sahada \u00f6ne \u00e7\u0131kmas\u0131n\u0131 sa\u011flar.<\/span><\/p>","protected":false},"excerpt":{"rendered":"<p>\u00c7ocuklar i\u00e7in bir golf g\u00f6mle\u011fi ile \u015f\u0131k bir \u015fekilde sallay\u0131n. Gen\u00e7 golf\u00e7\u00fcler i\u00e7in ki\u015fiselle\u015ftirilmi\u015f ti\u015f\u00f6rtler, herhangi bir foto\u011fraf\u0131 e\u011flenceli, sportif bir ti\u015f\u00f6rte d\u00f6n\u00fc\u015ft\u00fcr\u00fcr.<\/p>","protected":false},"featured_media":142782,"comment_status":"open","ping_status":"closed","template":"","meta":{"_acf_changed":false},"product_brand":[],"product_cat":[6189,933,6412,6428],"product_tag":[6433,6439,6221],"class_list":{"0":"post-31498","1":"product","2":"type-product","3":"status-publish","4":"has-post-thumbnail","6":"product_cat-boys-t-shirts","7":"product_cat-custom-gifts-golf-players","8":"product_cat-photo-to-tees","9":"product_cat-translate-products","10":"product_tag-ai-artwork","11":"product_tag-ai-kids-artwork","12":"product_tag-custom-t-shirts-near-me","14":"first","15":"instock","16":"taxable","17":"shipping-taxable","18":"purchasable","19":"product-type-simple"},"acf":[],"wcpa_form_fields":null,"_links":{"self":[{"href":"https:\/\/www.customywear.com\/tr\/wp-json\/wp\/v2\/product\/31498","targetHints":{"allow":["GET"]}}],"collection":[{"href":"https:\/\/www.customywear.com\/tr\/wp-json\/wp\/v2\/product"}],"about":[{"href":"https:\/\/www.customywear.com\/tr\/wp-json\/wp\/v2\/types\/product"}],"replies":[{"embeddable":true,"href":"https:\/\/www.customywear.com\/tr\/wp-json\/wp\/v2\/comments?post=31498"}],"wp:featuredmedia":[{"embeddable":true,"href":"https:\/\/www.customywear.com\/tr\/wp-json\/wp\/v2\/media\/142782"}],"wp:attachment":[{"href":"https:\/\/www.customywear.com\/tr\/wp-json\/wp\/v2\/media?parent=31498"}],"wp:term":[{"taxonomy":"product_brand","embeddable":true,"href":"https:\/\/www.customywear.com\/tr\/wp-json\/wp\/v2\/product_brand?post=31498"},{"taxonomy":"product_cat","embeddable":true,"href":"https:\/\/www.customywear.com\/tr\/wp-json\/wp\/v2\/product_cat?post=31498"},{"taxonomy":"product_tag","embeddable":true,"href":"https:\/\/www.customywear.com\/tr\/wp-json\/wp\/v2\/product_tag?post=31498"}],"curies":[{"name":"wp","href":"https:\/\/api.w.org\/{rel}","templated":true}]}}