{"id":34022,"date":"2024-04-15T13:48:48","date_gmt":"2024-04-15T13:48:48","guid":{"rendered":"https:\/\/www.customywear.com\/?post_type=product&#038;p=34022"},"modified":"2026-05-13T19:50:29","modified_gmt":"2026-05-13T19:50:29","slug":"super-kahraman-ciftler-tisortu","status":"publish","type":"product","link":"https:\/\/www.customywear.com\/tr\/superhero-couples-shirt\/","title":{"rendered":"S\u00fcper Kahraman \u00c7iftler Ti\u015f\u00f6rt\u00fc \u2013 S\u00fcper \u0130kililer \u0130\u00e7in Ki\u015fiselle\u015ftirilmi\u015f E\u015fle\u015fen Ti\u015f\u00f6rtler"},"content":{"rendered":"<p><span data-sheets-root=\"1\" data-sheets-value=\"{&quot;1&quot;:2,&quot;2&quot;:&quot;Superhero Couples Shirt: Unleash your inner hero as a dynamic duo with our custom-designed t-shirts. Hand-drawn from your photo, our unique artwork adorns comfortable tees suitable for men, women, boys, girls, and toddlers. Let us help you create a powerful statement of love and teamwork with our matching superhero tees!&quot;}\" data-sheets-userformat=\"{&quot;2&quot;:897,&quot;3&quot;:{&quot;1&quot;:0},&quot;10&quot;:1,&quot;11&quot;:3,&quot;12&quot;:0}\">S\u00fcper Kahraman \u00c7iftler Ti\u015f\u00f6rt\u00fc: \u00d6zel tasar\u0131m ti\u015f\u00f6rtlerimizle dinamik bir ikili olarak i\u00e7inizdeki kahraman\u0131 serbest b\u0131rak\u0131n. Foto\u011fraf\u0131n\u0131zdan elle \u00e7izilmi\u015f benzersiz sanat eserimiz, erkekler, kad\u0131nlar, erkekler, k\u0131zlar ve y\u00fcr\u00fcmeye ba\u015flayan \u00e7ocuklar i\u00e7in uygun rahat ti\u015f\u00f6rtleri s\u00fcsl\u00fcyor. E\u015fle\u015fen s\u00fcper kahraman ti\u015f\u00f6rtlerimizle g\u00fc\u00e7l\u00fc bir sevgi ve tak\u0131m \u00e7al\u0131\u015fmas\u0131 ifadesi yaratman\u0131za yard\u0131mc\u0131 olal\u0131m!<\/span><\/p>","protected":false},"excerpt":{"rendered":"<p>Bir s\u00fcper kahraman \u00e7iftler g\u00f6mle\u011fi ile kahramanl\u0131k i\u00e7inde birle\u015fin. S\u00fcper ikililer i\u00e7in ki\u015fiselle\u015ftirilmi\u015f e\u015fle\u015fen ti\u015f\u00f6rtler, herhangi bir foto\u011fraf\u0131 cesur, t\u00fcr\u00fcn\u00fcn tek \u00f6rne\u011fi ti\u015f\u00f6rtlere d\u00f6n\u00fc\u015ft\u00fcr\u00fcr.<\/p>","protected":false},"featured_media":143993,"comment_status":"open","ping_status":"closed","template":"","meta":{"_acf_changed":false},"product_brand":[],"product_cat":[6197,6363,1621,6412,6428,251],"product_tag":[6440,6329,6218,237],"class_list":{"0":"post-34022","1":"product","2":"type-product","3":"status-publish","4":"has-post-thumbnail","6":"product_cat-t-shirts-couple","7":"product_cat-couples-superhero-t-shirts","8":"product_cat-custom-gifts-original-superhero","9":"product_cat-photo-to-tees","10":"product_cat-translate-products","11":"product_cat-valentines-day","12":"product_tag-ai-artwork-couple","13":"product_tag-custom-t-shirt-from-selfie-for-couples","14":"product_tag-making-your-own-t-shirts","15":"product_tag-personalized-t-shirts","17":"first","18":"instock","19":"taxable","20":"shipping-taxable","21":"purchasable","22":"product-type-simple"},"acf":[],"wcpa_form_fields":null,"_links":{"self":[{"href":"https:\/\/www.customywear.com\/tr\/wp-json\/wp\/v2\/product\/34022","targetHints":{"allow":["GET"]}}],"collection":[{"href":"https:\/\/www.customywear.com\/tr\/wp-json\/wp\/v2\/product"}],"about":[{"href":"https:\/\/www.customywear.com\/tr\/wp-json\/wp\/v2\/types\/product"}],"replies":[{"embeddable":true,"href":"https:\/\/www.customywear.com\/tr\/wp-json\/wp\/v2\/comments?post=34022"}],"wp:featuredmedia":[{"embeddable":true,"href":"https:\/\/www.customywear.com\/tr\/wp-json\/wp\/v2\/media\/143993"}],"wp:attachment":[{"href":"https:\/\/www.customywear.com\/tr\/wp-json\/wp\/v2\/media?parent=34022"}],"wp:term":[{"taxonomy":"product_brand","embeddable":true,"href":"https:\/\/www.customywear.com\/tr\/wp-json\/wp\/v2\/product_brand?post=34022"},{"taxonomy":"product_cat","embeddable":true,"href":"https:\/\/www.customywear.com\/tr\/wp-json\/wp\/v2\/product_cat?post=34022"},{"taxonomy":"product_tag","embeddable":true,"href":"https:\/\/www.customywear.com\/tr\/wp-json\/wp\/v2\/product_tag?post=34022"}],"curies":[{"name":"wp","href":"https:\/\/api.w.org\/{rel}","templated":true}]}}