{"id":34031,"date":"2024-04-15T14:07:38","date_gmt":"2024-04-15T14:07:38","guid":{"rendered":"https:\/\/www.customywear.com\/?post_type=product&#038;p=34031"},"modified":"2026-05-07T15:29:46","modified_gmt":"2026-05-07T15:29:46","slug":"superkahraman-cocuk-tisort","status":"publish","type":"product","link":"https:\/\/www.customywear.com\/tr\/superhero-kids-shirt\/","title":{"rendered":"S\u00fcper Kahraman \u00c7ocuk G\u00f6mle\u011fi \u2013 Erkek ve K\u0131z \u00c7ocuklar\u0131 \u0130\u00e7in \u00d6zel Sanat Eserli Ti\u015f\u00f6rt"},"content":{"rendered":"<p><span data-sheets-root=\"1\" data-sheets-value=\"{&quot;1&quot;:2,&quot;2&quot;:&quot;Superhero Kids Shirt: Let your little ones unleash their inner hero with our custom-designed t-shirts. Hand-drawn from their photo, our unique artwork adorns comfortable tees suitable for boys, girls, and toddlers. Help them stand out with our personalized superhero tees, crafted with love and creativity!&quot;}\" data-sheets-userformat=\"{&quot;2&quot;:897,&quot;3&quot;:{&quot;1&quot;:0},&quot;10&quot;:1,&quot;11&quot;:3,&quot;12&quot;:0}\">S\u00fcper Kahraman \u00c7ocuk Ti\u015f\u00f6rt\u00fc: K\u00fc\u00e7\u00fcklerinizin i\u00e7lerindeki kahraman\u0131 \u00f6zel tasar\u0131m ti\u015f\u00f6rtlerimizle serbest b\u0131rakmalar\u0131na izin verin. Foto\u011fraflar\u0131ndan elle \u00e7izilmi\u015f benzersiz sanat eserimiz, erkek, k\u0131z ve y\u00fcr\u00fcmeye ba\u015flayan \u00e7ocuklar i\u00e7in uygun rahat ti\u015f\u00f6rtleri s\u00fcsl\u00fcyor. Sevgi ve yarat\u0131c\u0131l\u0131kla haz\u0131rlanm\u0131\u015f ki\u015fiselle\u015ftirilmi\u015f s\u00fcper kahraman ti\u015f\u00f6rtlerimizle \u00f6ne \u00e7\u0131kmalar\u0131na yard\u0131mc\u0131 olun!<\/span><\/p>","protected":false},"excerpt":{"rendered":"<p>Bir s\u00fcper kahraman \u00e7ocuk g\u00f6mle\u011fi ile maceraya ilham verin. Erkek ve k\u0131z \u00e7ocuklar\u0131 i\u00e7in \u00f6zel sanat ti\u015f\u00f6rtleri, herhangi bir foto\u011fraf\u0131 benzersiz, e\u011flenceli bir ti\u015f\u00f6rte d\u00f6n\u00fc\u015ft\u00fcr\u00fcr.<\/p>","protected":false},"featured_media":142438,"comment_status":"open","ping_status":"closed","template":"","meta":{"_acf_changed":false},"product_brand":[],"product_cat":[6189,496,1621,6412,6428],"product_tag":[6433,6439,6221,6330],"class_list":{"0":"post-34031","1":"product","2":"type-product","3":"status-publish","4":"has-post-thumbnail","6":"product_cat-boys-t-shirts","7":"product_cat-birthday","8":"product_cat-custom-gifts-original-superhero","9":"product_cat-photo-to-tees","10":"product_cat-translate-products","11":"product_tag-ai-artwork","12":"product_tag-ai-kids-artwork","13":"product_tag-custom-t-shirts-near-me","14":"product_tag-photo-print-t-shirt-for-boys","16":"first","17":"instock","18":"taxable","19":"shipping-taxable","20":"purchasable","21":"product-type-simple"},"acf":[],"wcpa_form_fields":null,"_links":{"self":[{"href":"https:\/\/www.customywear.com\/tr\/wp-json\/wp\/v2\/product\/34031","targetHints":{"allow":["GET"]}}],"collection":[{"href":"https:\/\/www.customywear.com\/tr\/wp-json\/wp\/v2\/product"}],"about":[{"href":"https:\/\/www.customywear.com\/tr\/wp-json\/wp\/v2\/types\/product"}],"replies":[{"embeddable":true,"href":"https:\/\/www.customywear.com\/tr\/wp-json\/wp\/v2\/comments?post=34031"}],"wp:featuredmedia":[{"embeddable":true,"href":"https:\/\/www.customywear.com\/tr\/wp-json\/wp\/v2\/media\/142438"}],"wp:attachment":[{"href":"https:\/\/www.customywear.com\/tr\/wp-json\/wp\/v2\/media?parent=34031"}],"wp:term":[{"taxonomy":"product_brand","embeddable":true,"href":"https:\/\/www.customywear.com\/tr\/wp-json\/wp\/v2\/product_brand?post=34031"},{"taxonomy":"product_cat","embeddable":true,"href":"https:\/\/www.customywear.com\/tr\/wp-json\/wp\/v2\/product_cat?post=34031"},{"taxonomy":"product_tag","embeddable":true,"href":"https:\/\/www.customywear.com\/tr\/wp-json\/wp\/v2\/product_tag?post=34031"}],"curies":[{"name":"wp","href":"https:\/\/api.w.org\/{rel}","templated":true}]}}