{"id":34275,"date":"2024-04-23T06:34:27","date_gmt":"2024-04-23T06:34:27","guid":{"rendered":"https:\/\/www.customywear.com\/?post_type=product&#038;p=34275"},"modified":"2026-05-05T20:24:07","modified_gmt":"2026-05-05T20:24:07","slug":"klasik-surf-tshirtler","status":"publish","type":"product","link":"https:\/\/www.customywear.com\/tr\/classic-surf-shirts\/","title":{"rendered":"Klasik S\u00f6rf G\u00f6mlekleri \u2013 \u00d6zel Ti\u015f\u00f6rtlerle Dalgalar\u0131n \u00dczerinde Gezinin"},"content":{"rendered":"<p><span data-sheets-root=\"1\" data-sheets-value=\"{&quot;1&quot;:2,&quot;2&quot;:&quot;Classic Surf Shirts: Dive into nostalgia with our custom classic surf tees! We'll transform your photo into a retro-inspired surfing scene, capturing the essence of old-school surf culture right on your shirt. Whether you're hitting the beach or chilling with friends, stand out with our classic surf shirts.&quot;}\" data-sheets-userformat=\"{&quot;2&quot;:897,&quot;3&quot;:{&quot;1&quot;:0},&quot;10&quot;:1,&quot;11&quot;:3,&quot;12&quot;:0}\">Klasik S\u00f6rf G\u00f6mlekleri: \u00d6zel klasik s\u00f6rf ti\u015f\u00f6rtlerimizle nostaljiye dal\u0131n! Foto\u011fraf\u0131n\u0131z\u0131 retro esintili bir s\u00f6rf sahnesine d\u00f6n\u00fc\u015ft\u00fcrece\u011fiz ve eski okul s\u00f6rf k\u00fclt\u00fcr\u00fcn\u00fcn \u00f6z\u00fcn\u00fc do\u011frudan ti\u015f\u00f6rt\u00fcn\u00fcze yans\u0131taca\u011f\u0131z. \u0130ster plaja gidiyor olun ister arkada\u015flar\u0131n\u0131zla vakit ge\u00e7iriyor olun, klasik s\u00f6rf ti\u015f\u00f6rtlerimizle \u00f6ne \u00e7\u0131k\u0131n.<\/span><\/p>","protected":false},"excerpt":{"rendered":"<p>Klasik s\u00f6rf g\u00f6mlekleri ile dalgalar\u0131 yakalay\u0131n. \u00d6zel ti\u015f\u00f6rtler, herhangi bir foto\u011fraf\u0131 cesur, plajdan ilham alan bir ti\u015f\u00f6rte d\u00f6n\u00fc\u015ft\u00fcr\u00fcr.<\/p>","protected":false},"featured_media":143144,"comment_status":"open","ping_status":"closed","template":"","meta":{"_acf_changed":false},"product_brand":[],"product_cat":[6195,1189,6348,6412,307,6428],"product_tag":[6433,6216,6219,6220],"class_list":{"0":"post-34275","1":"product","2":"type-product","3":"status-publish","4":"has-post-thumbnail","6":"product_cat-t-shirts-men","7":"product_cat-custom-gifts-surfing","8":"product_cat-mens-summer-t-shirts","9":"product_cat-photo-to-tees","10":"product_cat-summer","11":"product_cat-translate-products","12":"product_tag-ai-artwork","13":"product_tag-mens-custom-t-shirts","14":"product_tag-order-custom-shirts","15":"product_tag-t-shirt-printing-near-me","17":"first","18":"instock","19":"taxable","20":"shipping-taxable","21":"purchasable","22":"product-type-simple"},"acf":[],"wcpa_form_fields":null,"_links":{"self":[{"href":"https:\/\/www.customywear.com\/tr\/wp-json\/wp\/v2\/product\/34275","targetHints":{"allow":["GET"]}}],"collection":[{"href":"https:\/\/www.customywear.com\/tr\/wp-json\/wp\/v2\/product"}],"about":[{"href":"https:\/\/www.customywear.com\/tr\/wp-json\/wp\/v2\/types\/product"}],"replies":[{"embeddable":true,"href":"https:\/\/www.customywear.com\/tr\/wp-json\/wp\/v2\/comments?post=34275"}],"wp:featuredmedia":[{"embeddable":true,"href":"https:\/\/www.customywear.com\/tr\/wp-json\/wp\/v2\/media\/143144"}],"wp:attachment":[{"href":"https:\/\/www.customywear.com\/tr\/wp-json\/wp\/v2\/media?parent=34275"}],"wp:term":[{"taxonomy":"product_brand","embeddable":true,"href":"https:\/\/www.customywear.com\/tr\/wp-json\/wp\/v2\/product_brand?post=34275"},{"taxonomy":"product_cat","embeddable":true,"href":"https:\/\/www.customywear.com\/tr\/wp-json\/wp\/v2\/product_cat?post=34275"},{"taxonomy":"product_tag","embeddable":true,"href":"https:\/\/www.customywear.com\/tr\/wp-json\/wp\/v2\/product_tag?post=34275"}],"curies":[{"name":"wp","href":"https:\/\/api.w.org\/{rel}","templated":true}]}}