{"id":34403,"date":"2024-04-23T17:54:19","date_gmt":"2024-04-23T17:54:19","guid":{"rendered":"https:\/\/www.customywear.com\/?post_type=product&#038;p=34403"},"modified":"2026-05-05T20:23:27","modified_gmt":"2026-05-05T20:23:27","slug":"surf-dukkan-tisortlari","status":"publish","type":"product","link":"https:\/\/www.customywear.com\/tr\/surf-shop-tees\/","title":{"rendered":"Surf Shop Tees \u2013 Ki\u015fiselle\u015ftirilmi\u015f Plaj Hissiyat\u0131"},"content":{"rendered":"<p><span data-sheets-root=\"1\" data-sheets-value=\"{&quot;1&quot;:2,&quot;2&quot;:&quot;Surf Shop Tees: Dive into the surf culture with our custom-designed t-shirts! Featuring vibrant graphics of your own surfing adventures, these tees offer both style and comfort for the beach enthusiast. Embrace your love for the ocean and express your unique personality with our personalized surf shop tees.&quot;}\" data-sheets-userformat=\"{&quot;2&quot;:897,&quot;3&quot;:{&quot;1&quot;:0},&quot;10&quot;:1,&quot;11&quot;:3,&quot;12&quot;:0}\">Surf Shop Ti\u015f\u00f6rtleri: \u00d6zel tasar\u0131m ti\u015f\u00f6rtlerimizle s\u00f6rf k\u00fclt\u00fcr\u00fcne dal\u0131n! Kendi s\u00f6rf maceralar\u0131n\u0131z\u0131n canl\u0131 grafiklerini sunan bu ti\u015f\u00f6rtler, plaj tutkunlar\u0131na hem stil hem de konfor sunar. Okyanusa olan sevginizi kucaklay\u0131n ve ki\u015fiselle\u015ftirilmi\u015f surf shop ti\u015f\u00f6rtlerimizle benzersiz ki\u015fili\u011finizi ifade edin.<\/span><\/p>","protected":false},"excerpt":{"rendered":"<p>Surf Shop Tees ile plaj havas\u0131 getirin. Ki\u015fiselle\u015ftirilmi\u015f ti\u015f\u00f6rtler, herhangi bir foto\u011fraf\u0131 e\u011flenceli, t\u00fcr\u00fcn\u00fcn tek \u00f6rne\u011fi s\u00f6rf k\u0131yafetlerine d\u00f6n\u00fc\u015ft\u00fcr\u00fcr.<\/p>","protected":false},"featured_media":143151,"comment_status":"open","ping_status":"closed","template":"","meta":{"_acf_changed":false},"product_brand":[],"product_cat":[6191,1189,6412,307,6428,6356],"product_tag":[6214,6433,229,6215],"class_list":{"0":"post-34403","1":"product","2":"type-product","3":"status-publish","4":"has-post-thumbnail","6":"product_cat-t-shirts-women","7":"product_cat-custom-gifts-surfing","8":"product_cat-photo-to-tees","9":"product_cat-summer","10":"product_cat-translate-products","11":"product_cat-womens-summer-t-shirts","12":"product_tag-affordable-custom-t-shirts","13":"product_tag-ai-artwork","14":"product_tag-custom-tee-shirts","15":"product_tag-screen-printing-near-me","17":"first","18":"instock","19":"taxable","20":"shipping-taxable","21":"purchasable","22":"product-type-simple"},"acf":[],"wcpa_form_fields":null,"_links":{"self":[{"href":"https:\/\/www.customywear.com\/tr\/wp-json\/wp\/v2\/product\/34403","targetHints":{"allow":["GET"]}}],"collection":[{"href":"https:\/\/www.customywear.com\/tr\/wp-json\/wp\/v2\/product"}],"about":[{"href":"https:\/\/www.customywear.com\/tr\/wp-json\/wp\/v2\/types\/product"}],"replies":[{"embeddable":true,"href":"https:\/\/www.customywear.com\/tr\/wp-json\/wp\/v2\/comments?post=34403"}],"wp:featuredmedia":[{"embeddable":true,"href":"https:\/\/www.customywear.com\/tr\/wp-json\/wp\/v2\/media\/143151"}],"wp:attachment":[{"href":"https:\/\/www.customywear.com\/tr\/wp-json\/wp\/v2\/media?parent=34403"}],"wp:term":[{"taxonomy":"product_brand","embeddable":true,"href":"https:\/\/www.customywear.com\/tr\/wp-json\/wp\/v2\/product_brand?post=34403"},{"taxonomy":"product_cat","embeddable":true,"href":"https:\/\/www.customywear.com\/tr\/wp-json\/wp\/v2\/product_cat?post=34403"},{"taxonomy":"product_tag","embeddable":true,"href":"https:\/\/www.customywear.com\/tr\/wp-json\/wp\/v2\/product_tag?post=34403"}],"curies":[{"name":"wp","href":"https:\/\/api.w.org\/{rel}","templated":true}]}}