{"id":34427,"date":"2024-04-24T02:41:11","date_gmt":"2024-04-24T02:41:11","guid":{"rendered":"https:\/\/www.customywear.com\/?post_type=product&#038;p=34427"},"modified":"2026-05-07T15:29:46","modified_gmt":"2026-05-07T15:29:46","slug":"surf-tisort-toddler-icin","status":"publish","type":"product","link":"https:\/\/www.customywear.com\/tr\/surfing-t-shirt-for-toddler\/","title":{"rendered":"K\u00fc\u00e7\u00fck \u00c7ocuklar \u0130\u00e7in S\u00f6rf Ti\u015f\u00f6rt\u00fc"},"content":{"rendered":"<p><span data-sheets-root=\"1\" data-sheets-value=\"{&quot;1&quot;:2,&quot;2&quot;:&quot;Surfing T-Shirt for Toddler: Introduce your little one to the world of surfing with our custom-designed toddler shirts! Featuring vibrant graphics of their own surfing adventures, these tees offer both style and comfort for young beach enthusiasts. Embrace their love for the ocean and keep them looking cool in the waves with our personalized surfing t-shirt for toddlers.&quot;}\" data-sheets-userformat=\"{&quot;2&quot;:897,&quot;3&quot;:{&quot;1&quot;:0},&quot;10&quot;:1,&quot;11&quot;:3,&quot;12&quot;:0}\">K\u00fc\u00e7\u00fck \u00c7ocuklar \u0130\u00e7in S\u00f6rf Ti\u015f\u00f6rt\u00fc: K\u00fc\u00e7\u00fck \u00e7ocu\u011funuzu \u00f6zel tasar\u0131ml\u0131 k\u00fc\u00e7\u00fck \u00e7ocuk ti\u015f\u00f6rtlerimizle s\u00f6rf d\u00fcnyas\u0131yla tan\u0131\u015ft\u0131r\u0131n! Kendi s\u00f6rf maceralar\u0131n\u0131n canl\u0131 grafiklerini i\u00e7eren bu ti\u015f\u00f6rtler, gen\u00e7 plaj tutkunlar\u0131 i\u00e7in hem stil hem de konfor sunar. Okyanusa olan sevgilerini kucaklay\u0131n ve k\u00fc\u00e7\u00fck \u00e7ocuklar i\u00e7in ki\u015fiselle\u015ftirilmi\u015f s\u00f6rf ti\u015f\u00f6rt\u00fcm\u00fczle dalgalarda serin g\u00f6r\u00fcnmelerini sa\u011flay\u0131n.<\/span><\/p>","protected":false},"excerpt":{"rendered":"<p>K\u00fc\u00e7\u00fck \u00e7ocuklar i\u00e7in bir s\u00f6rf ti\u015f\u00f6rt\u00fc ile erken s\u00f6rf yap\u0131n. Ki\u015fiselle\u015ftirilmi\u015f ti\u015f\u00f6rtler, herhangi bir foto\u011fraf\u0131 e\u011flenceli, benzersiz bir mini s\u00f6rf ti\u015f\u00f6rt\u00fcne d\u00f6n\u00fc\u015ft\u00fcr\u00fcr.<\/p>","protected":false},"featured_media":143172,"comment_status":"open","ping_status":"closed","template":"","meta":{"_acf_changed":false},"product_brand":[],"product_cat":[6207,1189,6412,307,6428],"product_tag":[6433,6439,6221],"class_list":{"0":"post-34427","1":"product","2":"type-product","3":"status-publish","4":"has-post-thumbnail","6":"product_cat-toddler-girl-t-shirts","7":"product_cat-custom-gifts-surfing","8":"product_cat-photo-to-tees","9":"product_cat-summer","10":"product_cat-translate-products","11":"product_tag-ai-artwork","12":"product_tag-ai-kids-artwork","13":"product_tag-custom-t-shirts-near-me","15":"first","16":"instock","17":"taxable","18":"shipping-taxable","19":"purchasable","20":"product-type-simple"},"acf":[],"wcpa_form_fields":null,"_links":{"self":[{"href":"https:\/\/www.customywear.com\/tr\/wp-json\/wp\/v2\/product\/34427","targetHints":{"allow":["GET"]}}],"collection":[{"href":"https:\/\/www.customywear.com\/tr\/wp-json\/wp\/v2\/product"}],"about":[{"href":"https:\/\/www.customywear.com\/tr\/wp-json\/wp\/v2\/types\/product"}],"replies":[{"embeddable":true,"href":"https:\/\/www.customywear.com\/tr\/wp-json\/wp\/v2\/comments?post=34427"}],"wp:featuredmedia":[{"embeddable":true,"href":"https:\/\/www.customywear.com\/tr\/wp-json\/wp\/v2\/media\/143172"}],"wp:attachment":[{"href":"https:\/\/www.customywear.com\/tr\/wp-json\/wp\/v2\/media?parent=34427"}],"wp:term":[{"taxonomy":"product_brand","embeddable":true,"href":"https:\/\/www.customywear.com\/tr\/wp-json\/wp\/v2\/product_brand?post=34427"},{"taxonomy":"product_cat","embeddable":true,"href":"https:\/\/www.customywear.com\/tr\/wp-json\/wp\/v2\/product_cat?post=34427"},{"taxonomy":"product_tag","embeddable":true,"href":"https:\/\/www.customywear.com\/tr\/wp-json\/wp\/v2\/product_tag?post=34427"}],"curies":[{"name":"wp","href":"https:\/\/api.w.org\/{rel}","templated":true}]}}