{"id":35561,"date":"2024-05-04T09:15:11","date_gmt":"2024-05-04T09:15:11","guid":{"rendered":"https:\/\/www.customywear.com\/?post_type=product&#038;p=35561"},"modified":"2026-05-07T15:29:46","modified_gmt":"2026-05-07T15:29:46","slug":"boys-shirts-custom-graphic-shirt-2","status":"publish","type":"product","link":"https:\/\/www.customywear.com\/tr\/boys-shirts-custom-graphic-shirt-2\/","title":{"rendered":"Boys Hiking Shirts &#8211; Custom adventure Graphic tee for kids"},"content":{"rendered":"<p>Ki\u015fiselle\u015ftirilmi\u015f y\u00fcr\u00fcy\u00fc\u015f ti\u015f\u00f6rt\u00fcn\u00fcz\u00fc bug\u00fcn al\u0131n! Foto\u011fraf\u0131n\u0131z\u0131 dijital olarak elle \u00e7izece\u011fiz ve da\u011f zirvesini fetheden benzersiz bir y\u00fcr\u00fcy\u00fc\u015f\u00e7\u00fc karakteri yarataca\u011f\u0131z. Yumu\u015fak 0 pamuktan \u00fcretilen ti\u015f\u00f6rtlerimiz cildinizde rahatl\u0131k ve yumu\u015fakl\u0131k sunar. Birinci s\u0131n\u0131f kalite ve y\u00fcksek kaliteli DTG bask\u0131 ile tasar\u0131m canl\u0131 ve dayan\u0131kl\u0131 kal\u0131r. G\u00fcnl\u00fck kullan\u0131ma uygun normal kesimimiz, herkese uyum sa\u011flayan unisex&#039;tir! Her tasar\u0131m uzmanca elle \u00e7izilir ve sizinkinin ki\u015fiselle\u015ftirilmi\u015f ve benzersiz olmas\u0131n\u0131 sa\u011flar. \u015eimdi kendinize veya hayat\u0131n\u0131zdaki herhangi bir y\u00fcr\u00fcy\u00fc\u015f tutkununa hediye olarak sipari\u015f verin!<\/p>","protected":false},"excerpt":{"rendered":"<p>Erkek g\u00f6mlekleri ile ifade tarz\u0131. \u00d6zel grafik g\u00f6mlekler, herhangi bir foto\u011fraf\u0131 cesur, benzersiz bir ti\u015f\u00f6rte d\u00f6n\u00fc\u015ft\u00fcr\u00fcr.<\/p>","protected":false},"featured_media":142844,"comment_status":"open","ping_status":"closed","template":"","meta":{"_acf_changed":false},"product_brand":[],"product_cat":[6189,558,6412,6428],"product_tag":[6433,6439,6221],"class_list":{"0":"post-35561","1":"product","2":"type-product","3":"status-publish","4":"has-post-thumbnail","6":"product_cat-boys-t-shirts","7":"product_cat-custom-gifts-hiking","8":"product_cat-photo-to-tees","9":"product_cat-translate-products","10":"product_tag-ai-artwork","11":"product_tag-ai-kids-artwork","12":"product_tag-custom-t-shirts-near-me","14":"first","15":"instock","16":"taxable","17":"shipping-taxable","18":"purchasable","19":"product-type-simple"},"acf":[],"wcpa_form_fields":null,"_links":{"self":[{"href":"https:\/\/www.customywear.com\/tr\/wp-json\/wp\/v2\/product\/35561","targetHints":{"allow":["GET"]}}],"collection":[{"href":"https:\/\/www.customywear.com\/tr\/wp-json\/wp\/v2\/product"}],"about":[{"href":"https:\/\/www.customywear.com\/tr\/wp-json\/wp\/v2\/types\/product"}],"replies":[{"embeddable":true,"href":"https:\/\/www.customywear.com\/tr\/wp-json\/wp\/v2\/comments?post=35561"}],"wp:featuredmedia":[{"embeddable":true,"href":"https:\/\/www.customywear.com\/tr\/wp-json\/wp\/v2\/media\/142844"}],"wp:attachment":[{"href":"https:\/\/www.customywear.com\/tr\/wp-json\/wp\/v2\/media?parent=35561"}],"wp:term":[{"taxonomy":"product_brand","embeddable":true,"href":"https:\/\/www.customywear.com\/tr\/wp-json\/wp\/v2\/product_brand?post=35561"},{"taxonomy":"product_cat","embeddable":true,"href":"https:\/\/www.customywear.com\/tr\/wp-json\/wp\/v2\/product_cat?post=35561"},{"taxonomy":"product_tag","embeddable":true,"href":"https:\/\/www.customywear.com\/tr\/wp-json\/wp\/v2\/product_tag?post=35561"}],"curies":[{"name":"wp","href":"https:\/\/api.w.org\/{rel}","templated":true}]}}