{"id":37901,"date":"2024-05-24T11:34:54","date_gmt":"2024-05-24T11:34:54","guid":{"rendered":"https:\/\/www.customywear.com\/?post_type=product&#038;p=37901"},"modified":"2026-05-16T11:38:06","modified_gmt":"2026-05-16T11:38:06","slug":"onun-ve-onun-yildonumu-tisortleri","status":"publish","type":"product","link":"https:\/\/www.customywear.com\/tr\/his-and-hers-anniversary-t-shirts\/","title":{"rendered":"Onun ve Onun Y\u0131ld\u00f6n\u00fcm\u00fc Ti\u015f\u00f6rtleri \u2013 \u00d6zel Ti\u015f\u00f6rt"},"content":{"rendered":"<p>Onun ve onun y\u0131ld\u00f6n\u00fcm\u00fc ti\u015f\u00f6rtleri: B\u00fcy\u00fcleyici onun ve onun y\u0131ld\u00f6n\u00fcm\u00fc ti\u015f\u00f6rtlerimizle sonsuz a\u015fk\u0131n\u0131z\u0131 kutlay\u0131n! Uzman ekibimiz foto\u011fraf\u0131n\u0131z\u0131, kutlama dekorasyonlar\u0131 ve ne\u015feli bir atmosferin arka plan\u0131nda \u015f\u0131k k\u0131yafetler i\u00e7inde mutlu \u00e7ifti tasvir eden, \u00fcr\u00fcn g\u00f6rsellerimizi an\u0131msatan keyifli karakterlere d\u00f6n\u00fc\u015ft\u00fcrecek. Birinci s\u0131n\u0131f pamuktan \u00fcretilen ti\u015f\u00f6rtlerimiz rahat bir uyum sunar ve y\u0131kamadan sonra canl\u0131 tasar\u0131mlar\u0131n\u0131 korur. \u0130ster \u00f6nemli y\u0131ld\u00f6n\u00fcmleri ister g\u00fcnl\u00fck kullan\u0131m i\u00e7in olsun, bu ti\u015f\u00f6rtler birlikte ge\u00e7irdi\u011finiz yolculu\u011fu anmak i\u00e7in m\u00fckemmel bir se\u00e7imdir. Her tasar\u0131m, yetenekli dijital sanat\u00e7\u0131lar\u0131m\u0131z taraf\u0131ndan titizlikle i\u015flenir ve onun ve onun y\u0131ld\u00f6n\u00fcm\u00fc ti\u015f\u00f6rtlerinizin de\u011ferli bir hat\u0131ra olmas\u0131n\u0131 sa\u011flar. Ki\u015fisel bir dokunu\u015f i\u00e7in kendi metninizle \u015fimdi sizinkini \u00f6zelle\u015ftirin!<\/p>","protected":false},"excerpt":{"rendered":"<p>Y\u0131ld\u00f6n\u00fcmlerini onun ve onun y\u0131ld\u00f6n\u00fcm\u00fc ti\u015f\u00f6rtleriyle i\u015faretleyin. \u00d6zel ti\u015f\u00f6rtler, herhangi bir foto\u011fraf\u0131 e\u015fle\u015fen, benzersiz ti\u015f\u00f6rtlere d\u00f6n\u00fc\u015ft\u00fcr\u00fcr.<\/p>","protected":false},"featured_media":144013,"comment_status":"open","ping_status":"closed","template":"","meta":{"_acf_changed":false},"product_brand":[],"product_cat":[6197,250,6371,6147,6412,6428],"product_tag":[6440,6329,6218,237,6442],"class_list":{"0":"post-37901","1":"product","2":"type-product","3":"status-publish","4":"has-post-thumbnail","6":"product_cat-t-shirts-couple","7":"product_cat-couple","8":"product_cat-couples-wedding-t-shirts","9":"product_cat-custom-gifts-wedding-rose","10":"product_cat-photo-to-tees","11":"product_cat-translate-products","12":"product_tag-ai-artwork-couple","13":"product_tag-custom-t-shirt-from-selfie-for-couples","14":"product_tag-making-your-own-t-shirts","15":"product_tag-personalized-t-shirts","16":"product_tag-top-artwork","18":"first","19":"instock","20":"taxable","21":"shipping-taxable","22":"purchasable","23":"product-type-simple"},"acf":[],"wcpa_form_fields":null,"_links":{"self":[{"href":"https:\/\/www.customywear.com\/tr\/wp-json\/wp\/v2\/product\/37901","targetHints":{"allow":["GET"]}}],"collection":[{"href":"https:\/\/www.customywear.com\/tr\/wp-json\/wp\/v2\/product"}],"about":[{"href":"https:\/\/www.customywear.com\/tr\/wp-json\/wp\/v2\/types\/product"}],"replies":[{"embeddable":true,"href":"https:\/\/www.customywear.com\/tr\/wp-json\/wp\/v2\/comments?post=37901"}],"wp:featuredmedia":[{"embeddable":true,"href":"https:\/\/www.customywear.com\/tr\/wp-json\/wp\/v2\/media\/144013"}],"wp:attachment":[{"href":"https:\/\/www.customywear.com\/tr\/wp-json\/wp\/v2\/media?parent=37901"}],"wp:term":[{"taxonomy":"product_brand","embeddable":true,"href":"https:\/\/www.customywear.com\/tr\/wp-json\/wp\/v2\/product_brand?post=37901"},{"taxonomy":"product_cat","embeddable":true,"href":"https:\/\/www.customywear.com\/tr\/wp-json\/wp\/v2\/product_cat?post=37901"},{"taxonomy":"product_tag","embeddable":true,"href":"https:\/\/www.customywear.com\/tr\/wp-json\/wp\/v2\/product_tag?post=37901"}],"curies":[{"name":"wp","href":"https:\/\/api.w.org\/{rel}","templated":true}]}}