{"id":38131,"date":"2024-05-24T12:22:25","date_gmt":"2024-05-24T12:22:25","guid":{"rendered":"https:\/\/www.customywear.com\/?post_type=product&#038;p=38131"},"modified":"2026-05-07T15:29:44","modified_gmt":"2026-05-07T15:29:44","slug":"dugun-tisortu-toddler-icin","status":"publish","type":"product","link":"https:\/\/www.customywear.com\/tr\/wedding-t-shirt-for-toddler\/","title":{"rendered":"K\u00fc\u00e7\u00fck \u00c7ocuklar \u0130\u00e7in D\u00fc\u011f\u00fcn Ti\u015f\u00f6rt\u00fc \u2013 \u00d6zel Bask\u0131l\u0131 Ti\u015f\u00f6rt"},"content":{"rendered":"<p>K\u00fc\u00e7\u00fck \u00c7ocuklar \u0130\u00e7in D\u00fc\u011f\u00fcn Ti\u015f\u00f6rt\u00fc: K\u00fc\u00e7\u00fck \u00e7ocu\u011funuzun, K\u00fc\u00e7\u00fck \u00c7ocuklar \u0130\u00e7in \u015eirin D\u00fc\u011f\u00fcn Ti\u015f\u00f6rt\u00fcm\u00fczle kutlaman\u0131n bir par\u00e7as\u0131 gibi hissetmesini sa\u011flay\u0131n! Yumu\u015fak ve nefes alabilen kuma\u015ftan \u00fcretilen bu ti\u015f\u00f6rtler, d\u00fc\u011f\u00fcnler, \u00e7i\u00e7ek k\u0131zlar\u0131, y\u00fcz\u00fck ta\u015f\u0131y\u0131c\u0131lar\u0131 veya herhangi bir \u00f6zel g\u00fcn i\u00e7in uygun, ho\u015f tasar\u0131mlara sahiptir. K\u00fc\u00e7\u00fck \u00e7ocu\u011funuzun, K\u00fc\u00e7\u00fck \u00c7ocuklar \u0130\u00e7in D\u00fc\u011f\u00fcn Ti\u015f\u00f6rt\u00fcm\u00fczle b\u00fcy\u00fck g\u00fcn\u00fcn\u00fczde etkileyici bir \u015fekilde giyindi\u011finden emin olun.<\/p>","protected":false},"excerpt":{"rendered":"<p>K\u00fc\u00e7\u00fckleri k\u00fc\u00e7\u00fck \u00e7ocuklar i\u00e7in d\u00fc\u011f\u00fcn ti\u015f\u00f6rtleriyle kutlay\u0131n. \u00d6zel bask\u0131l\u0131 g\u00f6mlekler, herhangi bir foto\u011fraf\u0131 e\u011flenceli, benzersiz bir ti\u015f\u00f6rte d\u00f6n\u00fc\u015ft\u00fcr\u00fcr.<\/p>","protected":false},"featured_media":143206,"comment_status":"open","ping_status":"closed","template":"","meta":{"_acf_changed":false},"product_brand":[],"product_cat":[6207,6147,6412,6428],"product_tag":[6433,6439,6221],"class_list":{"0":"post-38131","1":"product","2":"type-product","3":"status-publish","4":"has-post-thumbnail","6":"product_cat-toddler-girl-t-shirts","7":"product_cat-custom-gifts-wedding-rose","8":"product_cat-photo-to-tees","9":"product_cat-translate-products","10":"product_tag-ai-artwork","11":"product_tag-ai-kids-artwork","12":"product_tag-custom-t-shirts-near-me","14":"first","15":"instock","16":"taxable","17":"shipping-taxable","18":"purchasable","19":"product-type-simple"},"acf":[],"wcpa_form_fields":null,"_links":{"self":[{"href":"https:\/\/www.customywear.com\/tr\/wp-json\/wp\/v2\/product\/38131","targetHints":{"allow":["GET"]}}],"collection":[{"href":"https:\/\/www.customywear.com\/tr\/wp-json\/wp\/v2\/product"}],"about":[{"href":"https:\/\/www.customywear.com\/tr\/wp-json\/wp\/v2\/types\/product"}],"replies":[{"embeddable":true,"href":"https:\/\/www.customywear.com\/tr\/wp-json\/wp\/v2\/comments?post=38131"}],"wp:featuredmedia":[{"embeddable":true,"href":"https:\/\/www.customywear.com\/tr\/wp-json\/wp\/v2\/media\/143206"}],"wp:attachment":[{"href":"https:\/\/www.customywear.com\/tr\/wp-json\/wp\/v2\/media?parent=38131"}],"wp:term":[{"taxonomy":"product_brand","embeddable":true,"href":"https:\/\/www.customywear.com\/tr\/wp-json\/wp\/v2\/product_brand?post=38131"},{"taxonomy":"product_cat","embeddable":true,"href":"https:\/\/www.customywear.com\/tr\/wp-json\/wp\/v2\/product_cat?post=38131"},{"taxonomy":"product_tag","embeddable":true,"href":"https:\/\/www.customywear.com\/tr\/wp-json\/wp\/v2\/product_tag?post=38131"}],"curies":[{"name":"wp","href":"https:\/\/api.w.org\/{rel}","templated":true}]}}