{"id":38490,"date":"2024-06-04T11:26:23","date_gmt":"2024-06-04T11:26:23","guid":{"rendered":"https:\/\/www.customywear.com\/?post_type=product&#038;p=38490"},"modified":"2026-05-13T19:50:29","modified_gmt":"2026-05-13T19:50:29","slug":"dj-cift-tisort","status":"publish","type":"product","link":"https:\/\/www.customywear.com\/tr\/dj-couple-t-shirt\/","title":{"rendered":"DJ \u00c7ift Ti\u015f\u00f6rt\u00fc \u2013 Ki\u015fiselle\u015ftirilmi\u015f Grafik Ti\u015f\u00f6rt"},"content":{"rendered":"<p>DJ \u00c7ift Ti\u015f\u00f6rt\u00fc: DJ \u00e7ift ti\u015f\u00f6rt\u00fcm\u00fczle birlikte \u015f\u0131k bir \u015fekilde sahneye \u00e7\u0131k\u0131n! Ti\u015f\u00f6rtlerinizi, m\u00fczi\u011fe ve birbirinize olan ortak sevginizi sergilemek i\u00e7in m\u00fckemmel olan e\u015fle\u015fen DJ tasar\u0131mlar\u0131yla \u00f6zelle\u015ftirin.<\/p>","protected":false},"excerpt":{"rendered":"<p>DJ \u00e7ift ti\u015f\u00f6rtleri ile birlikteli\u011fi ifade edin. Ki\u015fiselle\u015ftirilmi\u015f grafik ti\u015f\u00f6rtler, herhangi bir foto\u011fraf\u0131 e\u015fle\u015fen, benzersiz ti\u015f\u00f6rtlere d\u00f6n\u00fc\u015ft\u00fcr\u00fcr.<\/p>","protected":false},"featured_media":143833,"comment_status":"open","ping_status":"closed","template":"","meta":{"_acf_changed":false},"product_brand":[],"product_cat":[6197,250,6367,3604,3605,6412,6428],"product_tag":[6440,6329,6218,237],"class_list":{"0":"post-38490","1":"product","2":"type-product","3":"status-publish","4":"has-post-thumbnail","6":"product_cat-t-shirts-couple","7":"product_cat-couple","8":"product_cat-couples-profession-t-shirts","9":"product_cat-custom-gifts-dj-orange","10":"product_cat-dj-t-shirts","11":"product_cat-photo-to-tees","12":"product_cat-translate-products","13":"product_tag-ai-artwork-couple","14":"product_tag-custom-t-shirt-from-selfie-for-couples","15":"product_tag-making-your-own-t-shirts","16":"product_tag-personalized-t-shirts","18":"first","19":"instock","20":"taxable","21":"shipping-taxable","22":"purchasable","23":"product-type-simple"},"acf":[],"wcpa_form_fields":null,"_links":{"self":[{"href":"https:\/\/www.customywear.com\/tr\/wp-json\/wp\/v2\/product\/38490","targetHints":{"allow":["GET"]}}],"collection":[{"href":"https:\/\/www.customywear.com\/tr\/wp-json\/wp\/v2\/product"}],"about":[{"href":"https:\/\/www.customywear.com\/tr\/wp-json\/wp\/v2\/types\/product"}],"replies":[{"embeddable":true,"href":"https:\/\/www.customywear.com\/tr\/wp-json\/wp\/v2\/comments?post=38490"}],"wp:featuredmedia":[{"embeddable":true,"href":"https:\/\/www.customywear.com\/tr\/wp-json\/wp\/v2\/media\/143833"}],"wp:attachment":[{"href":"https:\/\/www.customywear.com\/tr\/wp-json\/wp\/v2\/media?parent=38490"}],"wp:term":[{"taxonomy":"product_brand","embeddable":true,"href":"https:\/\/www.customywear.com\/tr\/wp-json\/wp\/v2\/product_brand?post=38490"},{"taxonomy":"product_cat","embeddable":true,"href":"https:\/\/www.customywear.com\/tr\/wp-json\/wp\/v2\/product_cat?post=38490"},{"taxonomy":"product_tag","embeddable":true,"href":"https:\/\/www.customywear.com\/tr\/wp-json\/wp\/v2\/product_tag?post=38490"}],"curies":[{"name":"wp","href":"https:\/\/api.w.org\/{rel}","templated":true}]}}