{"id":38766,"date":"2024-06-04T13:20:16","date_gmt":"2024-06-04T13:20:16","guid":{"rendered":"https:\/\/www.customywear.com\/?post_type=product&#038;p=38766"},"modified":"2026-05-07T15:29:44","modified_gmt":"2026-05-07T15:29:44","slug":"toddler-kiz-ozel-tisort","status":"publish","type":"product","link":"https:\/\/www.customywear.com\/tr\/toddler-girl-custom-t-shirts\/","title":{"rendered":"K\u00fc\u00e7\u00fck K\u0131z \u00c7ocuklar\u0131 \u0130\u00e7in \u00d6zel Ti\u015f\u00f6rtler \u2013 \u00d6zel Yap\u0131m Ti\u015f\u00f6rt"},"content":{"rendered":"<p>K\u00fc\u00e7\u00fck K\u0131z \u00c7ocuklar\u0131 \u0130\u00e7in \u00d6zel Ti\u015f\u00f6rtler: K\u00fc\u00e7\u00fck k\u0131z \u00e7ocuklar\u0131m\u0131z i\u00e7in \u00f6zel ti\u015f\u00f6rtlerimizle ki\u015fili\u011finin parlamas\u0131n\u0131 sa\u011flay\u0131n! Ad\u0131n\u0131, en sevdi\u011fi renkleri veya \u00f6zel tasar\u0131mlar\u0131 ekleyerek benzersiz bir ti\u015f\u00f6rt yarat\u0131n.<\/p>","protected":false},"excerpt":{"rendered":"<p>K\u00fc\u00e7\u00fckleri Toddler Girl \u00f6zel ti\u015f\u00f6rtleri ile kutlay\u0131n. \u00d6zel yap\u0131lm\u0131\u015f ti\u015f\u00f6rtler, herhangi bir foto\u011fraf\u0131 e\u011flenceli, t\u00fcr\u00fcn\u00fcn tek \u00f6rne\u011fi ti\u015f\u00f6rtlere d\u00f6n\u00fc\u015ft\u00fcr\u00fcr.<\/p>","protected":false},"featured_media":142678,"comment_status":"open","ping_status":"closed","template":"","meta":{"_acf_changed":false},"product_brand":[],"product_cat":[6207,3604,6412,6428],"product_tag":[6433,6439,6221],"class_list":{"0":"post-38766","1":"product","2":"type-product","3":"status-publish","4":"has-post-thumbnail","6":"product_cat-toddler-girl-t-shirts","7":"product_cat-custom-gifts-dj-orange","8":"product_cat-photo-to-tees","9":"product_cat-translate-products","10":"product_tag-ai-artwork","11":"product_tag-ai-kids-artwork","12":"product_tag-custom-t-shirts-near-me","14":"first","15":"instock","16":"taxable","17":"shipping-taxable","18":"purchasable","19":"product-type-simple"},"acf":[],"wcpa_form_fields":null,"_links":{"self":[{"href":"https:\/\/www.customywear.com\/tr\/wp-json\/wp\/v2\/product\/38766","targetHints":{"allow":["GET"]}}],"collection":[{"href":"https:\/\/www.customywear.com\/tr\/wp-json\/wp\/v2\/product"}],"about":[{"href":"https:\/\/www.customywear.com\/tr\/wp-json\/wp\/v2\/types\/product"}],"replies":[{"embeddable":true,"href":"https:\/\/www.customywear.com\/tr\/wp-json\/wp\/v2\/comments?post=38766"}],"wp:featuredmedia":[{"embeddable":true,"href":"https:\/\/www.customywear.com\/tr\/wp-json\/wp\/v2\/media\/142678"}],"wp:attachment":[{"href":"https:\/\/www.customywear.com\/tr\/wp-json\/wp\/v2\/media?parent=38766"}],"wp:term":[{"taxonomy":"product_brand","embeddable":true,"href":"https:\/\/www.customywear.com\/tr\/wp-json\/wp\/v2\/product_brand?post=38766"},{"taxonomy":"product_cat","embeddable":true,"href":"https:\/\/www.customywear.com\/tr\/wp-json\/wp\/v2\/product_cat?post=38766"},{"taxonomy":"product_tag","embeddable":true,"href":"https:\/\/www.customywear.com\/tr\/wp-json\/wp\/v2\/product_tag?post=38766"}],"curies":[{"name":"wp","href":"https:\/\/api.w.org\/{rel}","templated":true}]}}