{"id":38925,"date":"2024-06-13T12:38:50","date_gmt":"2024-06-13T12:38:50","guid":{"rendered":"https:\/\/www.customywear.com\/?post_type=product&#038;p=38925"},"modified":"2026-05-16T11:35:27","modified_gmt":"2026-05-16T11:35:27","slug":"erkekler-icin-vucut-gelistirme-tisortleri-ozel-grafik-tisort","status":"publish","type":"product","link":"https:\/\/www.customywear.com\/tr\/bodybuilding-t-shirts-for-men-custom-graphic-shirt\/","title":{"rendered":"Erkekler i\u00e7in V\u00fccut Geli\u015ftirme Ti\u015f\u00f6rtleri-\u00d6zel grafik g\u00f6mlek"},"content":{"rendered":"<p>Erkekler \u0130\u00e7in V\u00fccut Geli\u015ftirme Ti\u015f\u00f6rtleri: Kal\u0131c\u0131 konfor i\u00e7in yumu\u015fak 0 pamuktan \u00fcretilen Erkekler \u0130\u00e7in V\u00fccut Geli\u015ftirme Ti\u015f\u00f6rtlerimizle g\u00fcc\u00fcn\u00fcz\u00fc kutlay\u0131n. Birinci s\u0131n\u0131f kalite ve y\u00fcksek kaliteli DTG bask\u0131ya sahip bu ti\u015f\u00f6rtler, solmaya kar\u015f\u0131 dayan\u0131kl\u0131 canl\u0131 tasar\u0131mlar sergiliyor. Normal kesim hem erkeklere hem de k\u0131zlara uygundur ve gard\u0131robunuzda \u00e7ok y\u00f6nl\u00fcl\u00fck sunar. Her ti\u015f\u00f6rt, v\u00fccut geli\u015ftirmeye olan ba\u011fl\u0131l\u0131\u011f\u0131n\u0131z\u0131 yans\u0131tan ki\u015fiselle\u015ftirilmi\u015f bir par\u00e7a yaratan foto\u011fraflar\u0131n\u0131zdan d\u00f6n\u00fc\u015ft\u00fcr\u00fclm\u00fc\u015f dijital sanat i\u00e7erir.<\/p>","protected":false},"excerpt":{"rendered":"<p>Erkekler i\u00e7in v\u00fccut geli\u015ftirme ti\u015f\u00f6rtleri ile g\u00fc\u00e7 g\u00f6sterin. \u00d6zel grafik g\u00f6mlekler, herhangi bir foto\u011fraf\u0131 cesur, benzersiz bir ti\u015f\u00f6rte d\u00f6n\u00fc\u015ft\u00fcr\u00fcr.<\/p>","protected":false},"featured_media":135011,"comment_status":"open","ping_status":"closed","template":"","meta":{"_acf_changed":false},"product_brand":[],"product_cat":[6195,157,6149,186,6337,6348,6412,6428],"product_tag":[6433,6165,6216],"class_list":{"0":"post-38925","1":"product","2":"type-product","3":"status-publish","4":"has-post-thumbnail","6":"product_cat-t-shirts-men","7":"product_cat-best-sellers","8":"product_cat-custom-gifts-ai-bodybuilder","9":"product_cat-men","10":"product_cat-mens-gym-t-shirts","11":"product_cat-mens-summer-t-shirts","12":"product_cat-photo-to-tees","13":"product_cat-translate-products","14":"product_tag-ai-artwork","15":"product_tag-custom-gym-tees","16":"product_tag-mens-custom-t-shirts","18":"first","19":"instock","20":"taxable","21":"shipping-taxable","22":"purchasable","23":"product-type-simple"},"acf":[],"wcpa_form_fields":null,"_links":{"self":[{"href":"https:\/\/www.customywear.com\/tr\/wp-json\/wp\/v2\/product\/38925","targetHints":{"allow":["GET"]}}],"collection":[{"href":"https:\/\/www.customywear.com\/tr\/wp-json\/wp\/v2\/product"}],"about":[{"href":"https:\/\/www.customywear.com\/tr\/wp-json\/wp\/v2\/types\/product"}],"replies":[{"embeddable":true,"href":"https:\/\/www.customywear.com\/tr\/wp-json\/wp\/v2\/comments?post=38925"}],"wp:featuredmedia":[{"embeddable":true,"href":"https:\/\/www.customywear.com\/tr\/wp-json\/wp\/v2\/media\/135011"}],"wp:attachment":[{"href":"https:\/\/www.customywear.com\/tr\/wp-json\/wp\/v2\/media?parent=38925"}],"wp:term":[{"taxonomy":"product_brand","embeddable":true,"href":"https:\/\/www.customywear.com\/tr\/wp-json\/wp\/v2\/product_brand?post=38925"},{"taxonomy":"product_cat","embeddable":true,"href":"https:\/\/www.customywear.com\/tr\/wp-json\/wp\/v2\/product_cat?post=38925"},{"taxonomy":"product_tag","embeddable":true,"href":"https:\/\/www.customywear.com\/tr\/wp-json\/wp\/v2\/product_tag?post=38925"}],"curies":[{"name":"wp","href":"https:\/\/api.w.org\/{rel}","templated":true}]}}