{"id":39076,"date":"2024-06-13T14:50:51","date_gmt":"2024-06-13T14:50:51","guid":{"rendered":"https:\/\/www.customywear.com\/?post_type=product&#038;p=39076"},"modified":"2026-05-07T15:29:44","modified_gmt":"2026-05-07T15:29:44","slug":"ozel-tshirt-spor-salonu-erkek-cocuk-moda","status":"publish","type":"product","link":"https:\/\/www.customywear.com\/tr\/custom-gym-shirt-for-boys-custom-fashion-tee\/","title":{"rendered":"Erkekler \u0130\u00e7in \u00d6zel Spor Ti\u015f\u00f6rt\u00fc \u2013 \u00d6zel moda ti\u015f\u00f6rt\u00fc"},"content":{"rendered":"<p>Erkek \u00c7ocuklar \u0130\u00e7in \u00d6zel Spor Salonu G\u00f6mle\u011fi: Erkek \u00c7ocuklar \u0130\u00e7in \u00d6zel Spor Salonu G\u00f6mle\u011fimiz, \u00f6zellikle gen\u00e7 sporcular i\u00e7in tasarlanm\u0131\u015f, konfor ve stili bir araya getiriyor. Yumu\u015fak, dayan\u0131kl\u0131 kuma\u015ftan \u00fcretilen bu g\u00f6mlek, aktif oyun s\u0131ras\u0131nda hareket kolayl\u0131\u011f\u0131 sa\u011flar. Canl\u0131 tasar\u0131mlar ve y\u00fcksek kaliteli bask\u0131 ile her g\u00f6mlek, se\u00e7ti\u011finiz foto\u011fraflara dayal\u0131 dijital sanatla ki\u015fiselle\u015ftirilerek, her gen\u00e7 spor tutkununun gard\u0131robuna benzersiz bir katk\u0131 sa\u011flar.<\/p>","protected":false},"excerpt":{"rendered":"<p>Erkekler i\u00e7in \u00f6zel spor g\u00f6mlekleri ile g\u00fcven olu\u015fturun. \u00d6zel moda tees, herhangi bir foto\u011fraf\u0131 cesur, sportif bir ti\u015f\u00f6rte d\u00f6n\u00fc\u015ft\u00fcr\u00fcr.<\/p>","protected":false},"featured_media":95733,"comment_status":"open","ping_status":"closed","template":"","meta":{"_acf_changed":false},"product_brand":[],"product_cat":[6189,6149,6412,6428],"product_tag":[6433,6439,6221,6330],"class_list":{"0":"post-39076","1":"product","2":"type-product","3":"status-publish","4":"has-post-thumbnail","6":"product_cat-boys-t-shirts","7":"product_cat-custom-gifts-ai-bodybuilder","8":"product_cat-photo-to-tees","9":"product_cat-translate-products","10":"product_tag-ai-artwork","11":"product_tag-ai-kids-artwork","12":"product_tag-custom-t-shirts-near-me","13":"product_tag-photo-print-t-shirt-for-boys","15":"first","16":"instock","17":"taxable","18":"shipping-taxable","19":"purchasable","20":"product-type-simple"},"acf":[],"wcpa_form_fields":null,"_links":{"self":[{"href":"https:\/\/www.customywear.com\/tr\/wp-json\/wp\/v2\/product\/39076","targetHints":{"allow":["GET"]}}],"collection":[{"href":"https:\/\/www.customywear.com\/tr\/wp-json\/wp\/v2\/product"}],"about":[{"href":"https:\/\/www.customywear.com\/tr\/wp-json\/wp\/v2\/types\/product"}],"replies":[{"embeddable":true,"href":"https:\/\/www.customywear.com\/tr\/wp-json\/wp\/v2\/comments?post=39076"}],"wp:featuredmedia":[{"embeddable":true,"href":"https:\/\/www.customywear.com\/tr\/wp-json\/wp\/v2\/media\/95733"}],"wp:attachment":[{"href":"https:\/\/www.customywear.com\/tr\/wp-json\/wp\/v2\/media?parent=39076"}],"wp:term":[{"taxonomy":"product_brand","embeddable":true,"href":"https:\/\/www.customywear.com\/tr\/wp-json\/wp\/v2\/product_brand?post=39076"},{"taxonomy":"product_cat","embeddable":true,"href":"https:\/\/www.customywear.com\/tr\/wp-json\/wp\/v2\/product_cat?post=39076"},{"taxonomy":"product_tag","embeddable":true,"href":"https:\/\/www.customywear.com\/tr\/wp-json\/wp\/v2\/product_tag?post=39076"}],"curies":[{"name":"wp","href":"https:\/\/api.w.org\/{rel}","templated":true}]}}