{"id":39307,"date":"2024-06-14T07:09:08","date_gmt":"2024-06-14T07:09:08","guid":{"rendered":"https:\/\/www.customywear.com\/?post_type=product&#038;p=39307"},"modified":"2026-05-05T19:53:00","modified_gmt":"2026-05-05T19:53:00","slug":"matching-gym-t-shirt-family","status":"publish","type":"product","link":"https:\/\/www.customywear.com\/tr\/matching-gym-t-shirt-family\/","title":{"rendered":"Aile i\u00e7in E\u015fle\u015fen Spor Salonu Ti\u015f\u00f6rt\u00fc \u2013 Ki\u015fiselle\u015ftirilmi\u015f giyim"},"content":{"rendered":"<p>Aileniz i\u00e7in E\u015fle\u015fen Spor Salonu Ti\u015f\u00f6rt\u00fc: Ailenizle olan ba\u011f\u0131n\u0131z\u0131, konfor ve stil i\u00e7in yumu\u015fak 0 pamuktan \u00fcretilen E\u015fle\u015fen Spor Salonu Ti\u015f\u00f6rt\u00fcm\u00fczle g\u00fc\u00e7lendirin. Birinci s\u0131n\u0131f kalite ve y\u00fcksek kaliteli DTG bask\u0131ya sahip bu ti\u015f\u00f6rtler, birli\u011fi ve spor co\u015fkusunu yans\u0131tan canl\u0131 tasar\u0131mlara sahiptir. Normal kesim, her ya\u015ftan insan i\u00e7in rahat bir giyim sa\u011flar. Her ti\u015f\u00f6rt, foto\u011fraflar\u0131n\u0131zdan d\u00f6n\u00fc\u015ft\u00fcr\u00fclm\u00fc\u015f dijital sanat i\u00e7erir ve ailenizin aktif giyim koleksiyonuna ki\u015fiselle\u015ftirilmi\u015f ve anlaml\u0131 bir katk\u0131 sa\u011flar.<\/p>","protected":false},"excerpt":{"rendered":"<p>Aile i\u00e7in e\u015fle\u015fen spor salonu ti\u015f\u00f6rtleri ile \u015f\u0131k bir \u015fekilde \u00e7al\u0131\u015f\u0131n. Ki\u015fiselle\u015ftirilmi\u015f tees, foto\u011fraflar\u0131 koordineli, motivasyonel fitness tasar\u0131mlar\u0131na d\u00f6n\u00fc\u015ft\u00fcr\u00fcr.<\/p>","protected":false},"featured_media":95786,"comment_status":"open","ping_status":"closed","template":"","meta":{"_acf_changed":false},"product_brand":[],"product_cat":[679,6149,6412,6428],"product_tag":[6221,6326],"class_list":{"0":"post-39307","1":"product","2":"type-product","3":"status-publish","4":"has-post-thumbnail","6":"product_cat-family","7":"product_cat-custom-gifts-ai-bodybuilder","8":"product_cat-photo-to-tees","9":"product_cat-translate-products","10":"product_tag-custom-t-shirts-near-me","11":"product_tag-memorial-photo-t-shirt-for-family","12":"wcpa_has_options","14":"first","15":"instock","16":"taxable","17":"shipping-taxable","18":"purchasable","19":"product-type-simple"},"acf":[],"wcpa_form_fields":{"wcpaData":{"product":{"product_price":24.99,"price_html":"<span class=\"wmc-wc-price\" ><span class=\"woocommerce-Price-amount amount\"><bdi><span class=\"woocommerce-Price-currencySymbol\">&euro;<\/span>24,99<\/bdi><\/span><span data-wmc_price_cache=\"{&quot;USD&quot;:&quot;&lt;span class=\\&quot;woocommerce-Price-amount amount\\&quot;&gt;&lt;bdi&gt;&lt;span class=\\&quot;woocommerce-Price-currencySymbol\\&quot;&gt;&amp;#36;&lt;\\\/span&gt;28,99&lt;\\\/bdi&gt;&lt;\\\/span&gt;&quot;,&quot;EUR&quot;:&quot;&lt;span class=\\&quot;woocommerce-Price-amount amount\\&quot;&gt;&lt;bdi&gt;&lt;span class=\\&quot;woocommerce-Price-currencySymbol\\&quot;&gt;&amp;euro;&lt;\\\/span&gt;24,99&lt;\\\/bdi&gt;&lt;\\\/span&gt;&quot;,&quot;CAD&quot;:&quot;&lt;span class=\\&quot;woocommerce-Price-amount amount\\&quot;&gt;&lt;bdi&gt;&lt;span class=\\&quot;woocommerce-Price-currencySymbol\\&quot;&gt;CAD$ &lt;\\\/span&gt;39,98&lt;\\\/bdi&gt;&lt;\\\/span&gt;&quot;,&quot;GBP&quot;:&quot;&lt;span class=\\&quot;woocommerce-Price-amount amount\\&quot;&gt;&lt;bdi&gt;&lt;span class=\\&quot;woocommerce-Price-currencySymbol\\&quot;&gt;&amp;pound;&lt;\\\/span&gt;21,74&lt;\\\/bdi&gt;&lt;\\\/span&gt;&quot;,&quot;PLN&quot;:&quot;&lt;span class=\\&quot;woocommerce-Price-amount amount\\&quot;&gt;&lt;bdi&gt;&lt;span class=\\&quot;woocommerce-Price-currencySymbol\\&quot;&gt;z\\u0142 &lt;\\\/span&gt;106,21&lt;\\\/bdi&gt;&lt;\\\/span&gt;&quot;,&quot;SEK&quot;:&quot;&lt;span class=\\&quot;woocommerce-Price-amount amount\\&quot;&gt;&lt;bdi&gt;&lt;span class=\\&quot;woocommerce-Price-currencySymbol\\&quot;&gt;kr &lt;\\\/span&gt;274,64&lt;\\\/bdi&gt;&lt;\\\/span&gt;&quot;,&quot;AUD&quot;:&quot;&lt;span class=\\&quot;woocommerce-Price-amount amount\\&quot;&gt;&lt;bdi&gt;&lt;span class=\\&quot;woocommerce-Price-currencySymbol\\&quot;&gt;AUD$ &lt;\\\/span&gt;40,73&lt;\\\/bdi&gt;&lt;\\\/span&gt;&quot;,&quot;JPY&quot;:&quot;&lt;span class=\\&quot;woocommerce-Price-amount amount\\&quot;&gt;&lt;bdi&gt;&lt;span class=\\&quot;woocommerce-Price-currencySymbol\\&quot;&gt;&amp;yen;&lt;\\\/span&gt;4.604,41&lt;\\\/bdi&gt;&lt;\\\/span&gt;&quot;,&quot;CZK&quot;:&quot;&lt;span class=\\&quot;woocommerce-Price-amount amount\\&quot;&gt;&lt;bdi&gt;&lt;span class=\\&quot;woocommerce-Price-currencySymbol\\&quot;&gt;K\\u010d &lt;\\\/span&gt;607,76&lt;\\\/bdi&gt;&lt;\\\/span&gt;&quot;,&quot;NZD&quot;:&quot;&lt;span class=\\&quot;woocommerce-Price-amount amount\\&quot;&gt;&lt;bdi&gt;&lt;span class=\\&quot;woocommerce-Price-currencySymbol\\&quot;&gt;NZD$ &lt;\\\/span&gt;49,73&lt;\\\/bdi&gt;&lt;\\\/span&gt;&quot;,&quot;CHF&quot;:&quot;&lt;span class=\\&quot;woocommerce-Price-amount amount\\&quot;&gt;&lt;bdi&gt;&lt;span class=\\&quot;woocommerce-Price-currencySymbol\\&quot;&gt;CHF &lt;\\\/span&gt;22,74&lt;\\\/bdi&gt;&lt;\\\/span&gt;&quot;}\" style=\"display: none;\" class=\"wmc-price-cache-list\"><\/span><\/span>","original_product_price":24.99,"price_including_tax":24.99,"price_excluding_tax":20.825,"product_id":{"parent":39307,"variation":false},"is_variable":false,"stock_status":"instock","stock_quantity":null,"parent_sku":"custom-tees-703","product_attributes":{"pa_style":{"is_variation":false,"values":["family-group-t-shirt"]},"pa_customization":{"is_variation":false,"values":["add-your-photo","add-your-text-or-name","add-your-logo"]},"pa_material":{"is_variation":false,"values":["100-cotton"]},"pa_key-details":{"is_variation":false,"values":["unisex","regular-fit","premium-quality","digital-art"]},"pa_brand":{"is_variation":false,"values":["customywear"]},"pa_age-group":{"is_variation":false,"values":["adult"]},"pa_people-pets-to-include":{"is_variation":false,"values":["1-person-pet","2-people-pets","3-people-pets","4-people-pets","5-people-pets","6-people-pets"]},"pa_print-type":{"is_variation":false,"values":["dtg-print-direct-to-garment"]},"pa_gender":{"is_variation":false,"values":["unisex"]}},"custom_fields":[],"is_taxable":true,"product_name":"Matching Gym T-Shirt for Family - Personalized clothing"},"fields":{"sec_4672e0ddf1d28f":{"extra":{"key":"sec_4672e0ddf1d28f","section_id":"sec_4672e0ddf1d28f","name":"Default","status":1,"cl_rule":"show","enableCl":false,"relations":[],"toggle":true,"title_tag":"h3","show_title":false,"showPrice":"default","form_id":103593,"form_rules":{"exclude_from_discount":false,"fee_label":"Poplatek","disp_hide_options_price":false,"disp_show_section_price":false,"disp_show_field_price":true,"layout_option":"standard","pric_use_as_fee":false,"process_fee_as":"woo_fee"},"layout_option":"standard"},"fields":[[{"active":true,"col":6,"relations":[],"cl_rule":"show","enableCl":false,"price":"","enablePrice":false,"className":"","label_position":"default","desc_position":"default","type":"select","required":false,"elementId":"select_6098441394","label":"Select your t-shirt type","name":"select_6098441394","values":[{"label":"Adult Short Sleeve - Men\/Women","value":"Adult Short Sleeve - Men\/Women","selected":false,"tempId":"aco_1499","gt_translate_keys":["label"]},{"label":"Kids Short Sleeve - Boy\/Girl","value":"Kids Short Sleeve - Boy\/Girl","selected":false,"tempId":"aco_1501","gt_translate_keys":["label"]},{"label":"Toddler Short Sleeve - Boy\/Girl","value":"Toddler Short Sleeve - Boy\/Girl","selected":false,"tempId":"aco_1628","gt_translate_keys":["label"]}],"dropdown_type":"basic","error":false,"tooltip":"Select the type of t-shirt you want","priceOptions":"different_for_all","pricingType":"fixed","placeholder":"Select your T-shirt","gt_translate_keys":["label","placeholder","tooltip"],"price_dependency":false,"cl_dependency":["select_0672e0ddf1d2bb","select_6672e0ddf1d2c2","select_4672e0ddf1d2c5","color-group_4672e0ddf1d2ca","color-group_0672e0ddf1d2ce","color-group_0672e0ddf1d2ce"],"value":""}]]},"sec_10672e0ddf1d2b7":{"extra":{"key":"sec_10672e0ddf1d2b7","section_id":"sec_10672e0ddf1d2b7","name":"T-shirt size and color","status":1,"cl_rule":"show","enableCl":false,"relations":[],"toggle":true,"title_tag":"h4","show_title":false,"showPrice":"default","form_id":103593,"form_rules":{"exclude_from_discount":false,"fee_label":"Poplatek","disp_hide_options_price":false,"disp_show_section_price":false,"disp_show_field_price":true,"layout_option":"standard","pric_use_as_fee":false,"process_fee_as":"woo_fee"},"layout_option":"standard"},"fields":[[{"label":"Select t-shirt size","active":true,"required":true,"elementId":"select_0672e0ddf1d2bb","dropdown_type":"basic","placeholder":"Choose an option","name":"select_0672e0ddf1d2bb","label_position":"default","desc_position":"default","enablePrice":false,"className":"","enableCl":true,"relations":[{"operator":false,"rules":[{"operator":false,"rules":{"cl_field":"select_6098441394","cl_relation":"is","cl_val":"Adult Short Sleeve - Men\/Women"}}]}],"values":[{"label":"XS","value":"XS","selected":false,"tempId":"aco_2687","gt_translate_keys":["label"]},{"label":"S","value":"S","selected":false,"tempId":"aco_2688","gt_translate_keys":["label"]},{"label":"M","value":"M","selected":false,"tempId":"aco_2689","gt_translate_keys":["label"]},{"label":"L","value":"L","selected":false,"tempId":"aco_3167","gt_translate_keys":["label"]},{"label":"XL","value":"XL","selected":false,"tempId":"aco_3267","gt_translate_keys":["label"]},{"label":"2XL","value":"2XL","selected":false,"tempId":"aco_3430","gt_translate_keys":["label"]},{"label":"3XL","value":"3XL","selected":false,"tempId":"aco_3494","price":"","gt_translate_keys":["label"]}],"priceOptions":"different_for_all","pricingType":"multiply","price":"","cl_rule":"show","col":6,"type":"select","error":false,"gt_translate_keys":["label","placeholder"],"price_dependency":false,"cl_dependency":false,"value":""}],[{"label":"Select kid's t-shirt size","active":true,"required":true,"elementId":"select_6672e0ddf1d2c2","dropdown_type":"basic","placeholder":"Choose an option","name":"select_6672e0ddf1d2c2","label_position":"default","desc_position":"default","enablePrice":false,"className":"","enableCl":true,"relations":[{"operator":false,"rules":[{"operator":"AND","rules":{"cl_field":"select_6098441394","cl_relation":"is","cl_val":"Kids Short Sleeve - Boy\/Girl"}}]}],"values":[{"label":"S","value":"S","selected":false,"tempId":"aco_2688","gt_translate_keys":["label"]},{"label":"M","value":"M","selected":false,"tempId":"aco_2689","gt_translate_keys":["label"]},{"label":"L","value":"L","selected":false,"tempId":"aco_3167","gt_translate_keys":["label"]},{"label":"XL","value":"XL","selected":false,"tempId":"aco_3267","gt_translate_keys":["label"]}],"priceOptions":"different_for_all","pricingType":"multiply","price":"","cl_rule":"show","col":6,"type":"select","error":false,"gt_translate_keys":["label","placeholder"],"price_dependency":false,"cl_dependency":false,"value":""}],[{"label":"Select toddler t-shirt size","active":true,"required":true,"elementId":"select_4672e0ddf1d2c5","dropdown_type":"basic","placeholder":"Choose an option","name":"select_4672e0ddf1d2c5","label_position":"default","desc_position":"default","enablePrice":false,"className":"","enableCl":true,"relations":[{"operator":false,"rules":[{"operator":"AND","rules":{"cl_field":"select_6098441394","cl_relation":"is","cl_val":"Toddler Short Sleeve - Boy\/Girl"}}]}],"values":[{"label":"2T","value":"2T","selected":false,"tempId":"aco_2688","gt_translate_keys":["label"]},{"label":"3T","value":"3T","selected":false,"tempId":"aco_2689","gt_translate_keys":["label"]},{"label":"4T","value":"4T","selected":false,"tempId":"aco_3167","gt_translate_keys":["label"]},{"label":"5T \/ 6T","value":"5T \/ 6T","selected":false,"tempId":"aco_3267","gt_translate_keys":["label"]}],"priceOptions":"different_for_all","pricingType":"multiply","price":"","cl_rule":"show","col":6,"type":"select","error":false,"gt_translate_keys":["label","placeholder"],"price_dependency":false,"cl_dependency":false,"value":""}],[{"active":true,"col":6,"relations":[{"operator":false,"rules":[{"operator":false,"rules":{"cl_field":"select_6098441394","cl_relation":"is","cl_val":"Toddler Short Sleeve - Boy\/Girl"}}]}],"cl_rule":"show","enableCl":true,"price":"","enablePrice":false,"className":"","label_position":"default","desc_position":"default","type":"color-group","required":true,"elementId":"color-group_4672e0ddf1d2ca","label":"Select t-shirt color","name":"color-group_4672e0ddf1d2ca","disp_type":"squircle","values":[{"label":"Black","value":"Black","selected":true,"color":"#000000","tempId":"aco_3703","gt_translate_keys":["label"]},{"label":"White","value":"White","selected":false,"color":"#ffffff","tempId":"aco_3704","gt_translate_keys":["label"]}],"layOut":"inline","error":false,"gt_translate_keys":["label"],"price_dependency":false,"cl_dependency":false,"value":""}],[{"label":"Select t-shirt color","active":true,"required":true,"elementId":"color-group_0672e0ddf1d2ce","name":"color-group_0672e0ddf1d2ce","label_position":"default","desc_position":"default","enablePrice":false,"className":"","enableCl":true,"relations":[{"operator":false,"rules":[{"operator":"or","rules":{"cl_field":"select_6098441394","cl_relation":"is","cl_val":"Adult Short Sleeve - Men\/Women"}},{"operator":"AND","rules":{"cl_field":"select_6098441394","cl_relation":"is","cl_val":"Kids Short Sleeve - Boy\/Girl"}}]}],"layOut":"inline","disp_type":"squircle","values":[{"label":"Black","value":"Black","selected":true,"color":"#000000","tempId":"aco_3703","gt_translate_keys":["label"]},{"label":"White","value":"White","selected":false,"color":"#ffffff","tempId":"aco_3704","gt_translate_keys":["label"]},{"label":"Navy","value":"Navy","selected":false,"color":"#374286","tempId":"aco_3705","gt_translate_keys":["label"]},{"label":"Red","value":"Red","selected":false,"color":"#d0021b","tempId":"aco_3856","gt_translate_keys":["label"]}],"price":"","cl_rule":"show","col":6,"type":"color-group","error":false,"gt_translate_keys":["label"],"price_dependency":false,"cl_dependency":false,"value":""}],[{"active":true,"col":6,"relations":[{"operator":false,"rules":[{"operator":"AND","rules":{"cl_field":"select_10672e0ddf1d2a9","cl_relation":"is_empty","cl_val":true}}]}],"cl_rule":"hide","enableCl":true,"price":"","enablePrice":false,"className":"","label_position":"default","desc_position":"default","type":"file","required":false,"elementId":"file_8672e0ddf1d2d1","name":"file_8672e0ddf1d2d1","label":"Upload your photo(s)","upload_type":"droppable","uploadSize":"50","file_types":["images","docs","design"],"exts_supported":[],"error":false,"hideImageIn_email":false,"multiple_upload":true,"max_file_count":"25","tooltip":"Please provide clear photos of the person or pet looking directly at the camera.","allowedFileTypes":"image\/*,.doc,.docx,.xml,.dot,.docm,.dotm,.dotx,.htm,.html,.odt,.pdf,.rtf,.txt,.wps,.xps,application\/msword,application\/vnd,.psd,.eps,.ai,.indd,.raw","gt_translate_keys":["label","tooltip"],"price_dependency":false,"cl_dependency":false,"value":""}],[{"active":true,"col":6,"relations":[{"operator":false,"rules":[{"operator":"AND","rules":{"cl_field":"select_10672e0ddf1d2a9","cl_relation":"is_empty","cl_val":""}}]}],"cl_rule":"hide","enableCl":true,"price":"","enablePrice":false,"className":"","label_position":"default","desc_position":"default","type":"text","subtype":"text","required":false,"elementId":"text_10672e0ddf1d2db","label":"Add text to your T-shirt design (optional)","name":"text_10672e0ddf1d2db","value":"","error":false,"tooltip":"Your text will be added to the top or bottom of the T-shirt design.","placeholder":"Write a Name or a sentence","gt_translate_keys":["label","placeholder","value","tooltip"],"price_dependency":false,"cl_dependency":false}],[{"active":true,"col":6,"relations":[{"operator":false,"rules":[{"operator":"AND","rules":{"cl_field":"select_10672e0ddf1d2a9","cl_relation":"is_empty","cl_val":""}}]}],"cl_rule":"hide","enableCl":true,"price":"","enablePrice":false,"className":"","label_position":"default","desc_position":"default","type":"radio-group","required":true,"elementId":"radio-group_9672e0ddf1d2df","label":"Select t-shirt print location","name":"radio-group_9672e0ddf1d2df","values":[{"label":"Front Side","value":"Front Side","selected":true,"tempId":"aco_5504","gt_translate_keys":["label"]},{"label":"Back Side","value":"Back Side","selected":false,"tempId":"aco_5505","gt_translate_keys":["label"]}],"layOut":"inline","error":false,"checkUi":"","gt_translate_keys":["label"],"price_dependency":false,"cl_dependency":false,"value":""}],[{"active":true,"col":6,"relations":[{"operator":false,"rules":[{"operator":"AND","rules":{"cl_field":"select_10672e0ddf1d2a9","cl_relation":"is_empty","cl_val":""}}]}],"cl_rule":"hide","enableCl":true,"price":"","enablePrice":false,"className":"","label_position":"default","desc_position":"default","type":"radio-group","required":false,"elementId":"radio-group_6672e0ddf1d2e3","label":"Would you like to review the design before printing?","name":"radio-group_6672e0ddf1d2e3","values":[{"label":"No","value":"No","selected":true,"tempId":"aco_6274","gt_translate_keys":["label"]},{"label":"Yes","value":"Yes","selected":false,"tempId":"aco_6275","price":"","gt_translate_keys":["label"]}],"layOut":"inline","error":false,"checkUi":"","priceOptions":"different_for_all","pricingType":"fixed","use_as_fee":false,"fee_label":"Preview Image","tooltip":"If yes, we\u2019ll email you a preview of the design before printing. This may add 1-2 days to delivery time.*","gt_translate_keys":["label","tooltip"],"price_dependency":false,"cl_dependency":["content_5672e0ddf1d2e6"],"value":""}],[{"active":true,"col":6,"relations":[{"operator":false,"rules":[{"operator":"AND","rules":{"cl_field":"radio-group_6672e0ddf1d2e3","cl_relation":"is","cl_val":"Yes"}}]}],"cl_rule":"show","enableCl":true,"price":"","enablePrice":false,"className":"","label_position":"default","desc_position":"default","type":"content","required":false,"elementId":"content_5672e0ddf1d2e6","label":"","name":"content_5672e0ddf1d2e6","contentType":"plain","value":"Please check your inbox, including Spam or other folders, within 1-2 business days for the preview image","error":false,"subtype":"p","gt_translate_keys":["label","value"],"price_dependency":false,"cl_dependency":false}]]}},"config":{"price_override":"","enable_recaptcha":false,"bind_quantity":false,"quantity_bind_formula":false,"disp_summ_show_option_price":false,"disp_summ_show_product_price":false,"disp_summ_show_total_price":false,"disp_summ_show_fee":false,"disp_summ_show_discount":false,"summary_title":"","options_total_label":"Mo\u017enosti Cena","total_label":"Total","options_product_label":"Cena produktu","fee_label":"Poplatek","discount_label":"Sleva","has_price":true,"has_quantity_formula":false},"mc_unit":1,"tax_rate":1,"tax_rate_real":0,"discount":{"percentage":0,"fixed":0},"design":{"conf":{"LabelPosition":"above","DescPosition":"above","UploadField":"default","QuantityFieldStyle":"default"},"css":{"LeftLabelWidth":"120px"}},"formulas":[],"clones":false,"cartKey":false}},"_links":{"self":[{"href":"https:\/\/www.customywear.com\/tr\/wp-json\/wp\/v2\/product\/39307","targetHints":{"allow":["GET"]}}],"collection":[{"href":"https:\/\/www.customywear.com\/tr\/wp-json\/wp\/v2\/product"}],"about":[{"href":"https:\/\/www.customywear.com\/tr\/wp-json\/wp\/v2\/types\/product"}],"replies":[{"embeddable":true,"href":"https:\/\/www.customywear.com\/tr\/wp-json\/wp\/v2\/comments?post=39307"}],"wp:featuredmedia":[{"embeddable":true,"href":"https:\/\/www.customywear.com\/tr\/wp-json\/wp\/v2\/media\/95786"}],"wp:attachment":[{"href":"https:\/\/www.customywear.com\/tr\/wp-json\/wp\/v2\/media?parent=39307"}],"wp:term":[{"taxonomy":"product_brand","embeddable":true,"href":"https:\/\/www.customywear.com\/tr\/wp-json\/wp\/v2\/product_brand?post=39307"},{"taxonomy":"product_cat","embeddable":true,"href":"https:\/\/www.customywear.com\/tr\/wp-json\/wp\/v2\/product_cat?post=39307"},{"taxonomy":"product_tag","embeddable":true,"href":"https:\/\/www.customywear.com\/tr\/wp-json\/wp\/v2\/product_tag?post=39307"}],"curies":[{"name":"wp","href":"https:\/\/api.w.org\/{rel}","templated":true}]}}