{"id":39479,"date":"2024-06-15T12:03:02","date_gmt":"2024-06-15T12:03:02","guid":{"rendered":"https:\/\/www.customywear.com\/?post_type=product&#038;p=39479"},"modified":"2026-05-05T20:24:06","modified_gmt":"2026-05-05T20:24:06","slug":"erkekler-icin-ozel-super-kahraman-tisortu","status":"publish","type":"product","link":"https:\/\/www.customywear.com\/tr\/custom-superhero-t-shirt-for-men\/","title":{"rendered":"Erkekler i\u00e7in \u00f6zel S\u00fcper Kahraman Ti\u015f\u00f6rt-\u00d6zel grafik g\u00f6mlek"},"content":{"rendered":"<p>Erkekler \u0130\u00e7in Ki\u015fiye \u00d6zel S\u00fcper Kahraman Ti\u015f\u00f6rt\u00fc: Erkekler \u0130\u00e7in Ki\u015fiye \u00d6zel S\u00fcper Kahraman Ti\u015f\u00f6rt\u00fcm\u00fczle foto\u011fraflar\u0131n\u0131z\u0131 benzersiz bir s\u00fcper kahraman karakterine d\u00f6n\u00fc\u015ft\u00fcr\u00fcn. Yumu\u015fak 0 pamuktan \u00fcretilen bu birinci s\u0131n\u0131f kalitedeki ti\u015f\u00f6rt, g\u00fcnl\u00fck kullan\u0131m i\u00e7in m\u00fckemmel olan dayan\u0131kl\u0131l\u0131k ve konfor sunar. Y\u00fcksek kaliteli DTG bask\u0131s\u0131yla her tasar\u0131m canl\u0131 ve kal\u0131c\u0131d\u0131r ve ki\u015fiselle\u015ftirilmi\u015f s\u00fcper kahraman\u0131n\u0131z\u0131n \u00f6ne \u00e7\u0131kmas\u0131n\u0131 sa\u011flar. S\u00fcper kahraman \u00e7izgi roman severler veya d\u00fc\u015f\u00fcnceli bir hediye olarak ideal olan bu ti\u015f\u00f6rt, stili ki\u015fisel bir yetenekle birle\u015ftirir.<\/p>","protected":false},"excerpt":{"rendered":"<p>Erkekler i\u00e7in \u00f6zel s\u00fcper kahraman ti\u015f\u00f6rtleri ile kahramanl\u0131\u011f\u0131 serbest b\u0131rak\u0131n. \u00d6zel grafik g\u00f6mlekler, herhangi bir foto\u011fraf\u0131 cesur, benzersiz bir ti\u015f\u00f6rte d\u00f6n\u00fc\u015ft\u00fcr\u00fcr.<\/p>","protected":false},"featured_media":126877,"comment_status":"open","ping_status":"closed","template":"","meta":{"_acf_changed":false},"product_brand":[],"product_cat":[6195,157,6150,186,6336,6412,515,6428],"product_tag":[6433,6327,6216,6168],"class_list":{"0":"post-39479","1":"product","2":"type-product","3":"status-publish","4":"has-post-thumbnail","6":"product_cat-t-shirts-men","7":"product_cat-best-sellers","8":"product_cat-custom-gifts-ai-superhero","9":"product_cat-men","10":"product_cat-mens-superhero-t-shirts","11":"product_cat-photo-to-tees","12":"product_cat-superhero","13":"product_cat-translate-products","14":"product_tag-ai-artwork","15":"product_tag-custom-photo-t-shirt-for-men","16":"product_tag-mens-custom-t-shirts","17":"product_tag-unique-superhero-tees","19":"first","20":"instock","21":"taxable","22":"shipping-taxable","23":"purchasable","24":"product-type-simple"},"acf":[],"wcpa_form_fields":null,"_links":{"self":[{"href":"https:\/\/www.customywear.com\/tr\/wp-json\/wp\/v2\/product\/39479","targetHints":{"allow":["GET"]}}],"collection":[{"href":"https:\/\/www.customywear.com\/tr\/wp-json\/wp\/v2\/product"}],"about":[{"href":"https:\/\/www.customywear.com\/tr\/wp-json\/wp\/v2\/types\/product"}],"replies":[{"embeddable":true,"href":"https:\/\/www.customywear.com\/tr\/wp-json\/wp\/v2\/comments?post=39479"}],"wp:featuredmedia":[{"embeddable":true,"href":"https:\/\/www.customywear.com\/tr\/wp-json\/wp\/v2\/media\/126877"}],"wp:attachment":[{"href":"https:\/\/www.customywear.com\/tr\/wp-json\/wp\/v2\/media?parent=39479"}],"wp:term":[{"taxonomy":"product_brand","embeddable":true,"href":"https:\/\/www.customywear.com\/tr\/wp-json\/wp\/v2\/product_brand?post=39479"},{"taxonomy":"product_cat","embeddable":true,"href":"https:\/\/www.customywear.com\/tr\/wp-json\/wp\/v2\/product_cat?post=39479"},{"taxonomy":"product_tag","embeddable":true,"href":"https:\/\/www.customywear.com\/tr\/wp-json\/wp\/v2\/product_tag?post=39479"}],"curies":[{"name":"wp","href":"https:\/\/api.w.org\/{rel}","templated":true}]}}