{"id":39587,"date":"2024-06-16T11:02:45","date_gmt":"2024-06-16T11:02:45","guid":{"rendered":"https:\/\/www.customywear.com\/?post_type=product&#038;p=39587"},"modified":"2026-05-05T20:23:27","modified_gmt":"2026-05-05T20:23:27","slug":"ozel-kadin-super-kahraman-tisortu","status":"publish","type":"product","link":"https:\/\/www.customywear.com\/tr\/custom-female-superhero-tee\/","title":{"rendered":"Ki\u015fiye \u00d6zel Kad\u0131n S\u00fcper Kahraman Ti\u015f\u00f6rt\u00fc \u2013 Ki\u015fiye \u00f6zel grafik ti\u015f\u00f6rt"},"content":{"rendered":"<p>Ki\u015fiye \u00d6zel Kad\u0131n S\u00fcper Kahraman Ti\u015f\u00f6rt\u00fc: Ki\u015fiye \u00d6zel Kad\u0131n S\u00fcper Kahraman Ti\u015f\u00f6rt\u00fcm\u00fczle tarz\u0131n\u0131z\u0131 g\u00fc\u00e7lendirin. Yumu\u015fak 0 pamuktan \u00fcretilen bu birinci s\u0131n\u0131f kalitedeki ti\u015f\u00f6rt, g\u00fcnl\u00fck kullan\u0131m i\u00e7in konfor ve dayan\u0131kl\u0131l\u0131k sunar. Y\u00fcksek kaliteli DTG bask\u0131yla canl\u0131 tasar\u0131mlara sahip her ti\u015f\u00f6rt, foto\u011fraflar\u0131n\u0131z\u0131 ki\u015fiselle\u015ftirilmi\u015f bir kad\u0131n s\u00fcper kahraman karakterine d\u00f6n\u00fc\u015ft\u00fcr\u00fcr. \u0130ster hediye olarak ister ki\u015fisel kullan\u0131m i\u00e7in olsun, Ki\u015fiye \u00d6zel Kad\u0131n S\u00fcper Kahraman Ti\u015f\u00f6rt\u00fcm\u00fcz g\u00fcc\u00fc ve bireyselli\u011fi kutlar.<\/p>","protected":false},"excerpt":{"rendered":"<p>\u00d6zel kad\u0131n s\u00fcper kahraman ti\u015f\u00f6rtleri ile g\u00fc\u00e7lendirin. \u00d6zel grafik g\u00f6mlekler, herhangi bir foto\u011fraf\u0131 e\u011flenceli, t\u00fcr\u00fcn\u00fcn tek \u00f6rne\u011fi kahraman bir ti\u015f\u00f6rte d\u00f6n\u00fc\u015ft\u00fcr\u00fcr.<\/p>","protected":false},"featured_media":126856,"comment_status":"open","ping_status":"closed","template":"","meta":{"_acf_changed":false},"product_brand":[],"product_cat":[6191,6150,6412,515,6428,75,6350],"product_tag":[6214,6433,6328,229,6432,6215],"class_list":{"0":"post-39587","1":"product","2":"type-product","3":"status-publish","4":"has-post-thumbnail","6":"product_cat-t-shirts-women","7":"product_cat-custom-gifts-ai-superhero","8":"product_cat-photo-to-tees","9":"product_cat-superhero","10":"product_cat-translate-products","11":"product_cat-women","12":"product_cat-womens-superhero-t-shirts","13":"product_tag-affordable-custom-t-shirts","14":"product_tag-ai-artwork","15":"product_tag-custom-image-t-shirt-for-women","16":"product_tag-custom-tee-shirts","17":"product_tag-product-video","18":"product_tag-screen-printing-near-me","20":"first","21":"instock","22":"taxable","23":"shipping-taxable","24":"purchasable","25":"product-type-simple"},"acf":[],"wcpa_form_fields":null,"_links":{"self":[{"href":"https:\/\/www.customywear.com\/tr\/wp-json\/wp\/v2\/product\/39587","targetHints":{"allow":["GET"]}}],"collection":[{"href":"https:\/\/www.customywear.com\/tr\/wp-json\/wp\/v2\/product"}],"about":[{"href":"https:\/\/www.customywear.com\/tr\/wp-json\/wp\/v2\/types\/product"}],"replies":[{"embeddable":true,"href":"https:\/\/www.customywear.com\/tr\/wp-json\/wp\/v2\/comments?post=39587"}],"wp:featuredmedia":[{"embeddable":true,"href":"https:\/\/www.customywear.com\/tr\/wp-json\/wp\/v2\/media\/126856"}],"wp:attachment":[{"href":"https:\/\/www.customywear.com\/tr\/wp-json\/wp\/v2\/media?parent=39587"}],"wp:term":[{"taxonomy":"product_brand","embeddable":true,"href":"https:\/\/www.customywear.com\/tr\/wp-json\/wp\/v2\/product_brand?post=39587"},{"taxonomy":"product_cat","embeddable":true,"href":"https:\/\/www.customywear.com\/tr\/wp-json\/wp\/v2\/product_cat?post=39587"},{"taxonomy":"product_tag","embeddable":true,"href":"https:\/\/www.customywear.com\/tr\/wp-json\/wp\/v2\/product_tag?post=39587"}],"curies":[{"name":"wp","href":"https:\/\/api.w.org\/{rel}","templated":true}]}}