{"id":39999,"date":"2024-06-16T14:21:14","date_gmt":"2024-06-16T14:21:14","guid":{"rendered":"https:\/\/www.customywear.com\/?post_type=product&#038;p=39999"},"modified":"2026-05-07T15:29:44","modified_gmt":"2026-05-07T15:29:44","slug":"superkahraman-tisort-yurutecik-icin","status":"publish","type":"product","link":"https:\/\/www.customywear.com\/tr\/superhero-t-shirt-for-toddler\/","title":{"rendered":"Minikler i\u00e7in S\u00fcper Kahraman Ti\u015f\u00f6rt\u00fc \u2013 Ki\u015fiselle\u015ftirilmi\u015f ti\u015f\u00f6rt"},"content":{"rendered":"<p>K\u00fc\u00e7\u00fck \u00c7ocuklar \u0130\u00e7in S\u00fcper Kahraman Ti\u015f\u00f6rt\u00fc \u2013 Ki\u015fiselle\u015ftirilmi\u015f Ti\u015f\u00f6rt: K\u00fc\u00e7\u00fck kahraman\u0131n\u0131z\u0131 K\u00fc\u00e7\u00fck \u00c7ocuklar \u0130\u00e7in S\u00fcper Kahraman Ti\u015f\u00f6rt\u00fcm\u00fcz \u2013 Ki\u015fiselle\u015ftirilmi\u015f Ti\u015f\u00f6rt\u00fcm\u00fczle \u015f\u0131k bir \u015fekilde giydirin. Yumu\u015fak, dayan\u0131kl\u0131 malzemelerden \u00fcretilen bu ti\u015f\u00f6rt, aktif k\u00fc\u00e7\u00fck \u00e7ocuklar i\u00e7in konfor sa\u011flar. Y\u00fcksek kaliteli DTG bask\u0131s\u0131yla canl\u0131 tasar\u0131mlara sahip olan her ti\u015f\u00f6rt, k\u00fc\u00e7\u00fck \u00e7ocu\u011funuzun en sevdi\u011fi s\u00fcper kahraman\u0131 sergilemek i\u00e7in ki\u015fiselle\u015ftirilebilir. \u0130ster oyun bulu\u015fmalar\u0131 ister g\u00fcnl\u00fck maceralar i\u00e7in olsun, ki\u015fiselle\u015ftirilmi\u015f ti\u015f\u00f6rt\u00fcm\u00fcz m\u00fckemmel bir uyum sa\u011flar.<\/p>","protected":false},"excerpt":{"rendered":"<p>K\u00fc\u00e7\u00fck \u00e7ocuklar i\u00e7in s\u00fcper kahraman ti\u015f\u00f6rtleri ile gen\u00e7 ba\u015flay\u0131n. Ki\u015fiselle\u015ftirilmi\u015f ti\u015f\u00f6rtler, herhangi bir foto\u011fraf\u0131 e\u011flenceli, benzersiz bir ti\u015f\u00f6rte d\u00f6n\u00fc\u015ft\u00fcr\u00fcr.<\/p>","protected":false},"featured_media":135269,"comment_status":"open","ping_status":"closed","template":"","meta":{"_acf_changed":false},"product_brand":[],"product_cat":[6209,6150,6412,6428],"product_tag":[6433,6439,6221],"class_list":{"0":"post-39999","1":"product","2":"type-product","3":"status-publish","4":"has-post-thumbnail","6":"product_cat-toddler-boy-t-shirts","7":"product_cat-custom-gifts-ai-superhero","8":"product_cat-photo-to-tees","9":"product_cat-translate-products","10":"product_tag-ai-artwork","11":"product_tag-ai-kids-artwork","12":"product_tag-custom-t-shirts-near-me","14":"first","15":"instock","16":"taxable","17":"shipping-taxable","18":"purchasable","19":"product-type-simple"},"acf":[],"wcpa_form_fields":null,"_links":{"self":[{"href":"https:\/\/www.customywear.com\/tr\/wp-json\/wp\/v2\/product\/39999","targetHints":{"allow":["GET"]}}],"collection":[{"href":"https:\/\/www.customywear.com\/tr\/wp-json\/wp\/v2\/product"}],"about":[{"href":"https:\/\/www.customywear.com\/tr\/wp-json\/wp\/v2\/types\/product"}],"replies":[{"embeddable":true,"href":"https:\/\/www.customywear.com\/tr\/wp-json\/wp\/v2\/comments?post=39999"}],"wp:featuredmedia":[{"embeddable":true,"href":"https:\/\/www.customywear.com\/tr\/wp-json\/wp\/v2\/media\/135269"}],"wp:attachment":[{"href":"https:\/\/www.customywear.com\/tr\/wp-json\/wp\/v2\/media?parent=39999"}],"wp:term":[{"taxonomy":"product_brand","embeddable":true,"href":"https:\/\/www.customywear.com\/tr\/wp-json\/wp\/v2\/product_brand?post=39999"},{"taxonomy":"product_cat","embeddable":true,"href":"https:\/\/www.customywear.com\/tr\/wp-json\/wp\/v2\/product_cat?post=39999"},{"taxonomy":"product_tag","embeddable":true,"href":"https:\/\/www.customywear.com\/tr\/wp-json\/wp\/v2\/product_tag?post=39999"}],"curies":[{"name":"wp","href":"https:\/\/api.w.org\/{rel}","templated":true}]}}