{"id":40000,"date":"2024-06-16T14:21:16","date_gmt":"2024-06-16T14:21:16","guid":{"rendered":"https:\/\/www.customywear.com\/?post_type=product&#038;p=40000"},"modified":"2026-05-07T15:29:44","modified_gmt":"2026-05-07T15:29:44","slug":"superkahraman-tisort-erkekler-icin","status":"publish","type":"product","link":"https:\/\/www.customywear.com\/tr\/superhero-t-shirt-for-boys\/","title":{"rendered":"Erkek \u00c7ocuklar \u0130\u00e7in S\u00fcper Kahraman Ti\u015f\u00f6rt\u00fc \u2013 Ki\u015fiye \u00f6zel moda ti\u015f\u00f6rt\u00fc"},"content":{"rendered":"<p>Erkek \u00c7ocuklar \u0130\u00e7in S\u00fcper Kahraman Ti\u015f\u00f6rt\u00fc \u2013 \u00d6zel Moda Ti\u015f\u00f6rt\u00fc: Erkek \u00c7ocuklar \u0130\u00e7in S\u00fcper Kahraman Ti\u015f\u00f6rt\u00fc \u2013 \u00d6zel Moda Ti\u015f\u00f6rt\u00fcm\u00fczle hayal g\u00fcc\u00fcn\u00fcz\u00fc harekete ge\u00e7irin. Birinci s\u0131n\u0131f kaliteli malzemelerden \u00fcretilen bu ti\u015f\u00f6rtler, her gen\u00e7 s\u00fcper kahraman i\u00e7in konfor ve dayan\u0131kl\u0131l\u0131k sunar. Y\u00fcksek kaliteli DTG bask\u0131 ile canl\u0131 tasar\u0131mlara sahip her ti\u015f\u00f6rt, o\u011flunuzu \u015f\u0131k bir kahramana d\u00f6n\u00fc\u015ft\u00fcr\u00fcr. \u0130ster okul ister oyun i\u00e7in olsun, \u00f6zel moda ti\u015f\u00f6rt\u00fcm\u00fcz onun \u00f6zg\u00fcvenle \u00f6ne \u00e7\u0131kmas\u0131n\u0131 sa\u011flar.<\/p>","protected":false},"excerpt":{"rendered":"<p>Erkekler i\u00e7in bir s\u00fcper kahraman ti\u015f\u00f6rt\u00fc ile kahramanl\u0131\u011f\u0131 serbest b\u0131rak\u0131n. \u00d6zel moda ti\u015f\u00f6rtleri, herhangi bir foto\u011fraf\u0131 cesur, t\u00fcr\u00fcn\u00fcn tek \u00f6rne\u011fi bir ti\u015f\u00f6rte d\u00f6n\u00fc\u015ft\u00fcr\u00fcr.<\/p>","protected":false},"featured_media":135265,"comment_status":"open","ping_status":"closed","template":"","meta":{"_acf_changed":false},"product_brand":[],"product_cat":[6189,496,6150,6412,6428],"product_tag":[6433,6439,6221,6330],"class_list":{"0":"post-40000","1":"product","2":"type-product","3":"status-publish","4":"has-post-thumbnail","6":"product_cat-boys-t-shirts","7":"product_cat-birthday","8":"product_cat-custom-gifts-ai-superhero","9":"product_cat-photo-to-tees","10":"product_cat-translate-products","11":"product_tag-ai-artwork","12":"product_tag-ai-kids-artwork","13":"product_tag-custom-t-shirts-near-me","14":"product_tag-photo-print-t-shirt-for-boys","16":"first","17":"instock","18":"taxable","19":"shipping-taxable","20":"purchasable","21":"product-type-simple"},"acf":[],"wcpa_form_fields":null,"_links":{"self":[{"href":"https:\/\/www.customywear.com\/tr\/wp-json\/wp\/v2\/product\/40000","targetHints":{"allow":["GET"]}}],"collection":[{"href":"https:\/\/www.customywear.com\/tr\/wp-json\/wp\/v2\/product"}],"about":[{"href":"https:\/\/www.customywear.com\/tr\/wp-json\/wp\/v2\/types\/product"}],"replies":[{"embeddable":true,"href":"https:\/\/www.customywear.com\/tr\/wp-json\/wp\/v2\/comments?post=40000"}],"wp:featuredmedia":[{"embeddable":true,"href":"https:\/\/www.customywear.com\/tr\/wp-json\/wp\/v2\/media\/135265"}],"wp:attachment":[{"href":"https:\/\/www.customywear.com\/tr\/wp-json\/wp\/v2\/media?parent=40000"}],"wp:term":[{"taxonomy":"product_brand","embeddable":true,"href":"https:\/\/www.customywear.com\/tr\/wp-json\/wp\/v2\/product_brand?post=40000"},{"taxonomy":"product_cat","embeddable":true,"href":"https:\/\/www.customywear.com\/tr\/wp-json\/wp\/v2\/product_cat?post=40000"},{"taxonomy":"product_tag","embeddable":true,"href":"https:\/\/www.customywear.com\/tr\/wp-json\/wp\/v2\/product_tag?post=40000"}],"curies":[{"name":"wp","href":"https:\/\/api.w.org\/{rel}","templated":true}]}}