{"id":40059,"date":"2024-06-16T14:32:39","date_gmt":"2024-06-16T14:32:39","guid":{"rendered":"https:\/\/www.customywear.com\/?post_type=product&#038;p=40059"},"modified":"2026-05-07T15:29:44","modified_gmt":"2026-05-07T15:29:44","slug":"genc-kiz-superkahraman-tisort-2","status":"publish","type":"product","link":"https:\/\/www.customywear.com\/tr\/youth-superhero-t-shirt-for-girls\/","title":{"rendered":"K\u0131zlar i\u00e7in Gen\u00e7lik S\u00fcper Kahraman Ti\u015f\u00f6rt-Ki\u015fiye \u00f6zel ti\u015f\u00f6rt"},"content":{"rendered":"<p>K\u0131zlar \u0130\u00e7in Gen\u00e7lik S\u00fcper Kahraman Ti\u015f\u00f6rt\u00fc \u2013 Ki\u015fiselle\u015ftirilmi\u015f Ti\u015f\u00f6rt: K\u0131zlar \u0130\u00e7in Gen\u00e7lik S\u00fcper Kahraman Ti\u015f\u00f6rt\u00fcm\u00fcz \u2013 Ki\u015fiselle\u015ftirilmi\u015f Ti\u015f\u00f6rt\u00fcm\u00fcz ile kahramanl\u0131\u011f\u0131 te\u015fvik edin. Yumu\u015fak, dayan\u0131kl\u0131 malzemelerden \u00fcretilen bu ti\u015f\u00f6rt, b\u00fcy\u00fcyen s\u00fcper kahramanlara konfor sunar. Y\u00fcksek kaliteli DTG bask\u0131 ile ki\u015fiselle\u015ftirilmi\u015f tasar\u0131mlarla, her ti\u015f\u00f6rt en sevdi\u011fi kahraman\u0131 benzersiz bir \u015fekilde sergiler. \u0130ster okul ister oyun i\u00e7in olsun, ki\u015fiselle\u015ftirilmi\u015f ti\u015f\u00f6rt\u00fcm\u00fcz \u00f6zg\u00fcven ve hayal g\u00fcc\u00fc a\u015f\u0131lar.<\/p>","protected":false},"excerpt":{"rendered":"<p>Gen\u00e7 k\u0131zlar\u0131 k\u0131zlar i\u00e7in bir gen\u00e7lik s\u00fcper kahraman ti\u015f\u00f6rt\u00fc ile g\u00fc\u00e7lendirin. Ki\u015fiselle\u015ftirilmi\u015f ti\u015f\u00f6rtler, herhangi bir foto\u011fraf\u0131 e\u011flenceli, kahramanca bir ti\u015f\u00f6rte d\u00f6n\u00fc\u015ft\u00fcr\u00fcr.<\/p>","protected":false},"featured_media":126779,"comment_status":"open","ping_status":"closed","template":"","meta":{"_acf_changed":false},"product_brand":[],"product_cat":[6193,496,6150,152,6412,6428,58],"product_tag":[6433,6439,6331,6221],"class_list":{"0":"post-40059","1":"product","2":"type-product","3":"status-publish","4":"has-post-thumbnail","6":"product_cat-girls-t-shirts","7":"product_cat-birthday","8":"product_cat-custom-gifts-ai-superhero","9":"product_cat-girls","10":"product_cat-photo-to-tees","11":"product_cat-translate-products","12":"product_cat-youth-kids","13":"product_tag-ai-artwork","14":"product_tag-ai-kids-artwork","15":"product_tag-custom-picture-t-shirt-for-girls","16":"product_tag-custom-t-shirts-near-me","18":"first","19":"instock","20":"taxable","21":"shipping-taxable","22":"purchasable","23":"product-type-simple"},"acf":[],"wcpa_form_fields":null,"_links":{"self":[{"href":"https:\/\/www.customywear.com\/tr\/wp-json\/wp\/v2\/product\/40059","targetHints":{"allow":["GET"]}}],"collection":[{"href":"https:\/\/www.customywear.com\/tr\/wp-json\/wp\/v2\/product"}],"about":[{"href":"https:\/\/www.customywear.com\/tr\/wp-json\/wp\/v2\/types\/product"}],"replies":[{"embeddable":true,"href":"https:\/\/www.customywear.com\/tr\/wp-json\/wp\/v2\/comments?post=40059"}],"wp:featuredmedia":[{"embeddable":true,"href":"https:\/\/www.customywear.com\/tr\/wp-json\/wp\/v2\/media\/126779"}],"wp:attachment":[{"href":"https:\/\/www.customywear.com\/tr\/wp-json\/wp\/v2\/media?parent=40059"}],"wp:term":[{"taxonomy":"product_brand","embeddable":true,"href":"https:\/\/www.customywear.com\/tr\/wp-json\/wp\/v2\/product_brand?post=40059"},{"taxonomy":"product_cat","embeddable":true,"href":"https:\/\/www.customywear.com\/tr\/wp-json\/wp\/v2\/product_cat?post=40059"},{"taxonomy":"product_tag","embeddable":true,"href":"https:\/\/www.customywear.com\/tr\/wp-json\/wp\/v2\/product_tag?post=40059"}],"curies":[{"name":"wp","href":"https:\/\/api.w.org\/{rel}","templated":true}]}}