{"id":40255,"date":"2024-06-26T08:56:52","date_gmt":"2024-06-26T08:56:52","guid":{"rendered":"https:\/\/www.customywear.com\/?post_type=product&#038;p=40255"},"modified":"2026-05-07T15:29:44","modified_gmt":"2026-05-07T15:29:44","slug":"ozel-toddler-superkahraman-tisort","status":"publish","type":"product","link":"https:\/\/www.customywear.com\/tr\/custom-toddler-superhero-t-shirt\/","title":{"rendered":"K\u00fc\u00e7\u00fck \u00c7ocuklar \u0130\u00e7in Ki\u015fiye \u00d6zel Ti\u015f\u00f6rt \u2013 Foto\u011fraftan S\u00fcper Kahraman Ti\u015f\u00f6rt\u00fcne"},"content":{"rendered":"<p>K\u00fc\u00e7\u00fck \u00c7ocuklar \u0130\u00e7in Ki\u015fiye \u00d6zel Ti\u015f\u00f6rt - Foto\u011fraftan S\u00fcper Kahramana Ti\u015f\u00f6rt: K\u00fc\u00e7\u00fck \u00c7ocuklar \u0130\u00e7in Ki\u015fiye \u00d6zel Ti\u015f\u00f6rt\u00fcm\u00fczle - Foto\u011fraftan S\u00fcper Kahramana Ti\u015f\u00f6rt\u00fcm\u00fczle oyun zaman\u0131n\u0131 d\u00f6n\u00fc\u015ft\u00fcr\u00fcn! Yumu\u015fak 0 pamuktan \u00fcretilen bu birinci s\u0131n\u0131f kalitede ti\u015f\u00f6rt, k\u00fc\u00e7\u00fckler i\u00e7in konfor ve dayan\u0131kl\u0131l\u0131k sunar. Her ti\u015f\u00f6rt, canl\u0131 ve detayl\u0131 sanat eserleri i\u00e7in y\u00fcksek kaliteli DTG bask\u0131 kullan\u0131larak bas\u0131lm\u0131\u015f, s\u00fcper kahraman tasar\u0131m\u0131na d\u00f6n\u00fc\u015ft\u00fcr\u00fclm\u00fc\u015f bir foto\u011frafa sahiptir. Do\u011fum g\u00fcnleri veya g\u00fcnl\u00fck maceralar i\u00e7in olsun, bu foto\u011fraftan s\u00fcper kahramana ti\u015f\u00f6rt hayal g\u00fcc\u00fcn\u00fc ve ne\u015feyi harekete ge\u00e7irir.<\/p>","protected":false},"excerpt":{"rendered":"<p>K\u00fc\u00e7\u00fck \u00e7ocuk i\u00e7in \u00f6zel bir ti\u015f\u00f6rtle erken ba\u015flay\u0131n. Foto\u011fraf-s\u00fcper kahraman ti\u015f\u00f6rtleri, herhangi bir foto\u011fraf\u0131 ki\u015fiselle\u015ftirilmi\u015f, e\u011flenceli bir ti\u015f\u00f6rte d\u00f6n\u00fc\u015ft\u00fcr\u00fcr.<\/p>","protected":false},"featured_media":134973,"comment_status":"open","ping_status":"closed","template":"","meta":{"_acf_changed":false},"product_brand":[],"product_cat":[6209,6152,6412,6428],"product_tag":[6433,6439,6221],"class_list":{"0":"post-40255","1":"product","2":"type-product","3":"status-publish","4":"has-post-thumbnail","6":"product_cat-toddler-boy-t-shirts","7":"product_cat-custom-gifts-batman","8":"product_cat-photo-to-tees","9":"product_cat-translate-products","10":"product_tag-ai-artwork","11":"product_tag-ai-kids-artwork","12":"product_tag-custom-t-shirts-near-me","14":"first","15":"instock","16":"taxable","17":"shipping-taxable","18":"purchasable","19":"product-type-simple"},"acf":[],"wcpa_form_fields":null,"_links":{"self":[{"href":"https:\/\/www.customywear.com\/tr\/wp-json\/wp\/v2\/product\/40255","targetHints":{"allow":["GET"]}}],"collection":[{"href":"https:\/\/www.customywear.com\/tr\/wp-json\/wp\/v2\/product"}],"about":[{"href":"https:\/\/www.customywear.com\/tr\/wp-json\/wp\/v2\/types\/product"}],"replies":[{"embeddable":true,"href":"https:\/\/www.customywear.com\/tr\/wp-json\/wp\/v2\/comments?post=40255"}],"wp:featuredmedia":[{"embeddable":true,"href":"https:\/\/www.customywear.com\/tr\/wp-json\/wp\/v2\/media\/134973"}],"wp:attachment":[{"href":"https:\/\/www.customywear.com\/tr\/wp-json\/wp\/v2\/media?parent=40255"}],"wp:term":[{"taxonomy":"product_brand","embeddable":true,"href":"https:\/\/www.customywear.com\/tr\/wp-json\/wp\/v2\/product_brand?post=40255"},{"taxonomy":"product_cat","embeddable":true,"href":"https:\/\/www.customywear.com\/tr\/wp-json\/wp\/v2\/product_cat?post=40255"},{"taxonomy":"product_tag","embeddable":true,"href":"https:\/\/www.customywear.com\/tr\/wp-json\/wp\/v2\/product_tag?post=40255"}],"curies":[{"name":"wp","href":"https:\/\/api.w.org\/{rel}","templated":true}]}}