{"id":40256,"date":"2024-06-26T08:56:53","date_gmt":"2024-06-26T08:56:53","guid":{"rendered":"https:\/\/www.customywear.com\/?post_type=product&#038;p=40256"},"modified":"2026-05-16T11:41:45","modified_gmt":"2026-05-16T11:41:45","slug":"ozel-erkek-cocuk-superkahraman-tshirt","status":"publish","type":"product","link":"https:\/\/www.customywear.com\/tr\/custom-boys-superhero-shirt\/","title":{"rendered":"Erkek \u00c7ocuklar \u0130\u00e7in \u00d6zel Ti\u015f\u00f6rt \u2013 Kendi S\u00fcper Kahraman Ti\u015f\u00f6rt\u00fcn\u00fcz\u00fc Tasarlay\u0131n"},"content":{"rendered":"<p>Erkek \u00c7ocuklar\u0131 \u0130\u00e7in Ki\u015fiye \u00d6zel Ti\u015f\u00f6rt \u2013 Kendi S\u00fcper Kahraman\u0131n\u0131z\u0131 Tasarlay\u0131n Ti\u015f\u00f6rt\u00fc: Erkek \u00c7ocuklar\u0131 \u0130\u00e7in Ki\u015fiye \u00d6zel Ti\u015f\u00f6rt \u2013 Kendi S\u00fcper Kahraman\u0131n\u0131z\u0131 Tasarlay\u0131n Ti\u015f\u00f6rt\u00fcm\u00fczle yarat\u0131c\u0131l\u0131\u011f\u0131n\u0131z\u0131 g\u00fc\u00e7lendirin! Yumu\u015fak 0 pamuktan \u00fcretilen bu birinci s\u0131n\u0131f kalitedeki ti\u015f\u00f6rt, aktif oyun i\u00e7in konfor ve dayan\u0131kl\u0131l\u0131k sa\u011flar. Her ti\u015f\u00f6rt, erkek \u00e7ocuklar\u0131n\u0131n kendi s\u00fcper kahraman karakterlerini tasarlamalar\u0131na olanak tan\u0131r ve canl\u0131 ve detayl\u0131 grafikler i\u00e7in y\u00fcksek kaliteli DTG bask\u0131 kullan\u0131larak bas\u0131l\u0131r. \u0130ster okul ister oyun bulu\u015fmalar\u0131 i\u00e7in olsun, bu kendi s\u00fcper kahraman\u0131n\u0131z\u0131 tasarlay\u0131n ti\u015f\u00f6rt\u00fc, hayal g\u00fc\u00e7leri i\u00e7in ki\u015fiselle\u015ftirilmi\u015f bir tuvaldir.<\/p>","protected":false},"excerpt":{"rendered":"<p>Kahraman\u0131n\u0131z\u0131 erkekler i\u00e7in \u00f6zel bir ti\u015f\u00f6rtle tasarlay\u0131n. Kendi S\u00fcper Kahraman G\u00f6mleklerinizi Yarat\u0131n Herhangi bir foto\u011fraf\u0131 cesur, benzersiz bir ti\u015f\u00f6rte d\u00f6n\u00fc\u015ft\u00fcr\u00fcn.<\/p>","protected":false},"featured_media":134952,"comment_status":"open","ping_status":"closed","template":"","meta":{"_acf_changed":false},"product_brand":[],"product_cat":[6189,6152,6412,6428,58],"product_tag":[6433,6439,6221],"class_list":{"0":"post-40256","1":"product","2":"type-product","3":"status-publish","4":"has-post-thumbnail","6":"product_cat-boys-t-shirts","7":"product_cat-custom-gifts-batman","8":"product_cat-photo-to-tees","9":"product_cat-translate-products","10":"product_cat-youth-kids","11":"product_tag-ai-artwork","12":"product_tag-ai-kids-artwork","13":"product_tag-custom-t-shirts-near-me","15":"first","16":"instock","17":"taxable","18":"shipping-taxable","19":"purchasable","20":"product-type-simple"},"acf":[],"wcpa_form_fields":null,"_links":{"self":[{"href":"https:\/\/www.customywear.com\/tr\/wp-json\/wp\/v2\/product\/40256","targetHints":{"allow":["GET"]}}],"collection":[{"href":"https:\/\/www.customywear.com\/tr\/wp-json\/wp\/v2\/product"}],"about":[{"href":"https:\/\/www.customywear.com\/tr\/wp-json\/wp\/v2\/types\/product"}],"replies":[{"embeddable":true,"href":"https:\/\/www.customywear.com\/tr\/wp-json\/wp\/v2\/comments?post=40256"}],"wp:featuredmedia":[{"embeddable":true,"href":"https:\/\/www.customywear.com\/tr\/wp-json\/wp\/v2\/media\/134952"}],"wp:attachment":[{"href":"https:\/\/www.customywear.com\/tr\/wp-json\/wp\/v2\/media?parent=40256"}],"wp:term":[{"taxonomy":"product_brand","embeddable":true,"href":"https:\/\/www.customywear.com\/tr\/wp-json\/wp\/v2\/product_brand?post=40256"},{"taxonomy":"product_cat","embeddable":true,"href":"https:\/\/www.customywear.com\/tr\/wp-json\/wp\/v2\/product_cat?post=40256"},{"taxonomy":"product_tag","embeddable":true,"href":"https:\/\/www.customywear.com\/tr\/wp-json\/wp\/v2\/product_tag?post=40256"}],"curies":[{"name":"wp","href":"https:\/\/api.w.org\/{rel}","templated":true}]}}