{"id":40352,"date":"2024-06-26T09:01:31","date_gmt":"2024-06-26T09:01:31","guid":{"rendered":"https:\/\/www.customywear.com\/?post_type=product&#038;p=40352"},"modified":"2026-05-05T20:23:27","modified_gmt":"2026-05-05T20:23:27","slug":"kadinlar-ozel-superkahraman-tisort","status":"publish","type":"product","link":"https:\/\/www.customywear.com\/tr\/womens-custom-superhero-tee\/","title":{"rendered":"Kad\u0131n S\u00fcper Kahraman G\u00f6mle\u011fi \u2013 \u00d6zel Yarat\u0131m S\u00fcper Kahraman Ti\u015f\u00f6rt\u00fc"},"content":{"rendered":"<p>Kad\u0131n S\u00fcper Kahraman G\u00f6mle\u011fi - \u00d6zel Tasar\u0131m S\u00fcper Kahraman Ti\u015f\u00f6rt\u00fc: Kad\u0131n S\u00fcper Kahraman G\u00f6mle\u011fimiz - \u00d6zel Tasar\u0131m S\u00fcper Kahraman Ti\u015f\u00f6rt\u00fc ile yarat\u0131c\u0131l\u0131\u011f\u0131n\u0131z\u0131 serbest b\u0131rak\u0131n! Yumu\u015fak 0 pamuktan \u00fcretilen bu birinci s\u0131n\u0131f kalitedeki ti\u015f\u00f6rt, g\u00fcnl\u00fck maceralar i\u00e7in ideal olan normal bir kesimle konfor ve dayan\u0131kl\u0131l\u0131k sunar. Her ti\u015f\u00f6rt, fikirlerinizden benzersiz bir \u015fekilde tasarlanm\u0131\u015f bir s\u00fcper kahraman karakterini i\u00e7eren \u00f6zel bir tasar\u0131md\u0131r ve canl\u0131 ve detayl\u0131 sanat eserleri i\u00e7in y\u00fcksek kaliteli DTG bask\u0131 kullan\u0131larak bas\u0131lm\u0131\u015ft\u0131r. \u0130ster kendini ifade etmek i\u00e7in ister d\u00fc\u015f\u00fcnceli bir hediye i\u00e7in olsun, bu \u00f6zel tasar\u0131m s\u00fcper kahraman ti\u015f\u00f6rt\u00fc her giydi\u011finizde bireysel stilinizi sergiler.<\/p>","protected":false},"excerpt":{"rendered":"<p>Kad\u0131nlar\u0131 bir s\u00fcper kahraman g\u00f6mle\u011fi ile g\u00fc\u00e7lendirin. \u00d6zel yarat\u0131l\u0131\u015f s\u00fcper kahraman ti\u015f\u00f6rtleri, herhangi bir foto\u011fraf\u0131 e\u011flenceli, benzersiz bir ti\u015f\u00f6rte d\u00f6n\u00fc\u015ft\u00fcr\u00fcr.<\/p>","protected":false},"featured_media":134910,"comment_status":"open","ping_status":"closed","template":"","meta":{"_acf_changed":false},"product_brand":[],"product_cat":[6191,6152,6412,515,6428,75,6350],"product_tag":[6214,6433,6328,229,6215],"class_list":{"0":"post-40352","1":"product","2":"type-product","3":"status-publish","4":"has-post-thumbnail","6":"product_cat-t-shirts-women","7":"product_cat-custom-gifts-batman","8":"product_cat-photo-to-tees","9":"product_cat-superhero","10":"product_cat-translate-products","11":"product_cat-women","12":"product_cat-womens-superhero-t-shirts","13":"product_tag-affordable-custom-t-shirts","14":"product_tag-ai-artwork","15":"product_tag-custom-image-t-shirt-for-women","16":"product_tag-custom-tee-shirts","17":"product_tag-screen-printing-near-me","19":"first","20":"instock","21":"taxable","22":"shipping-taxable","23":"purchasable","24":"product-type-simple"},"acf":[],"wcpa_form_fields":null,"_links":{"self":[{"href":"https:\/\/www.customywear.com\/tr\/wp-json\/wp\/v2\/product\/40352","targetHints":{"allow":["GET"]}}],"collection":[{"href":"https:\/\/www.customywear.com\/tr\/wp-json\/wp\/v2\/product"}],"about":[{"href":"https:\/\/www.customywear.com\/tr\/wp-json\/wp\/v2\/types\/product"}],"replies":[{"embeddable":true,"href":"https:\/\/www.customywear.com\/tr\/wp-json\/wp\/v2\/comments?post=40352"}],"wp:featuredmedia":[{"embeddable":true,"href":"https:\/\/www.customywear.com\/tr\/wp-json\/wp\/v2\/media\/134910"}],"wp:attachment":[{"href":"https:\/\/www.customywear.com\/tr\/wp-json\/wp\/v2\/media?parent=40352"}],"wp:term":[{"taxonomy":"product_brand","embeddable":true,"href":"https:\/\/www.customywear.com\/tr\/wp-json\/wp\/v2\/product_brand?post=40352"},{"taxonomy":"product_cat","embeddable":true,"href":"https:\/\/www.customywear.com\/tr\/wp-json\/wp\/v2\/product_cat?post=40352"},{"taxonomy":"product_tag","embeddable":true,"href":"https:\/\/www.customywear.com\/tr\/wp-json\/wp\/v2\/product_tag?post=40352"}],"curies":[{"name":"wp","href":"https:\/\/api.w.org\/{rel}","templated":true}]}}