{"id":40377,"date":"2024-06-26T09:02:51","date_gmt":"2024-06-26T09:02:51","guid":{"rendered":"https:\/\/www.customywear.com\/?post_type=product&#038;p=40377"},"modified":"2026-05-07T15:29:44","modified_gmt":"2026-05-07T15:29:44","slug":"genc-kiz-superkahraman-tisort","status":"publish","type":"product","link":"https:\/\/www.customywear.com\/tr\/youth-girl-superhero-tee\/","title":{"rendered":"Gen\u00e7 K\u0131z S\u00fcper Kahraman Ti\u015f\u00f6rt\u00fc \u2013 \u00d6zel S\u00fcper Kahraman Ti\u015f\u00f6rt\u00fc"},"content":{"rendered":"<p>Gen\u00e7 K\u0131z S\u00fcper Kahraman Ti\u015f\u00f6rt\u00fc \u2013 Ki\u015fiye \u00d6zel S\u00fcper Kahraman Ti\u015f\u00f6rt\u00fc: Gen\u00e7 K\u0131z S\u00fcper Kahraman Ti\u015f\u00f6rt\u00fc \u2013 Ki\u015fiye \u00d6zel S\u00fcper Kahraman Ti\u015f\u00f6rt\u00fcm\u00fczle bireyselli\u011finizi ifade edin! Yumu\u015fak 0 pamuktan \u00fcretilen bu birinci s\u0131n\u0131f kalitedeki ti\u015f\u00f6rt, b\u00fcy\u00fcyen k\u0131zlara konfor ve dayan\u0131kl\u0131l\u0131k sunar. Her ti\u015f\u00f6rt, canl\u0131 ve detayl\u0131 grafikler i\u00e7in y\u00fcksek kaliteli DTG bask\u0131 kullan\u0131larak bas\u0131lm\u0131\u015f \u00f6zel s\u00fcper kahraman tasar\u0131mlar\u0131na sahiptir. \u0130ster okul etkinliklerinde ister arkada\u015flarla tak\u0131lmak i\u00e7in olsun, bu ki\u015fiye \u00f6zel s\u00fcper kahraman ti\u015f\u00f6rt\u00fc gen\u00e7 k\u0131zlar\u0131n benzersiz ki\u015filiklerini sergilemelerine olanak tan\u0131r.<\/p>","protected":false},"excerpt":{"rendered":"<p>Bir gen\u00e7lik k\u0131z\u0131 s\u00fcper kahraman ti\u015f\u00f6rt\u00fc ile gen\u00e7lere ilham verin. \u00d6zel s\u00fcper kahraman ti\u015f\u00f6rtleri, herhangi bir foto\u011fraf\u0131 e\u011flenceli, t\u00fcr\u00fcn\u00fcn tek \u00f6rne\u011fi bir ti\u015f\u00f6rte d\u00f6n\u00fc\u015ft\u00fcr\u00fcr.<\/p>","protected":false},"featured_media":134889,"comment_status":"open","ping_status":"closed","template":"","meta":{"_acf_changed":false},"product_brand":[],"product_cat":[6193,6152,152,6412,6428,58],"product_tag":[6433,6439,6153,6331,6154,6155],"class_list":{"0":"post-40377","1":"product","2":"type-product","3":"status-publish","4":"has-post-thumbnail","6":"product_cat-girls-t-shirts","7":"product_cat-custom-gifts-batman","8":"product_cat-girls","9":"product_cat-photo-to-tees","10":"product_cat-translate-products","11":"product_cat-youth-kids","12":"product_tag-ai-artwork","13":"product_tag-ai-kids-artwork","14":"product_tag-batman","15":"product_tag-custom-picture-t-shirt-for-girls","16":"product_tag-dc-comic","17":"product_tag-marvel","19":"first","20":"instock","21":"taxable","22":"shipping-taxable","23":"purchasable","24":"product-type-simple"},"acf":[],"wcpa_form_fields":null,"_links":{"self":[{"href":"https:\/\/www.customywear.com\/tr\/wp-json\/wp\/v2\/product\/40377","targetHints":{"allow":["GET"]}}],"collection":[{"href":"https:\/\/www.customywear.com\/tr\/wp-json\/wp\/v2\/product"}],"about":[{"href":"https:\/\/www.customywear.com\/tr\/wp-json\/wp\/v2\/types\/product"}],"replies":[{"embeddable":true,"href":"https:\/\/www.customywear.com\/tr\/wp-json\/wp\/v2\/comments?post=40377"}],"wp:featuredmedia":[{"embeddable":true,"href":"https:\/\/www.customywear.com\/tr\/wp-json\/wp\/v2\/media\/134889"}],"wp:attachment":[{"href":"https:\/\/www.customywear.com\/tr\/wp-json\/wp\/v2\/media?parent=40377"}],"wp:term":[{"taxonomy":"product_brand","embeddable":true,"href":"https:\/\/www.customywear.com\/tr\/wp-json\/wp\/v2\/product_brand?post=40377"},{"taxonomy":"product_cat","embeddable":true,"href":"https:\/\/www.customywear.com\/tr\/wp-json\/wp\/v2\/product_cat?post=40377"},{"taxonomy":"product_tag","embeddable":true,"href":"https:\/\/www.customywear.com\/tr\/wp-json\/wp\/v2\/product_tag?post=40377"}],"curies":[{"name":"wp","href":"https:\/\/api.w.org\/{rel}","templated":true}]}}