{"id":40399,"date":"2024-06-26T09:03:48","date_gmt":"2024-06-26T09:03:48","guid":{"rendered":"https:\/\/www.customywear.com\/?post_type=product&#038;p=40399"},"modified":"2026-05-05T20:24:06","modified_gmt":"2026-05-05T20:24:06","slug":"kara-sovalye-super-kahraman-tisortu","status":"publish","type":"product","link":"https:\/\/www.customywear.com\/tr\/the-dark-knight-superhero-tee\/","title":{"rendered":"The Dark Knight Ti\u015f\u00f6rt\u00fc \u2013 Ki\u015fiselle\u015ftirilmi\u015f Grafik S\u00fcper Kahraman Ti\u015f\u00f6rt\u00fc"},"content":{"rendered":"<p>The Dark Knight Ti\u015f\u00f6rt\u00fc \u2013 Ki\u015fiselle\u015ftirilmi\u015f Grafik S\u00fcper Kahraman Ti\u015f\u00f6rt\u00fc: The Dark Knight Ti\u015f\u00f6rt\u00fc \u2013 Ki\u015fiselle\u015ftirilmi\u015f Grafik S\u00fcper Kahraman Ti\u015f\u00f6rt\u00fc ile karanl\u0131\u011f\u0131 kucaklay\u0131n! Yumu\u015fak 0 pamuktan \u00fcretilen bu birinci s\u0131n\u0131f kalitedeki ti\u015f\u00f6rt, gizemli ha\u00e7l\u0131lar i\u00e7in m\u00fckemmel olan normal bir kesimle konfor ve dayan\u0131kl\u0131l\u0131k sunar. Her ti\u015f\u00f6rt, y\u00fcksek kaliteli DTG bask\u0131 kullan\u0131larak titizlikle tasarlanm\u0131\u015f ve bas\u0131lm\u0131\u015f bir s\u00fcper kahraman karakterinin ki\u015fiselle\u015ftirilmi\u015f bir grafi\u011fine sahiptir. \u0130ster kanunsuz adaletin hayran\u0131 olun, ister sadece benzersiz stili sevin, bu ki\u015fiselle\u015ftirilmi\u015f grafik s\u00fcper kahraman ti\u015f\u00f6rt\u00fc gitti\u011finiz her yerde cesur bir ifade yarat\u0131r.<\/p>","protected":false},"excerpt":{"rendered":"<p>Karanl\u0131k \u015e\u00f6valye Ti\u015f\u00f6rt\u00fc ile geceyi kucaklay\u0131n. Ki\u015fiselle\u015ftirilmi\u015f grafik s\u00fcper kahraman ti\u015f\u00f6rtleri, herhangi bir foto\u011fraf\u0131 cesur ve benzersiz bir ti\u015f\u00f6rte d\u00f6n\u00fc\u015ft\u00fcr\u00fcr.<\/p>","protected":false},"featured_media":134985,"comment_status":"open","ping_status":"closed","template":"","meta":{"_acf_changed":false},"product_brand":[],"product_cat":[6195,157,6152,186,6336,6412,515,6428],"product_tag":[6433,6153,6327,6154,6155,6216,6168],"class_list":{"0":"post-40399","1":"product","2":"type-product","3":"status-publish","4":"has-post-thumbnail","6":"product_cat-t-shirts-men","7":"product_cat-best-sellers","8":"product_cat-custom-gifts-batman","9":"product_cat-men","10":"product_cat-mens-superhero-t-shirts","11":"product_cat-photo-to-tees","12":"product_cat-superhero","13":"product_cat-translate-products","14":"product_tag-ai-artwork","15":"product_tag-batman","16":"product_tag-custom-photo-t-shirt-for-men","17":"product_tag-dc-comic","18":"product_tag-marvel","19":"product_tag-mens-custom-t-shirts","20":"product_tag-unique-superhero-tees","22":"first","23":"instock","24":"taxable","25":"shipping-taxable","26":"purchasable","27":"product-type-simple"},"acf":[],"wcpa_form_fields":null,"_links":{"self":[{"href":"https:\/\/www.customywear.com\/tr\/wp-json\/wp\/v2\/product\/40399","targetHints":{"allow":["GET"]}}],"collection":[{"href":"https:\/\/www.customywear.com\/tr\/wp-json\/wp\/v2\/product"}],"about":[{"href":"https:\/\/www.customywear.com\/tr\/wp-json\/wp\/v2\/types\/product"}],"replies":[{"embeddable":true,"href":"https:\/\/www.customywear.com\/tr\/wp-json\/wp\/v2\/comments?post=40399"}],"wp:featuredmedia":[{"embeddable":true,"href":"https:\/\/www.customywear.com\/tr\/wp-json\/wp\/v2\/media\/134985"}],"wp:attachment":[{"href":"https:\/\/www.customywear.com\/tr\/wp-json\/wp\/v2\/media?parent=40399"}],"wp:term":[{"taxonomy":"product_brand","embeddable":true,"href":"https:\/\/www.customywear.com\/tr\/wp-json\/wp\/v2\/product_brand?post=40399"},{"taxonomy":"product_cat","embeddable":true,"href":"https:\/\/www.customywear.com\/tr\/wp-json\/wp\/v2\/product_cat?post=40399"},{"taxonomy":"product_tag","embeddable":true,"href":"https:\/\/www.customywear.com\/tr\/wp-json\/wp\/v2\/product_tag?post=40399"}],"curies":[{"name":"wp","href":"https:\/\/api.w.org\/{rel}","templated":true}]}}