{"id":41116,"date":"2024-07-24T09:23:21","date_gmt":"2024-07-24T09:23:21","guid":{"rendered":"https:\/\/www.customywear.com\/?post_type=product&#038;p=41116"},"modified":"2026-05-05T20:24:06","modified_gmt":"2026-05-05T20:24:06","slug":"erkek-kisisellestirilmis-orumcek-tisortu","status":"publish","type":"product","link":"https:\/\/www.customywear.com\/tr\/men-personalized-spider-tee\/","title":{"rendered":"\u00d6zel erkek t-shirt\u00fc-Ki\u015fiselle\u015ftirilmi\u015f \u00d6r\u00fcmcek S\u00fcper Kahraman Tee"},"content":{"rendered":"<p>Erkekler i\u00e7in \u00d6zel Ti\u015f\u00f6rt \u2013 Ki\u015fiselle\u015ftirilmi\u015f \u00d6r\u00fcmcek S\u00fcper Kahraman Ti\u015f\u00f6rt\u00fc: Erkekler i\u00e7in \u00d6zel Ti\u015f\u00f6rt \u2013 Ki\u015fiselle\u015ftirilmi\u015f \u00d6r\u00fcmcek S\u00fcper Kahraman Ti\u015f\u00f6rt\u00fcm\u00fczle foto\u011fraflar\u0131n\u0131z\u0131 \u00e7arp\u0131c\u0131 bir s\u00fcper kahramana d\u00f6n\u00fc\u015ft\u00fcr\u00fcn! Bu ti\u015f\u00f6rt, konfor ve dayan\u0131kl\u0131l\u0131k i\u00e7in yumu\u015fak 0 pamuk \u00fczerine y\u00fcksek kaliteli DTG teknolojisiyle bas\u0131lm\u0131\u015f, kendi benzersiz s\u00fcper kahraman tasar\u0131m\u0131n\u0131za sahiptir. Normal kesimi g\u00fcnl\u00fck kullan\u0131m i\u00e7in m\u00fckemmeldir ve unisex tasar\u0131m\u0131 onu herkes i\u00e7in ideal hale getirir. Her ti\u015f\u00f6rt, \u00f6ne \u00e7\u0131kan canl\u0131 ve ki\u015fiselle\u015ftirilmi\u015f bir par\u00e7a yaratmak i\u00e7in yetenekli sanat\u00e7\u0131lar taraf\u0131ndan \u00fcretilmi\u015ftir.<\/p>","protected":false},"excerpt":{"rendered":"<p>Erkekler i\u00e7in \u00f6zel bir ti\u015f\u00f6rt ile harekete ge\u00e7in. Ki\u015fiselle\u015ftirilmi\u015f \u00f6r\u00fcmcek s\u00fcper kahraman tees, herhangi bir foto\u011fraf\u0131 benzersiz bir ti\u015f\u00f6rte d\u00f6n\u00fc\u015ft\u00fcr\u00fcr.<\/p>","protected":false},"featured_media":135244,"comment_status":"open","ping_status":"closed","template":"","meta":{"_acf_changed":false},"product_brand":[],"product_cat":[6195,6151,186,6336,6412,515,6428],"product_tag":[6433,6327,6216,6168],"class_list":{"0":"post-41116","1":"product","2":"type-product","3":"status-publish","4":"has-post-thumbnail","6":"product_cat-t-shirts-men","7":"product_cat-custom-gifts-spiderman","8":"product_cat-men","9":"product_cat-mens-superhero-t-shirts","10":"product_cat-photo-to-tees","11":"product_cat-superhero","12":"product_cat-translate-products","13":"product_tag-ai-artwork","14":"product_tag-custom-photo-t-shirt-for-men","15":"product_tag-mens-custom-t-shirts","16":"product_tag-unique-superhero-tees","18":"first","19":"instock","20":"taxable","21":"shipping-taxable","22":"purchasable","23":"product-type-simple"},"acf":[],"wcpa_form_fields":null,"_links":{"self":[{"href":"https:\/\/www.customywear.com\/tr\/wp-json\/wp\/v2\/product\/41116","targetHints":{"allow":["GET"]}}],"collection":[{"href":"https:\/\/www.customywear.com\/tr\/wp-json\/wp\/v2\/product"}],"about":[{"href":"https:\/\/www.customywear.com\/tr\/wp-json\/wp\/v2\/types\/product"}],"replies":[{"embeddable":true,"href":"https:\/\/www.customywear.com\/tr\/wp-json\/wp\/v2\/comments?post=41116"}],"wp:featuredmedia":[{"embeddable":true,"href":"https:\/\/www.customywear.com\/tr\/wp-json\/wp\/v2\/media\/135244"}],"wp:attachment":[{"href":"https:\/\/www.customywear.com\/tr\/wp-json\/wp\/v2\/media?parent=41116"}],"wp:term":[{"taxonomy":"product_brand","embeddable":true,"href":"https:\/\/www.customywear.com\/tr\/wp-json\/wp\/v2\/product_brand?post=41116"},{"taxonomy":"product_cat","embeddable":true,"href":"https:\/\/www.customywear.com\/tr\/wp-json\/wp\/v2\/product_cat?post=41116"},{"taxonomy":"product_tag","embeddable":true,"href":"https:\/\/www.customywear.com\/tr\/wp-json\/wp\/v2\/product_tag?post=41116"}],"curies":[{"name":"wp","href":"https:\/\/api.w.org\/{rel}","templated":true}]}}