{"id":41159,"date":"2024-07-24T09:24:24","date_gmt":"2024-07-24T09:24:24","guid":{"rendered":"https:\/\/www.customywear.com\/?post_type=product&#038;p=41159"},"modified":"2026-05-05T20:23:27","modified_gmt":"2026-05-05T20:23:27","slug":"disi-orumcek-tisortu","status":"publish","type":"product","link":"https:\/\/www.customywear.com\/tr\/female-spider-tee\/","title":{"rendered":"Kad\u0131n S\u00fcper Kahraman Ti\u015f\u00f6rtleri \u2013 \u00d6zel \u00d6r\u00fcmcek S\u00fcper Kahraman Moda Ti\u015f\u00f6rt\u00fc"},"content":{"rendered":"<p>Kad\u0131n S\u00fcper Kahraman Ti\u015f\u00f6rtleri - Ki\u015fiye \u00d6zel \u00d6r\u00fcmcek S\u00fcper Kahraman Moda Ti\u015f\u00f6rt\u00fc: Kad\u0131n S\u00fcper Kahraman Ti\u015f\u00f6rtlerimiz - Ki\u015fiye \u00d6zel \u00d6r\u00fcmcek S\u00fcper Kahraman Moda Ti\u015f\u00f6rt\u00fc ile s\u00fcper kahraman stilinizi kutlay\u0131n! Bu ki\u015fiye \u00f6zel ti\u015f\u00f6rt, y\u00fcksek kaliteli DTG teknolojisi kullan\u0131larak yumu\u015fak 0 pamu\u011fa bas\u0131lm\u0131\u015f, foto\u011fraf\u0131n\u0131za dayal\u0131 bir s\u00fcper kahraman tasar\u0131m\u0131na sahiptir. Normal kesim ve unisex tarz\u0131yla g\u00fcnl\u00fck kullan\u0131m i\u00e7in m\u00fckemmeldir ve yetenekli sanat\u00e7\u0131lar hem \u015f\u0131k hem de benzersiz olan canl\u0131, ki\u015fiselle\u015ftirilmi\u015f bir s\u00fcper kahraman grafi\u011fi yarat\u0131r.<\/p>","protected":false},"excerpt":{"rendered":"<p>Kad\u0131n s\u00fcper kahraman ti\u015f\u00f6rtleri ile g\u00fc\u00e7lendirin. \u00d6zel \u00f6r\u00fcmcek s\u00fcper kahraman moda ti\u015f\u00f6rtleri, herhangi bir foto\u011fraf\u0131 cesur ve \u015f\u0131k bir ti\u015f\u00f6rte d\u00f6n\u00fc\u015ft\u00fcr\u00fcr.<\/p>","protected":false},"featured_media":135223,"comment_status":"open","ping_status":"closed","template":"","meta":{"_acf_changed":false},"product_brand":[],"product_cat":[6191,6151,6412,515,6428,75],"product_tag":[6214,6433,6328,229,6215],"class_list":{"0":"post-41159","1":"product","2":"type-product","3":"status-publish","4":"has-post-thumbnail","6":"product_cat-t-shirts-women","7":"product_cat-custom-gifts-spiderman","8":"product_cat-photo-to-tees","9":"product_cat-superhero","10":"product_cat-translate-products","11":"product_cat-women","12":"product_tag-affordable-custom-t-shirts","13":"product_tag-ai-artwork","14":"product_tag-custom-image-t-shirt-for-women","15":"product_tag-custom-tee-shirts","16":"product_tag-screen-printing-near-me","18":"first","19":"instock","20":"taxable","21":"shipping-taxable","22":"purchasable","23":"product-type-simple"},"acf":[],"wcpa_form_fields":null,"_links":{"self":[{"href":"https:\/\/www.customywear.com\/tr\/wp-json\/wp\/v2\/product\/41159","targetHints":{"allow":["GET"]}}],"collection":[{"href":"https:\/\/www.customywear.com\/tr\/wp-json\/wp\/v2\/product"}],"about":[{"href":"https:\/\/www.customywear.com\/tr\/wp-json\/wp\/v2\/types\/product"}],"replies":[{"embeddable":true,"href":"https:\/\/www.customywear.com\/tr\/wp-json\/wp\/v2\/comments?post=41159"}],"wp:featuredmedia":[{"embeddable":true,"href":"https:\/\/www.customywear.com\/tr\/wp-json\/wp\/v2\/media\/135223"}],"wp:attachment":[{"href":"https:\/\/www.customywear.com\/tr\/wp-json\/wp\/v2\/media?parent=41159"}],"wp:term":[{"taxonomy":"product_brand","embeddable":true,"href":"https:\/\/www.customywear.com\/tr\/wp-json\/wp\/v2\/product_brand?post=41159"},{"taxonomy":"product_cat","embeddable":true,"href":"https:\/\/www.customywear.com\/tr\/wp-json\/wp\/v2\/product_cat?post=41159"},{"taxonomy":"product_tag","embeddable":true,"href":"https:\/\/www.customywear.com\/tr\/wp-json\/wp\/v2\/product_tag?post=41159"}],"curies":[{"name":"wp","href":"https:\/\/api.w.org\/{rel}","templated":true}]}}