{"id":41201,"date":"2024-07-24T09:25:22","date_gmt":"2024-07-24T09:25:22","guid":{"rendered":"https:\/\/www.customywear.com\/?post_type=product&#038;p=41201"},"modified":"2026-05-07T15:29:44","modified_gmt":"2026-05-07T15:29:44","slug":"genc-orumcek-superkahraman-giysi","status":"publish","type":"product","link":"https:\/\/www.customywear.com\/tr\/youth-spider-superhero-clothing\/","title":{"rendered":"Gen\u00e7lik S\u00fcper Kahraman T-Shirt-Ki\u015fiselle\u015ftirilmi\u015f \u00d6r\u00fcmcek S\u00fcper Kahraman Giyim"},"content":{"rendered":"<p>Gen\u00e7lik S\u00fcper Kahraman Ti\u015f\u00f6rt\u00fc \u2013 Ki\u015fiselle\u015ftirilmi\u015f \u00d6r\u00fcmcek S\u00fcper Kahraman Giysileri: Gen\u00e7lik S\u00fcper Kahraman Ti\u015f\u00f6rt\u00fcm\u00fcz \u2013 Ki\u015fiselle\u015ftirilmi\u015f \u00d6r\u00fcmcek S\u00fcper Kahraman Giysileri ile gen\u00e7li\u011finize g\u00fc\u00e7 kat\u0131n! Bu \u00f6zel ti\u015f\u00f6rt, y\u00fcksek kaliteli DTG teknolojisi kullan\u0131larak yumu\u015fak 0 pamu\u011fa bas\u0131lm\u0131\u015f bir foto\u011frafa dayal\u0131 s\u00fcper kahraman tasar\u0131m\u0131na sahiptir. Normal kesim ve unisex stil, her ti\u015f\u00f6rt\u00fcn gen\u00e7 ruhunu kutlayan canl\u0131, ki\u015fiselle\u015ftirilmi\u015f bir s\u00fcper kahraman grafi\u011fi sunmak i\u00e7in ustaca haz\u0131rlanmas\u0131yla rahatl\u0131k sa\u011flar.<\/p>","protected":false},"excerpt":{"rendered":"<p>Gen\u00e7lik s\u00fcper kahraman ti\u015f\u00f6rt\u00fc ile gen\u00e7lik stilini de\u011fi\u015ftirin. Ki\u015fiselle\u015ftirilmi\u015f \u00f6r\u00fcmcek s\u00fcper kahraman k\u0131yafetleri, herhangi bir foto\u011fraf\u0131 cesur, t\u00fcr\u00fcn\u00fcn tek \u00f6rne\u011fi bir ti\u015f\u00f6rte d\u00f6n\u00fc\u015ft\u00fcr\u00fcr.<\/p>","protected":false},"featured_media":135190,"comment_status":"open","ping_status":"closed","template":"","meta":{"_acf_changed":false},"product_brand":[],"product_cat":[6189,157,496,6151,6412,515,6428,58],"product_tag":[6433,6439,6221,6330],"class_list":{"0":"post-41201","1":"product","2":"type-product","3":"status-publish","4":"has-post-thumbnail","6":"product_cat-boys-t-shirts","7":"product_cat-best-sellers","8":"product_cat-birthday","9":"product_cat-custom-gifts-spiderman","10":"product_cat-photo-to-tees","11":"product_cat-superhero","12":"product_cat-translate-products","13":"product_cat-youth-kids","14":"product_tag-ai-artwork","15":"product_tag-ai-kids-artwork","16":"product_tag-custom-t-shirts-near-me","17":"product_tag-photo-print-t-shirt-for-boys","19":"first","20":"instock","21":"taxable","22":"shipping-taxable","23":"purchasable","24":"product-type-simple"},"acf":[],"wcpa_form_fields":null,"_links":{"self":[{"href":"https:\/\/www.customywear.com\/tr\/wp-json\/wp\/v2\/product\/41201","targetHints":{"allow":["GET"]}}],"collection":[{"href":"https:\/\/www.customywear.com\/tr\/wp-json\/wp\/v2\/product"}],"about":[{"href":"https:\/\/www.customywear.com\/tr\/wp-json\/wp\/v2\/types\/product"}],"replies":[{"embeddable":true,"href":"https:\/\/www.customywear.com\/tr\/wp-json\/wp\/v2\/comments?post=41201"}],"wp:featuredmedia":[{"embeddable":true,"href":"https:\/\/www.customywear.com\/tr\/wp-json\/wp\/v2\/media\/135190"}],"wp:attachment":[{"href":"https:\/\/www.customywear.com\/tr\/wp-json\/wp\/v2\/media?parent=41201"}],"wp:term":[{"taxonomy":"product_brand","embeddable":true,"href":"https:\/\/www.customywear.com\/tr\/wp-json\/wp\/v2\/product_brand?post=41201"},{"taxonomy":"product_cat","embeddable":true,"href":"https:\/\/www.customywear.com\/tr\/wp-json\/wp\/v2\/product_cat?post=41201"},{"taxonomy":"product_tag","embeddable":true,"href":"https:\/\/www.customywear.com\/tr\/wp-json\/wp\/v2\/product_tag?post=41201"}],"curies":[{"name":"wp","href":"https:\/\/api.w.org\/{rel}","templated":true}]}}