{"id":41241,"date":"2024-07-24T09:26:15","date_gmt":"2024-07-24T09:26:15","guid":{"rendered":"https:\/\/www.customywear.com\/?post_type=product&#038;p=41241"},"modified":"2026-05-07T15:29:43","modified_gmt":"2026-05-07T15:29:43","slug":"kizlar-orumcek-super-kahraman-tisortu","status":"publish","type":"product","link":"https:\/\/www.customywear.com\/tr\/girls-spider-superhero-shirt\/","title":{"rendered":"K\u0131zlar \u0130\u00e7in \u00d6zel Ti\u015f\u00f6rt \u2013 \u00d6zel Sanat \u00d6r\u00fcmcek S\u00fcper Kahraman Ti\u015f\u00f6rt\u00fc"},"content":{"rendered":"<p>K\u0131zlar \u0130\u00e7in \u00d6zel Ti\u015f\u00f6rt \u2013 \u00d6zel Sanat \u00d6r\u00fcmcek S\u00fcper Kahraman Ti\u015f\u00f6rt\u00fc: K\u0131zlar \u0130\u00e7in \u00d6zel Ti\u015f\u00f6rt\u00fcm\u00fcz \u2013 \u00d6zel Sanat \u00d6r\u00fcmcek S\u00fcper Kahraman Ti\u015f\u00f6rt\u00fc ile k\u00fc\u00e7\u00fck s\u00fcper kahraman\u0131n\u0131z\u0131 g\u00fc\u00e7lendirin! Bu ki\u015fiselle\u015ftirilmi\u015f ti\u015f\u00f6rt, y\u00fcksek kaliteli DTG teknolojisi kullan\u0131larak yumu\u015fak 0 pamu\u011fa bas\u0131lm\u0131\u015f, foto\u011fraf\u0131ndan esinlenen bir s\u00fcper kahraman tasar\u0131m\u0131n\u0131 sergiliyor. Normal kesim ve unisex stil, her ti\u015f\u00f6rt\u00fcn onu \u00f6ne \u00e7\u0131karan canl\u0131, \u00f6zel bir s\u00fcper kahraman grafi\u011fine sahip olacak \u015fekilde benzersiz bir \u015fekilde tasarlanmas\u0131yla g\u00fcnl\u00fck maceralar i\u00e7in konfor sunuyor.<\/p>","protected":false},"excerpt":{"rendered":"<p>Gen\u00e7 k\u0131zlar\u0131 k\u0131zlar i\u00e7in \u00f6zel bir ti\u015f\u00f6rtle g\u00fc\u00e7lendirin. \u00d6zel sanat \u00f6r\u00fcmce\u011fi s\u00fcper kahraman g\u00f6mlekleri, herhangi bir foto\u011fraf\u0131 e\u011flenceli, benzersiz bir ti\u015f\u00f6rte d\u00f6n\u00fc\u015ft\u00fcr\u00fcr.<\/p>","protected":false},"featured_media":135135,"comment_status":"open","ping_status":"closed","template":"","meta":{"_acf_changed":false},"product_brand":[],"product_cat":[6193,496,6151,152,6412,515,6428],"product_tag":[6433,6439,6331,6221],"class_list":{"0":"post-41241","1":"product","2":"type-product","3":"status-publish","4":"has-post-thumbnail","6":"product_cat-girls-t-shirts","7":"product_cat-birthday","8":"product_cat-custom-gifts-spiderman","9":"product_cat-girls","10":"product_cat-photo-to-tees","11":"product_cat-superhero","12":"product_cat-translate-products","13":"product_tag-ai-artwork","14":"product_tag-ai-kids-artwork","15":"product_tag-custom-picture-t-shirt-for-girls","16":"product_tag-custom-t-shirts-near-me","18":"first","19":"instock","20":"taxable","21":"shipping-taxable","22":"purchasable","23":"product-type-simple"},"acf":[],"wcpa_form_fields":null,"_links":{"self":[{"href":"https:\/\/www.customywear.com\/tr\/wp-json\/wp\/v2\/product\/41241","targetHints":{"allow":["GET"]}}],"collection":[{"href":"https:\/\/www.customywear.com\/tr\/wp-json\/wp\/v2\/product"}],"about":[{"href":"https:\/\/www.customywear.com\/tr\/wp-json\/wp\/v2\/types\/product"}],"replies":[{"embeddable":true,"href":"https:\/\/www.customywear.com\/tr\/wp-json\/wp\/v2\/comments?post=41241"}],"wp:featuredmedia":[{"embeddable":true,"href":"https:\/\/www.customywear.com\/tr\/wp-json\/wp\/v2\/media\/135135"}],"wp:attachment":[{"href":"https:\/\/www.customywear.com\/tr\/wp-json\/wp\/v2\/media?parent=41241"}],"wp:term":[{"taxonomy":"product_brand","embeddable":true,"href":"https:\/\/www.customywear.com\/tr\/wp-json\/wp\/v2\/product_brand?post=41241"},{"taxonomy":"product_cat","embeddable":true,"href":"https:\/\/www.customywear.com\/tr\/wp-json\/wp\/v2\/product_cat?post=41241"},{"taxonomy":"product_tag","embeddable":true,"href":"https:\/\/www.customywear.com\/tr\/wp-json\/wp\/v2\/product_tag?post=41241"}],"curies":[{"name":"wp","href":"https:\/\/api.w.org\/{rel}","templated":true}]}}