{"id":42490,"date":"2024-09-11T15:27:47","date_gmt":"2024-09-11T15:27:47","guid":{"rendered":"https:\/\/www.customywear.com\/?post_type=product&#038;p=42490"},"modified":"2026-05-05T20:24:06","modified_gmt":"2026-05-05T20:24:06","slug":"gitar-t-shirt-erkek","status":"publish","type":"product","link":"https:\/\/www.customywear.com\/tr\/guitar-t-shirt-men\/","title":{"rendered":"Gitar T-Shirt-Erkekler i\u00e7in \u00d6zel Gitar T-shirt"},"content":{"rendered":"<p>Gitar Ti\u015f\u00f6rt\u00fc \u2013 En sevdi\u011finiz foto\u011fraflar\u0131n\u0131z\u0131n benzersiz bir giyilebilir sanat eserine d\u00f6n\u00fc\u015ft\u00fc\u011f\u00fc Erkekler i\u00e7in \u00d6zel Gitar Ti\u015f\u00f6rt\u00fcm\u00fczle stilinizi y\u00fckseltin. Yumu\u015fak 0 Pamuktan \u00fcretilen bu \u00d6zel Gitar Ti\u015f\u00f6rt\u00fc, dayan\u0131kl\u0131l\u0131k i\u00e7in ola\u011fan\u00fcst\u00fc konfor ve Birinci S\u0131n\u0131f Kalite sunar. Normal Kesim, g\u00fcnl\u00fck kullan\u0131m i\u00e7in m\u00fckemmel hale getirirken, Unisex tasar\u0131m\u0131 herkese uygundur. Y\u00fcksek Kaliteli DTG Bask\u0131 ile canl\u0131 ve kal\u0131c\u0131 tasar\u0131mlar\u0131n keyfini \u00e7\u0131kar\u0131n ve her giydi\u011finizde ki\u015fiselle\u015ftirilmi\u015f Dijital Sanat\u0131n\u0131z\u0131 sergileyin.<\/p>","protected":false},"excerpt":{"rendered":"<p>Bir gitar ti\u015f\u00f6rt\u00fc ile d\u0131\u015far\u0131 \u00e7\u0131k\u0131n. Erkekler i\u00e7in \u00f6zel gitar ti\u015f\u00f6rtleri, herhangi bir foto\u011fraf\u0131 cesur, t\u00fcr\u00fcn\u00fcn tek \u00f6rne\u011fi bir ti\u015f\u00f6rte d\u00f6n\u00fc\u015ft\u00fcr\u00fcr.<\/p>","protected":false},"featured_media":95462,"comment_status":"open","ping_status":"closed","template":"","meta":{"_acf_changed":false},"product_brand":[],"product_cat":[6195,6123,186,6340,1582,6412,6428],"product_tag":[6433,6327,6216,6219,6220],"class_list":{"0":"post-42490","1":"product","2":"type-product","3":"status-publish","4":"has-post-thumbnail","6":"product_cat-t-shirts-men","7":"product_cat-custom-gifts-ai-guitar","8":"product_cat-men","9":"product_cat-mens-music-t-shirts","10":"product_cat-music","11":"product_cat-photo-to-tees","12":"product_cat-translate-products","13":"product_tag-ai-artwork","14":"product_tag-custom-photo-t-shirt-for-men","15":"product_tag-mens-custom-t-shirts","16":"product_tag-order-custom-shirts","17":"product_tag-t-shirt-printing-near-me","19":"first","20":"instock","21":"taxable","22":"shipping-taxable","23":"purchasable","24":"product-type-simple"},"acf":[],"wcpa_form_fields":null,"_links":{"self":[{"href":"https:\/\/www.customywear.com\/tr\/wp-json\/wp\/v2\/product\/42490","targetHints":{"allow":["GET"]}}],"collection":[{"href":"https:\/\/www.customywear.com\/tr\/wp-json\/wp\/v2\/product"}],"about":[{"href":"https:\/\/www.customywear.com\/tr\/wp-json\/wp\/v2\/types\/product"}],"replies":[{"embeddable":true,"href":"https:\/\/www.customywear.com\/tr\/wp-json\/wp\/v2\/comments?post=42490"}],"wp:featuredmedia":[{"embeddable":true,"href":"https:\/\/www.customywear.com\/tr\/wp-json\/wp\/v2\/media\/95462"}],"wp:attachment":[{"href":"https:\/\/www.customywear.com\/tr\/wp-json\/wp\/v2\/media?parent=42490"}],"wp:term":[{"taxonomy":"product_brand","embeddable":true,"href":"https:\/\/www.customywear.com\/tr\/wp-json\/wp\/v2\/product_brand?post=42490"},{"taxonomy":"product_cat","embeddable":true,"href":"https:\/\/www.customywear.com\/tr\/wp-json\/wp\/v2\/product_cat?post=42490"},{"taxonomy":"product_tag","embeddable":true,"href":"https:\/\/www.customywear.com\/tr\/wp-json\/wp\/v2\/product_tag?post=42490"}],"curies":[{"name":"wp","href":"https:\/\/api.w.org\/{rel}","templated":true}]}}