{"id":42534,"date":"2024-09-11T15:29:21","date_gmt":"2024-09-11T15:29:21","guid":{"rendered":"https:\/\/www.customywear.com\/?post_type=product&#038;p=42534"},"modified":"2026-05-16T11:41:45","modified_gmt":"2026-05-16T11:41:45","slug":"gitar-tisort-erkek-cocuk","status":"publish","type":"product","link":"https:\/\/www.customywear.com\/tr\/guitar-t-shirt-boys\/","title":{"rendered":"Gitar Bask\u0131l\u0131 Ti\u015f\u00f6rt \u2013 Erkek \u00c7ocuklar \u0130\u00e7in \u00d6zel Gitar Ti\u015f\u00f6rt\u00fc"},"content":{"rendered":"<p>Gitar Bask\u0131l\u0131 G\u00f6mlek \u2013 Foto\u011fraflar\u0131n\u0131zdan yap\u0131lm\u0131\u015f benzersiz bir tasar\u0131m sergileyen Erkek \u00c7ocuklar i\u00e7in \u00d6zel Gitar Ti\u015f\u00f6rt\u00fcm\u00fczle \u00e7ocu\u011funuzun stilini y\u00fckseltin. Bu Gitar Bask\u0131l\u0131 G\u00f6mlek, ola\u011fan\u00fcst\u00fc konfor i\u00e7in Yumu\u015fak 0 Pamuk ve dayan\u0131kl\u0131l\u0131k i\u00e7in Birinci S\u0131n\u0131f Kalite sunar. Normal Kesim ve Unisex tasar\u0131ma sahip olan bu g\u00f6mlek g\u00fcnl\u00fck kullan\u0131m i\u00e7in harikad\u0131r. Y\u00fcksek Kaliteli DTG Bask\u0131 ve ki\u015fiselle\u015ftirilmi\u015f Dijital Sanat ile canl\u0131, dayan\u0131kl\u0131 bask\u0131lar\u0131n tad\u0131n\u0131 \u00e7\u0131kar\u0131n.<\/p>","protected":false},"excerpt":{"rendered":"<p>Gitar bask\u0131l\u0131 bir g\u00f6mlekle \u00e7ocuklara ilham verin. \u00d6zel gitar ti\u015f\u00f6rtleri, herhangi bir foto\u011fraf\u0131 e\u011flenceli, t\u00fcr\u00fcn\u00fcn tek \u00f6rne\u011fi bir ti\u015f\u00f6rte d\u00f6n\u00fc\u015ft\u00fcr\u00fcr.<\/p>","protected":false},"featured_media":134538,"comment_status":"open","ping_status":"closed","template":"","meta":{"_acf_changed":false},"product_brand":[],"product_cat":[6189,6123,6412,6428,58],"product_tag":[6433,6439,6221],"class_list":{"0":"post-42534","1":"product","2":"type-product","3":"status-publish","4":"has-post-thumbnail","6":"product_cat-boys-t-shirts","7":"product_cat-custom-gifts-ai-guitar","8":"product_cat-photo-to-tees","9":"product_cat-translate-products","10":"product_cat-youth-kids","11":"product_tag-ai-artwork","12":"product_tag-ai-kids-artwork","13":"product_tag-custom-t-shirts-near-me","15":"first","16":"instock","17":"taxable","18":"shipping-taxable","19":"purchasable","20":"product-type-simple"},"acf":[],"wcpa_form_fields":null,"_links":{"self":[{"href":"https:\/\/www.customywear.com\/tr\/wp-json\/wp\/v2\/product\/42534","targetHints":{"allow":["GET"]}}],"collection":[{"href":"https:\/\/www.customywear.com\/tr\/wp-json\/wp\/v2\/product"}],"about":[{"href":"https:\/\/www.customywear.com\/tr\/wp-json\/wp\/v2\/types\/product"}],"replies":[{"embeddable":true,"href":"https:\/\/www.customywear.com\/tr\/wp-json\/wp\/v2\/comments?post=42534"}],"wp:featuredmedia":[{"embeddable":true,"href":"https:\/\/www.customywear.com\/tr\/wp-json\/wp\/v2\/media\/134538"}],"wp:attachment":[{"href":"https:\/\/www.customywear.com\/tr\/wp-json\/wp\/v2\/media?parent=42534"}],"wp:term":[{"taxonomy":"product_brand","embeddable":true,"href":"https:\/\/www.customywear.com\/tr\/wp-json\/wp\/v2\/product_brand?post=42534"},{"taxonomy":"product_cat","embeddable":true,"href":"https:\/\/www.customywear.com\/tr\/wp-json\/wp\/v2\/product_cat?post=42534"},{"taxonomy":"product_tag","embeddable":true,"href":"https:\/\/www.customywear.com\/tr\/wp-json\/wp\/v2\/product_tag?post=42534"}],"curies":[{"name":"wp","href":"https:\/\/api.w.org\/{rel}","templated":true}]}}