{"id":42545,"date":"2024-09-11T15:29:45","date_gmt":"2024-09-11T15:29:45","guid":{"rendered":"https:\/\/www.customywear.com\/?post_type=product&#038;p=42545"},"modified":"2026-05-07T15:29:43","modified_gmt":"2026-05-07T15:29:43","slug":"gitar-tisort-yegen","status":"publish","type":"product","link":"https:\/\/www.customywear.com\/tr\/guitar-t-shirt-niece\/","title":{"rendered":"K\u0131z Gitar \u00c7alanlar \u0130\u00e7in \u00d6zel Ti\u015f\u00f6rtler \u2013 Ye\u011fen \u0130\u00e7in Gitar Ti\u015f\u00f6rt\u00fc \u2013 Gen\u00e7 \u00c7ocuklar \u0130\u00e7in M\u00fczik \u0130lham\u0131 Ti\u015f\u00f6rt\u00fc"},"content":{"rendered":"<p>K\u0131z Gitaristler \u0130\u00e7in \u00d6zel Ti\u015f\u00f6rtler \u2013 Foto\u011fraflar\u0131n\u0131zdan haz\u0131rlanm\u0131\u015f benzersiz bir tasar\u0131ma sahip Ye\u011feniniz i\u00e7in Gitar Ti\u015f\u00f6rt\u00fcm\u00fczle ye\u011feninizi sevindirin. Gitaristler i\u00e7in bu Ti\u015f\u00f6rtler, konfor i\u00e7in Yumu\u015fak 0 Pamuktan ve uzun s\u00fcreli kullan\u0131m i\u00e7in Birinci S\u0131n\u0131f Kaliteden \u00fcretilmi\u015ftir. Normal Kesim ve Unisex tasar\u0131m\u0131yla g\u00fcnl\u00fck kullan\u0131m i\u00e7in idealdir. Y\u00fcksek Kaliteli DTG Bask\u0131 ve \u00f6zelle\u015ftirilmi\u015f Dijital Sanat ile canl\u0131, dayan\u0131kl\u0131 bask\u0131lar\u0131n tad\u0131n\u0131 \u00e7\u0131kar\u0131n.<\/p>","protected":false},"excerpt":{"rendered":"<p>K\u0131z gitaristler i\u00e7in \u00f6zel ti\u015f\u00f6rtlerle gen\u00e7 m\u00fczisyenlere ilham verin. Ye\u011fenler i\u00e7in gitar ti\u015f\u00f6rtleri, herhangi bir foto\u011fraf\u0131 benzersiz, m\u00fczik temal\u0131 bir ti\u015f\u00f6rte d\u00f6n\u00fc\u015ft\u00fcr\u00fcr.<\/p>","protected":false},"featured_media":95526,"comment_status":"open","ping_status":"closed","template":"","meta":{"_acf_changed":false},"product_brand":[],"product_cat":[6193,6123,6412,6428],"product_tag":[6433,6439,6331,6221],"class_list":{"0":"post-42545","1":"product","2":"type-product","3":"status-publish","4":"has-post-thumbnail","6":"product_cat-girls-t-shirts","7":"product_cat-custom-gifts-ai-guitar","8":"product_cat-photo-to-tees","9":"product_cat-translate-products","10":"product_tag-ai-artwork","11":"product_tag-ai-kids-artwork","12":"product_tag-custom-picture-t-shirt-for-girls","13":"product_tag-custom-t-shirts-near-me","15":"first","16":"instock","17":"taxable","18":"shipping-taxable","19":"purchasable","20":"product-type-simple"},"acf":[],"wcpa_form_fields":null,"_links":{"self":[{"href":"https:\/\/www.customywear.com\/tr\/wp-json\/wp\/v2\/product\/42545","targetHints":{"allow":["GET"]}}],"collection":[{"href":"https:\/\/www.customywear.com\/tr\/wp-json\/wp\/v2\/product"}],"about":[{"href":"https:\/\/www.customywear.com\/tr\/wp-json\/wp\/v2\/types\/product"}],"replies":[{"embeddable":true,"href":"https:\/\/www.customywear.com\/tr\/wp-json\/wp\/v2\/comments?post=42545"}],"wp:featuredmedia":[{"embeddable":true,"href":"https:\/\/www.customywear.com\/tr\/wp-json\/wp\/v2\/media\/95526"}],"wp:attachment":[{"href":"https:\/\/www.customywear.com\/tr\/wp-json\/wp\/v2\/media?parent=42545"}],"wp:term":[{"taxonomy":"product_brand","embeddable":true,"href":"https:\/\/www.customywear.com\/tr\/wp-json\/wp\/v2\/product_brand?post=42545"},{"taxonomy":"product_cat","embeddable":true,"href":"https:\/\/www.customywear.com\/tr\/wp-json\/wp\/v2\/product_cat?post=42545"},{"taxonomy":"product_tag","embeddable":true,"href":"https:\/\/www.customywear.com\/tr\/wp-json\/wp\/v2\/product_tag?post=42545"}],"curies":[{"name":"wp","href":"https:\/\/api.w.org\/{rel}","templated":true}]}}